{"id":9,"date":"2026-02-21T11:18:54","date_gmt":"2026-02-21T10:18:54","guid":{"rendered":"https:\/\/steinzgerhof.com\/?page_id=9"},"modified":"2026-02-26T16:14:17","modified_gmt":"2026-02-26T15:14:17","slug":"ferienwohnung-in-antholz-steinzgerhof-suedtirol","status":"publish","type":"page","link":"https:\/\/steinzgerhof.com\/it\/","title":{"rendered":"Benvenuti"},"content":{"rendered":"\r\n<div style=\"height:100px\" aria-hidden=\"true\" class=\"wp-block-spacer\"><\/div>\r\n\r\n\r\n\r\n<p>Benvenuti allo Steinzgerhof \u2013 uno storico maso ereditario nel cuore dell\u2019Alto Adige. Da generazioni il nostro agriturismo \u00e8 gestito con grande dedizione e rispetto per la natura, gli animali e le persone. Quello che un tempo era un piccolo maso a conduzione familiare \u00e8 oggi un luogo dove gli ospiti arrivano, respirano a pieni polmoni e si sentono subito a casa.<\/p>\r\n\r\n\r\n\r\n<p>Qui si uniscono tradizione contadina, autentica ospitalit\u00e0 e il desiderio di offrire ai nostri ospiti una vacanza che rimanga nel cuore: genuina e a contatto con la natura, dove anche i piccoli momenti diventano qualcosa di speciale.<\/p>\r\n\r\n\r\n\r\n<p>Volete saperne di pi\u00f9 sul maso e sui vostri ospitanti?<\/p>\r\n\r\n\r\n\r\n<div class=\"wp-block-buttons is-layout-flex wp-block-buttons-is-layout-flex\">\r\n<div class=\"wp-block-button has-custom-width wp-block-button__width-25 is-style-fill\"><a class=\"wp-block-button__link has-text-color has-link-color wp-element-button\" href=\"https:\/\/steinzgerhof.com\/it\/chi-siamo-steinzgerhof-ad-anterselva\/\" style=\"border-top-left-radius:100px;border-top-right-radius:100px;border-bottom-left-radius:100px;border-bottom-right-radius:100px;color:#c0c3e6\">Chi siamo<\/a><\/div>\r\n<\/div>\r\n\r\n\r\n\r\n<div style=\"height:50px\" aria-hidden=\"true\" class=\"wp-block-spacer\"><\/div>\r\n\r\n\r\n\r\n<h2 class=\"wp-block-heading\">Vacanza in agriturismo per grandi e piccoli<\/h2>\r\n\r\n\r\n\r\n<figure class=\"wp-block-image size-full\"><img loading=\"lazy\" decoding=\"async\" width=\"1200\" height=\"628\" src=\"https:\/\/steinzgerhof.com\/wp-content\/uploads\/2026\/02\/2021-07_Family-Antholzer-See-_-cManuel-Kottersteger_Archiv-Tourist-Info-Antholzertal.png\" alt=\"\" class=\"wp-image-64\" srcset=\"https:\/\/steinzgerhof.com\/wp-content\/uploads\/2026\/02\/2021-07_Family-Antholzer-See-_-cManuel-Kottersteger_Archiv-Tourist-Info-Antholzertal.png 1200w, https:\/\/steinzgerhof.com\/wp-content\/uploads\/2026\/02\/2021-07_Family-Antholzer-See-_-cManuel-Kottersteger_Archiv-Tourist-Info-Antholzertal-300x157.png 300w, https:\/\/steinzgerhof.com\/wp-content\/uploads\/2026\/02\/2021-07_Family-Antholzer-See-_-cManuel-Kottersteger_Archiv-Tourist-Info-Antholzertal-1024x536.png 1024w, https:\/\/steinzgerhof.com\/wp-content\/uploads\/2026\/02\/2021-07_Family-Antholzer-See-_-cManuel-Kottersteger_Archiv-Tourist-Info-Antholzertal-768x402.png 768w\" sizes=\"auto, (max-width: 1200px) 100vw, 1200px\" \/><\/figure>\r\n\r\n\r\n\r\n<p>A volte basta poco per ritrovare se stessi: aria fresca di montagna, una sensazione di libert\u00e0 e la quiete della natura. Allo Steinzgerhof troverete proprio questo rifugio: circondati da montagne, prati e boschi, lontano dalla frenesia quotidiana.<\/p>\r\n\r\n\r\n\r\n<p>Mentre gli adulti si godono il silenzio, il panorama e la vicinanza alla natura, per i nostri piccoli ospiti c\u2019\u00e8 ogni giorno qualcosa di nuovo da scoprire. Vivere gli animali da vicino, coccolare i gatti del maso, osservare le mucche o semplicemente giocare all\u2019aperto \u2013 in agriturismo ogni giorno diventa una piccola avventura.<\/p>\r\n\r\n\r\n\r\n<p>Che cerchiate tranquillit\u00e0, vogliate ricaricare le energie o creare ricordi di vacanza indimenticabili insieme ai vostri figli: allo Steinzgerhof ognuno trova ci\u00f2 di cui ha bisogno.<\/p>\r\n\r\n\r\n\r\n<div style=\"height:50px\" aria-hidden=\"true\" class=\"wp-block-spacer\"><\/div>\r\n\r\n\r\n\r\n<h2 class=\"wp-block-heading\">Alto Adige \u2013 un rifugio idilliaco nella natura<\/h2>\r\n\r\n\r\n\r\n<figure class=\"wp-block-image size-large\"><img loading=\"lazy\" decoding=\"async\" width=\"1024\" height=\"536\" src=\"https:\/\/steinzgerhof.com\/wp-content\/uploads\/2026\/02\/2021-07_Family-Antholzer-See-_-cManuel-Kottersteger_Archiv-Tourist-Info-Antholzertal-1-1024x536.png\" alt=\"\" class=\"wp-image-65\" srcset=\"https:\/\/steinzgerhof.com\/wp-content\/uploads\/2026\/02\/2021-07_Family-Antholzer-See-_-cManuel-Kottersteger_Archiv-Tourist-Info-Antholzertal-1-1024x536.png 1024w, https:\/\/steinzgerhof.com\/wp-content\/uploads\/2026\/02\/2021-07_Family-Antholzer-See-_-cManuel-Kottersteger_Archiv-Tourist-Info-Antholzertal-1-300x157.png 300w, https:\/\/steinzgerhof.com\/wp-content\/uploads\/2026\/02\/2021-07_Family-Antholzer-See-_-cManuel-Kottersteger_Archiv-Tourist-Info-Antholzertal-1-768x402.png 768w, https:\/\/steinzgerhof.com\/wp-content\/uploads\/2026\/02\/2021-07_Family-Antholzer-See-_-cManuel-Kottersteger_Archiv-Tourist-Info-Antholzertal-1.png 1200w\" sizes=\"auto, (max-width: 1024px) 100vw, 1024px\" \/><\/figure>\r\n\r\n\r\n\r\n<p>L\u2019Alto Adige \u00e8 sinonimo di paesaggi alpini, aria pura di montagna e un connubio unico tra natura, tradizione e qualit\u00e0 della vita. Tra imponenti vette e soleggiati alpeggi, la regione offre innumerevoli possibilit\u00e0 per escursioni, relax e piaceri autentici \u2013 in ogni stagione dell\u2019anno.<\/p>\r\n\r\n\r\n\r\n<p>La Valle di Anterselva, in particolare, affascina per la sua posizione tranquilla, i panorami mozzafiato e il forte legame con la natura. Che si tratti di passeggiate rilassanti, sentieri adatti alle famiglie o tour pi\u00f9 impegnativi per gli ospiti attivi e amanti dell\u2019avventura, qui la routine quotidiana viene rapidamente dimenticata. La valle \u00e8 ideale per chi cerca riposo senza rinunciare alla variet\u00e0 \u2013 e per le famiglie che desiderano vivere la natura insieme.<\/p>\r\n\r\n\r\n\r\n<div class=\"wp-block-buttons is-layout-flex wp-block-buttons-is-layout-flex\">\r\n<div class=\"wp-block-button\"><a class=\"wp-block-button__link has-text-color has-link-color wp-element-button\" href=\"https:\/\/steinzgerhof.com\/it\/vacanza-ad-anterselva-natura-attivita\/\" style=\"color:#c0c3e6\">Dintorni<\/a><\/div>\r\n<\/div>\r\n\r\n\r\n\r\n<div style=\"height:50px\" aria-hidden=\"true\" class=\"wp-block-spacer\"><\/div>\r\n\r\n\r\n\r\n<hr class=\"wp-block-separator has-alpha-channel-opacity\"\/>\r\n\r\n\r\n\r\n<div style=\"height:50px\" aria-hidden=\"true\" class=\"wp-block-spacer\"><\/div>\r\n\r\n\r\n\r\n<div class=\"wp-block-buttons is-content-justification-center is-layout-flex wp-container-core-buttons-is-layout-8057eaf3 wp-block-buttons-is-layout-flex\">\r\n<div class=\"wp-block-button is-style-fill\"><a class=\"wp-block-button__link has-text-color has-link-color has-text-align-left wp-element-button\" href=\"https:\/\/steinzgerhof.com\/it\/contatto-richiesta-appartamento-anterselva\/\" style=\"color:#c0c3e6\">Richiedi ora la tua vacanza allo Steinzgerhof<\/a><\/div>\r\n<\/div>\r\n\r\n\r\n\r\n<div style=\"height:50px\" aria-hidden=\"true\" class=\"wp-block-spacer\"><\/div>\r\n\r\n\r\n\r\n<hr class=\"wp-block-separator has-alpha-channel-opacity\"\/>\r\n\r\n\r\n\r\n<p><\/p>\r\n","protected":false},"excerpt":{"rendered":"<p>Benvenuti allo Steinzgerhof \u2013 uno storico maso ereditario nel cuore dell\u2019Alto Adige. Da generazioni il nostro agriturismo \u00e8 gestito con grande dedizione e rispetto per la natura, gli animali e le persone. Quello che un tempo era un piccolo maso a conduzione familiare \u00e8 oggi un luogo dove gli ospiti arrivano, respirano a pieni polmoni [&hellip;]<\/p>\n","protected":false},"author":1,"featured_media":0,"parent":0,"menu_order":1,"comment_status":"closed","ping_status":"closed","template":"","meta":{"footnotes":""},"class_list":["post-9","page","type-page","status-publish","hentry"],"yoast_head":"<!-- This site is optimized with the Yoast SEO plugin v27.0 - https:\/\/yoast.com\/product\/yoast-seo-wordpress\/ -->\n<title>Benvenuti<\/title>\n<meta name=\"description\" content=\"Benvenuti allo Steinzgerhof, uno storico maso ereditario nella Valle di Anterselva, Alto Adige. Vivete una pausa di puro relax immersi nelle Alpi.\" \/>\n<meta name=\"robots\" content=\"index, follow, max-snippet:-1, max-image-preview:large, max-video-preview:-1\" \/>\n<link rel=\"canonical\" href=\"http:\/\/Benvenuti%20allo%20Steinzgerhof%20\u2013%20uno%20storico%20maso%20ereditario%20nel%20cuore%20dell\u2019Alto%20Adige.%20Da%20generazioni%20il%20nostro%20agriturismo%20\u00e8%20gestito%20con%20grande%20dedizione%20e%20rispetto%20per%20la%20natura,%20gli%20animali%20e%20le%20persone.%20Quello%20che%20un%20tempo%20era%20un%20piccolo%20maso%20a%20conduzione%20familiare%20\u00e8%20oggi%20un%20luogo%20dove%20gli%20ospiti%20arrivano,%20respirano%20a%20pieni%20polmoni&hellip;\" \/>\n<meta property=\"og:locale\" content=\"it_IT\" \/>\n<meta property=\"og:type\" content=\"article\" \/>\n<meta property=\"og:title\" content=\"Benvenuti\" \/>\n<meta property=\"og:description\" content=\"Benvenuti allo Steinzgerhof, uno storico maso ereditario nella Valle di Anterselva, Alto Adige. Vivete una pausa di puro relax immersi nelle Alpi.\" \/>\n<meta property=\"og:url\" content=\"https:\/\/steinzgerhof.com\/it\/\" \/>\n<meta property=\"og:site_name\" content=\"Steinzgerhof\" \/>\n<meta property=\"article:modified_time\" content=\"2026-02-26T15:14:17+00:00\" \/>\n<meta property=\"og:image\" content=\"https:\/\/steinzgerhof.com\/wp-content\/uploads\/2026\/02\/2021-07_Family-Antholzer-See-_-cManuel-Kottersteger_Archiv-Tourist-Info-Antholzertal.png\" \/>\n\t<meta property=\"og:image:width\" content=\"1200\" \/>\n\t<meta property=\"og:image:height\" content=\"628\" \/>\n\t<meta property=\"og:image:type\" content=\"image\/png\" \/>\n<meta name=\"twitter:card\" content=\"summary_large_image\" \/>\n<meta name=\"twitter:label1\" content=\"Tempo di lettura stimato\" \/>\n\t<meta name=\"twitter:data1\" content=\"3 minuti\" \/>\n<script type=\"application\/ld+json\" class=\"yoast-schema-graph\">{\"@context\":\"https:\/\/schema.org\",\"@graph\":[{\"@type\":\"WebPage\",\"@id\":\"https:\/\/steinzgerhof.com\/it\/\",\"url\":\"https:\/\/steinzgerhof.com\/it\/\",\"name\":\"Willkommen - Steinzgerhof\",\"isPartOf\":{\"@id\":\"https:\/\/steinzgerhof.com\/#website\"},\"primaryImageOfPage\":{\"@id\":\"https:\/\/steinzgerhof.com\/it\/#primaryimage\"},\"image\":{\"@id\":\"https:\/\/steinzgerhof.com\/it\/#primaryimage\"},\"thumbnailUrl\":\"https:\/\/steinzgerhof.com\/wp-content\/uploads\/2026\/02\/2021-07_Family-Antholzer-See-_-cManuel-Kottersteger_Archiv-Tourist-Info-Antholzertal.png\",\"datePublished\":\"2026-02-21T10:18:54+00:00\",\"dateModified\":\"2026-02-26T15:14:17+00:00\",\"description\":\"Willkommen am Steinzgerhof, einem traditionsreichen Erbhof im Antholzertal, S\u00fcdtirol. Erleben Sie eine entspannte Auszeit umgeben von Alpen.\",\"breadcrumb\":{\"@id\":\"https:\/\/steinzgerhof.com\/it\/#breadcrumb\"},\"inLanguage\":\"it-IT\",\"potentialAction\":[{\"@type\":\"ReadAction\",\"target\":[\"https:\/\/steinzgerhof.com\/it\/\"]}]},{\"@type\":\"ImageObject\",\"inLanguage\":\"it-IT\",\"@id\":\"https:\/\/steinzgerhof.com\/it\/#primaryimage\",\"url\":\"https:\/\/steinzgerhof.com\/wp-content\/uploads\/2026\/02\/2021-07_Family-Antholzer-See-_-cManuel-Kottersteger_Archiv-Tourist-Info-Antholzertal.png\",\"contentUrl\":\"https:\/\/steinzgerhof.com\/wp-content\/uploads\/2026\/02\/2021-07_Family-Antholzer-See-_-cManuel-Kottersteger_Archiv-Tourist-Info-Antholzertal.png\"},{\"@type\":\"BreadcrumbList\",\"@id\":\"https:\/\/steinzgerhof.com\/it\/#breadcrumb\",\"itemListElement\":[{\"@type\":\"ListItem\",\"position\":1,\"name\":\"Benvenuti\",\"item\":\"https:\/\/steinzgerhof.com\/\"},{\"@type\":\"ListItem\",\"position\":2,\"name\":\"Benvenuti\"}]},{\"@type\":\"WebSite\",\"@id\":\"https:\/\/steinzgerhof.com\/it\/#website\",\"url\":\"https:\/\/steinzgerhof.com\/it\/\",\"name\":\"Steinzgerhof\",\"description\":\"\",\"publisher\":{\"@id\":\"https:\/\/steinzgerhof.com\/it\/#organization\"},\"potentialAction\":[{\"@type\":\"SearchAction\",\"target\":{\"@type\":\"EntryPoint\",\"urlTemplate\":\"https:\/\/steinzgerhof.com\/it\/?s={search_term_string}\"},\"query-input\":{\"@type\":\"PropertyValueSpecification\",\"valueRequired\":true,\"valueName\":\"search_term_string\"}}],\"inLanguage\":\"it-IT\"},{\"@type\":\"Organization\",\"@id\":\"https:\/\/steinzgerhof.com\/it\/#organization\",\"name\":\"Steinzgerhof\",\"url\":\"https:\/\/steinzgerhof.com\/it\/\",\"logo\":{\"@type\":\"ImageObject\",\"inLanguage\":\"it-IT\",\"@id\":\"https:\/\/steinzgerhof.com\/it\/#\/schema\/logo\/image\/\",\"url\":\"https:\/\/steinzgerhof.com\/wp-content\/uploads\/2026\/02\/steinzgerhof_logo.png\",\"contentUrl\":\"https:\/\/steinzgerhof.com\/wp-content\/uploads\/2026\/02\/steinzgerhof_logo.png\",\"width\":350,\"height\":69,\"caption\":\"Steinzgerhof\"},\"image\":{\"@id\":\"https:\/\/steinzgerhof.com\/it\/#\/schema\/logo\/image\/\"}}]}<\/script>\n<!-- \/ Yoast SEO plugin. -->","yoast_head_json":{"title":"Benvenuti","description":"Benvenuti allo Steinzgerhof, uno storico maso ereditario nella Valle di Anterselva, Alto Adige. Vivete una pausa di puro relax immersi nelle Alpi.","robots":{"index":"index","follow":"follow","max-snippet":"max-snippet:-1","max-image-preview":"max-image-preview:large","max-video-preview":"max-video-preview:-1"},"canonical":"Benvenuti allo Steinzgerhof \u2013 uno storico maso ereditario nel cuore dell\u2019Alto Adige. Da generazioni il nostro agriturismo \u00e8 gestito con grande dedizione e rispetto per la natura, gli animali e le persone. Quello che un tempo era un piccolo maso a conduzione familiare \u00e8 oggi un luogo dove gli ospiti arrivano, respirano a pieni polmoni&hellip;","og_locale":"it_IT","og_type":"article","og_title":"Benvenuti","og_description":"Benvenuti allo Steinzgerhof, uno storico maso ereditario nella Valle di Anterselva, Alto Adige. Vivete una pausa di puro relax immersi nelle Alpi.","og_url":"https:\/\/steinzgerhof.com\/it\/","og_site_name":"Steinzgerhof","article_modified_time":"2026-02-26T15:14:17+00:00","og_image":[{"width":1200,"height":628,"url":"https:\/\/steinzgerhof.com\/wp-content\/uploads\/2026\/02\/2021-07_Family-Antholzer-See-_-cManuel-Kottersteger_Archiv-Tourist-Info-Antholzertal.png","type":"image\/png"}],"twitter_card":"summary_large_image","twitter_misc":{"Tempo di lettura stimato":"3 minuti"},"schema":{"@context":"https:\/\/schema.org","@graph":[{"@type":"WebPage","@id":"https:\/\/steinzgerhof.com\/it\/","url":"https:\/\/steinzgerhof.com\/it\/","name":"Willkommen - Steinzgerhof","isPartOf":{"@id":"https:\/\/steinzgerhof.com\/#website"},"primaryImageOfPage":{"@id":"https:\/\/steinzgerhof.com\/it\/#primaryimage"},"image":{"@id":"https:\/\/steinzgerhof.com\/it\/#primaryimage"},"thumbnailUrl":"https:\/\/steinzgerhof.com\/wp-content\/uploads\/2026\/02\/2021-07_Family-Antholzer-See-_-cManuel-Kottersteger_Archiv-Tourist-Info-Antholzertal.png","datePublished":"2026-02-21T10:18:54+00:00","dateModified":"2026-02-26T15:14:17+00:00","description":"Willkommen am Steinzgerhof, einem traditionsreichen Erbhof im Antholzertal, S\u00fcdtirol. Erleben Sie eine entspannte Auszeit umgeben von Alpen.","breadcrumb":{"@id":"https:\/\/steinzgerhof.com\/it\/#breadcrumb"},"inLanguage":"it-IT","potentialAction":[{"@type":"ReadAction","target":["https:\/\/steinzgerhof.com\/it\/"]}]},{"@type":"ImageObject","inLanguage":"it-IT","@id":"https:\/\/steinzgerhof.com\/it\/#primaryimage","url":"https:\/\/steinzgerhof.com\/wp-content\/uploads\/2026\/02\/2021-07_Family-Antholzer-See-_-cManuel-Kottersteger_Archiv-Tourist-Info-Antholzertal.png","contentUrl":"https:\/\/steinzgerhof.com\/wp-content\/uploads\/2026\/02\/2021-07_Family-Antholzer-See-_-cManuel-Kottersteger_Archiv-Tourist-Info-Antholzertal.png"},{"@type":"BreadcrumbList","@id":"https:\/\/steinzgerhof.com\/it\/#breadcrumb","itemListElement":[{"@type":"ListItem","position":1,"name":"Benvenuti","item":"https:\/\/steinzgerhof.com\/"},{"@type":"ListItem","position":2,"name":"Benvenuti"}]},{"@type":"WebSite","@id":"https:\/\/steinzgerhof.com\/it\/#website","url":"https:\/\/steinzgerhof.com\/it\/","name":"Steinzgerhof","description":"","publisher":{"@id":"https:\/\/steinzgerhof.com\/it\/#organization"},"potentialAction":[{"@type":"SearchAction","target":{"@type":"EntryPoint","urlTemplate":"https:\/\/steinzgerhof.com\/it\/?s={search_term_string}"},"query-input":{"@type":"PropertyValueSpecification","valueRequired":true,"valueName":"search_term_string"}}],"inLanguage":"it-IT"},{"@type":"Organization","@id":"https:\/\/steinzgerhof.com\/it\/#organization","name":"Steinzgerhof","url":"https:\/\/steinzgerhof.com\/it\/","logo":{"@type":"ImageObject","inLanguage":"it-IT","@id":"https:\/\/steinzgerhof.com\/it\/#\/schema\/logo\/image\/","url":"https:\/\/steinzgerhof.com\/wp-content\/uploads\/2026\/02\/steinzgerhof_logo.png","contentUrl":"https:\/\/steinzgerhof.com\/wp-content\/uploads\/2026\/02\/steinzgerhof_logo.png","width":350,"height":69,"caption":"Steinzgerhof"},"image":{"@id":"https:\/\/steinzgerhof.com\/it\/#\/schema\/logo\/image\/"}}]}},"_links":{"self":[{"href":"https:\/\/steinzgerhof.com\/it\/wp-json\/wp\/v2\/pages\/9","targetHints":{"allow":["GET"]}}],"collection":[{"href":"https:\/\/steinzgerhof.com\/it\/wp-json\/wp\/v2\/pages"}],"about":[{"href":"https:\/\/steinzgerhof.com\/it\/wp-json\/wp\/v2\/types\/page"}],"author":[{"embeddable":true,"href":"https:\/\/steinzgerhof.com\/it\/wp-json\/wp\/v2\/users\/1"}],"replies":[{"embeddable":true,"href":"https:\/\/steinzgerhof.com\/it\/wp-json\/wp\/v2\/comments?post=9"}],"version-history":[{"count":13,"href":"https:\/\/steinzgerhof.com\/it\/wp-json\/wp\/v2\/pages\/9\/revisions"}],"predecessor-version":[{"id":270,"href":"https:\/\/steinzgerhof.com\/it\/wp-json\/wp\/v2\/pages\/9\/revisions\/270"}],"wp:attachment":[{"href":"https:\/\/steinzgerhof.com\/it\/wp-json\/wp\/v2\/media?parent=9"}],"curies":[{"name":"wp","href":"https:\/\/api.w.org\/{rel}","templated":true}]}}