{"id":25,"date":"2026-02-21T11:26:22","date_gmt":"2026-02-21T10:26:22","guid":{"rendered":"https:\/\/steinzgerhof.com\/?page_id=25"},"modified":"2026-02-26T16:28:15","modified_gmt":"2026-02-26T15:28:15","slug":"ueber-uns-steinzgerhof-in-antholz","status":"publish","type":"page","link":"https:\/\/steinzgerhof.com\/it\/chi-siamo-steinzgerhof-ad-anterselva\/","title":{"rendered":"Chi siamo"},"content":{"rendered":"\r\n<h1 class=\"wp-block-heading has-text-color has-link-color wp-elements-0c4b61188be39e0ccafe7ea9dd1e6286\" style=\"color:#3b4d57\"><strong>La nostra storia \u2013 Tradizione, ospitalit\u00e0 e radici<\/strong><\/h1>\r\n\r\n\r\n\r\n<p>Al Steinzgerhof in ogni angolo si percepisce il profondo legame con la terra, gli animali e la tradizione. Dal <strong>1749<\/strong> la nostra fattoria viene trasmessa ininterrottamente all&#8217;interno della <strong>famiglia Passler<\/strong>. Oltre 275 anni di storia familiare, portati avanti con orgoglio fino ad oggi. Per questa straordinaria continuit\u00e0, la nostra fattoria ha ricevuto il riconoscimento speciale di &#8220;Erbhof&#8221;: un segno di tradizione vissuta e responsabilit\u00e0 attraverso le generazioni.<\/p>\r\n\r\n\r\n\r\n<p>La principale attivit\u00e0 della nostra fattoria \u00e8 da sempre la produzione di latte. Il lavoro con le mucche, la gestione dei prati e la vita secondo il ritmo delle stagioni caratterizzano le nostre giornate. Qui l\u2019agricoltura non \u00e8 solo praticata, ma vissuta con convinzione e rispetto per la natura e gli animali.<\/p>\r\n\r\n\r\n\r\n<div style=\"height:30px\" aria-hidden=\"true\" class=\"wp-block-spacer\"><\/div>\r\n\r\n\r\n\r\n<figure class=\"wp-block-image size-large\"><img loading=\"lazy\" decoding=\"async\" width=\"1024\" height=\"536\" src=\"https:\/\/steinzgerhof.com\/wp-content\/uploads\/2026\/02\/Stall-Blick-1024x536.png\" alt=\"\" class=\"wp-image-209\" srcset=\"https:\/\/steinzgerhof.com\/wp-content\/uploads\/2026\/02\/Stall-Blick-1024x536.png 1024w, https:\/\/steinzgerhof.com\/wp-content\/uploads\/2026\/02\/Stall-Blick-300x157.png 300w, https:\/\/steinzgerhof.com\/wp-content\/uploads\/2026\/02\/Stall-Blick-768x402.png 768w, https:\/\/steinzgerhof.com\/wp-content\/uploads\/2026\/02\/Stall-Blick.png 1200w\" sizes=\"auto, (max-width: 1024px) 100vw, 1024px\" \/><\/figure>\r\n\r\n\r\n\r\n<div style=\"height:30px\" aria-hidden=\"true\" class=\"wp-block-spacer\"><\/div>\r\n\r\n\r\n\r\n<p>Nel 2006 l\u2019attuale proprietario, <strong>Josef Passler<\/strong>, ha deciso di rinnovare la fattoria. L\u2019antica casa \u00e8 stata sostituita da un edificio moderno che oggi ospita i nostri accoglienti appartamenti per le vacanze.<\/p>\r\n\r\n\r\n\r\n<div class=\"wp-block-group is-nowrap is-layout-flex wp-container-core-group-is-layout-ad2f72ca wp-block-group-is-layout-flex\">\r\n<p>Un cuore pulsante della fattoria \u00e8 costituito dal <strong>fienile<\/strong>. Le sue mura portano i segni di secoli di vita contadina, dall\u2019alba fino alle ore tranquille della sera. Collega il passato al presente e ricorda che la tradizione non si ferma, ma continua a vivere. \u00c8 proprio questa radicata autenticit\u00e0 che gli ospiti percepiscono cos\u00ec intensamente.<\/p>\r\n<\/div>\r\n\r\n\r\n\r\n<div class=\"wp-block-group is-nowrap is-layout-flex wp-container-core-group-is-layout-ad2f72ca wp-block-group-is-layout-flex\">\r\n<div class=\"wp-block-media-text is-stacked-on-mobile is-vertically-aligned-center is-image-fill-element\" style=\"grid-template-columns:40% auto\"><figure class=\"wp-block-media-text__media\"><img loading=\"lazy\" decoding=\"async\" width=\"768\" height=\"1024\" src=\"https:\/\/steinzgerhof.com\/wp-content\/uploads\/2026\/02\/1ad2065e-b59f-4a9d-ba57-8581923c7800-768x1024.jpg\" alt=\"\" class=\"wp-image-231 size-full\" style=\"object-position:44% 79%\" srcset=\"https:\/\/steinzgerhof.com\/wp-content\/uploads\/2026\/02\/1ad2065e-b59f-4a9d-ba57-8581923c7800-768x1024.jpg 768w, https:\/\/steinzgerhof.com\/wp-content\/uploads\/2026\/02\/1ad2065e-b59f-4a9d-ba57-8581923c7800-225x300.jpg 225w, https:\/\/steinzgerhof.com\/wp-content\/uploads\/2026\/02\/1ad2065e-b59f-4a9d-ba57-8581923c7800-1152x1536.jpg 1152w, https:\/\/steinzgerhof.com\/wp-content\/uploads\/2026\/02\/1ad2065e-b59f-4a9d-ba57-8581923c7800.jpg 1536w\" sizes=\"auto, (max-width: 768px) 100vw, 768px\" \/><\/figure><div class=\"wp-block-media-text__content\">\r\n<p>Josef ha ereditato la fattoria dal padre e la gestisce insieme alla moglie <strong>Viola<\/strong> con grande dedizione. Insieme accolgono calorosamente ospiti nuovi e di ritorno, raccontano volentieri la vita alla fattoria e condividono l\u2019amore per questo angolo speciale dell\u2019Alto Adige.<\/p>\r\n<\/div><\/div>\r\n<\/div>\r\n\r\n\r\n\r\n<div style=\"height:50px\" aria-hidden=\"true\" class=\"wp-block-spacer\"><\/div>\r\n\r\n\r\n\r\n<h3 class=\"wp-block-heading\"><em>La cappella di S. Giuseppe \u2013 Un\u2019eredit\u00e0 di fede e gratitudine<\/em><\/h3>\r\n\r\n\r\n\r\n<div style=\"height:30px\" aria-hidden=\"true\" class=\"wp-block-spacer\"><\/div>\r\n\r\n\r\n\r\n<figure class=\"wp-block-image size-large\"><img loading=\"lazy\" decoding=\"async\" width=\"1024\" height=\"536\" src=\"https:\/\/steinzgerhof.com\/wp-content\/uploads\/2026\/02\/Steinzgerkapelle-1024x536.png\" alt=\"\" class=\"wp-image-207\" srcset=\"https:\/\/steinzgerhof.com\/wp-content\/uploads\/2026\/02\/Steinzgerkapelle-1024x536.png 1024w, https:\/\/steinzgerhof.com\/wp-content\/uploads\/2026\/02\/Steinzgerkapelle-300x157.png 300w, https:\/\/steinzgerhof.com\/wp-content\/uploads\/2026\/02\/Steinzgerkapelle-768x402.png 768w, https:\/\/steinzgerhof.com\/wp-content\/uploads\/2026\/02\/Steinzgerkapelle.png 1200w\" sizes=\"auto, (max-width: 1024px) 100vw, 1024px\" \/><\/figure>\r\n\r\n\r\n\r\n<div style=\"height:30px\" aria-hidden=\"true\" class=\"wp-block-spacer\"><\/div>\r\n\r\n\r\n\r\n<p>Una parte molto speciale della storia del Steinzgerhof \u00e8 la cappella dedicata a <strong>San Giuseppe<\/strong>, strettamente legata alla fattoria. Fu costruita e donata nel <strong>1815<\/strong> da Jacob e Thomas Passler.<\/p>\r\n\r\n\r\n\r\n<p>La costruzione della cappella nasce da un voto: un antenato della famiglia promise, in un periodo di grande incertezza, di erigere una cappella in caso di ritorno sicuro a casa. La promessa \u00e8 stata mantenuta, creando un luogo che racconta ancora oggi fede, speranza e legame familiare.<\/p>\r\n\r\n\r\n\r\n<div class=\"wp-block-media-text has-media-on-the-right is-stacked-on-mobile is-image-fill-element\"><div class=\"wp-block-media-text__content\">\r\n<p>All\u2019interno della cappella si trova un prezioso testimone storico-artistico: l\u2019affresco del soffitto del 1835 realizzato da <strong>Josef Renzler<\/strong>, che conferisce all\u2019edificio sacro una dignit\u00e0 silenziosa. Per generazioni, la cappella non \u00e8 stata solo un luogo di preghiera, ma anche di riflessione. Per la famiglia e per la comunit\u00e0 della valle.<\/p>\r\n<\/div><figure class=\"wp-block-media-text__media\"><img loading=\"lazy\" decoding=\"async\" width=\"1024\" height=\"536\" src=\"https:\/\/steinzgerhof.com\/wp-content\/uploads\/2026\/02\/Steinzgerkapelle-Innen-1024x536.png\" alt=\"\" class=\"wp-image-210 size-full\" style=\"object-position:42% 47%\" srcset=\"https:\/\/steinzgerhof.com\/wp-content\/uploads\/2026\/02\/Steinzgerkapelle-Innen-1024x536.png 1024w, https:\/\/steinzgerhof.com\/wp-content\/uploads\/2026\/02\/Steinzgerkapelle-Innen-300x157.png 300w, https:\/\/steinzgerhof.com\/wp-content\/uploads\/2026\/02\/Steinzgerkapelle-Innen-768x402.png 768w, https:\/\/steinzgerhof.com\/wp-content\/uploads\/2026\/02\/Steinzgerkapelle-Innen.png 1200w\" sizes=\"auto, (max-width: 1024px) 100vw, 1024px\" \/><\/figure><\/div>\r\n\r\n\r\n\r\n<div style=\"height:50px\" aria-hidden=\"true\" class=\"wp-block-spacer\"><\/div>\r\n\r\n\r\n\r\n<div class=\"wp-block-buttons is-content-justification-center is-layout-flex wp-container-core-buttons-is-layout-16018d1d wp-block-buttons-is-layout-flex\">\r\n<div class=\"wp-block-button\"><a class=\"wp-block-button__link has-text-color has-link-color wp-element-button\" href=\"https:\/\/steinzgerhof.com\/it\/contatto-richiesta-appartamento-anterselva\/\" style=\"color:#c0c3e6\">Richiedi un appartamento al Steinzgerhof<\/a><\/div>\r\n<\/div>\r\n\r\n\r\n\r\n<div style=\"height:50px\" aria-hidden=\"true\" class=\"wp-block-spacer\"><\/div>\r\n","protected":false},"excerpt":{"rendered":"<p>La nostra storia \u2013 Tradizione, ospitalit\u00e0 e radici Al Steinzgerhof in ogni angolo si percepisce il profondo legame con la terra, gli animali e la tradizione. Dal 1749 la nostra fattoria viene trasmessa ininterrottamente all&#8217;interno della famiglia Passler. Oltre 275 anni di storia familiare, portati avanti con orgoglio fino ad oggi. Per questa straordinaria continuit\u00e0, [&hellip;]<\/p>\n","protected":false},"author":1,"featured_media":0,"parent":0,"menu_order":5,"comment_status":"closed","ping_status":"closed","template":"","meta":{"footnotes":""},"class_list":["post-25","page","type-page","status-publish","hentry"],"yoast_head":"<!-- This site is optimized with the Yoast SEO plugin v27.0 - https:\/\/yoast.com\/product\/yoast-seo-wordpress\/ -->\n<title>Chi siamo<\/title>\n<meta name=\"description\" content=\"Scopri il Steinzgerhof e la famiglia Passler \u2013 tradizione, agricoltura e autentica ospitalit\u00e0 altoatesina.\" \/>\n<meta name=\"robots\" content=\"index, follow, max-snippet:-1, max-image-preview:large, max-video-preview:-1\" \/>\n<link rel=\"canonical\" href=\"http:\/\/La%20nostra%20storia%20\u2013%20Tradizione,%20ospitalit\u00e0%20e%20radici%20Al%20Steinzgerhof%20in%20ogni%20angolo%20si%20percepisce%20il%20profondo%20legame%20con%20la%20terra,%20gli%20animali%20e%20la%20tradizione.%20Dal%201749%20la%20nostra%20fattoria%20viene%20trasmessa%20ininterrottamente%20all'interno%20della%20famiglia%20Passler.%20Oltre%20275%20anni%20di%20storia%20familiare,%20portati%20avanti%20con%20orgoglio%20fino%20ad%20oggi.%20Per%20questa%20straordinaria%20continuit\u00e0,&hellip;\" \/>\n<meta property=\"og:locale\" content=\"it_IT\" \/>\n<meta property=\"og:type\" content=\"article\" \/>\n<meta property=\"og:title\" content=\"Chi siamo\" \/>\n<meta property=\"og:description\" content=\"Scopri il Steinzgerhof e la famiglia Passler \u2013 tradizione, agricoltura e autentica ospitalit\u00e0 altoatesina.\" \/>\n<meta property=\"og:url\" content=\"https:\/\/steinzgerhof.com\/it\/chi-siamo-steinzgerhof-ad-anterselva\/\" \/>\n<meta property=\"og:site_name\" content=\"Steinzgerhof\" \/>\n<meta property=\"article:modified_time\" content=\"2026-02-26T15:28:15+00:00\" \/>\n<meta property=\"og:image\" content=\"https:\/\/steinzgerhof.com\/wp-content\/uploads\/2026\/02\/Stall-Blick.png\" \/>\n\t<meta property=\"og:image:width\" content=\"1200\" \/>\n\t<meta property=\"og:image:height\" content=\"628\" \/>\n\t<meta property=\"og:image:type\" content=\"image\/png\" \/>\n<meta name=\"twitter:card\" content=\"summary_large_image\" \/>\n<meta name=\"twitter:label1\" content=\"Tempo di lettura stimato\" \/>\n\t<meta name=\"twitter:data1\" content=\"4 minuti\" \/>\n<script type=\"application\/ld+json\" class=\"yoast-schema-graph\">{\"@context\":\"https:\/\/schema.org\",\"@graph\":[{\"@type\":\"WebPage\",\"@id\":\"https:\/\/steinzgerhof.com\/it\/chi-siamo-steinzgerhof-ad-anterselva\/\",\"url\":\"https:\/\/steinzgerhof.com\/it\/chi-siamo-steinzgerhof-ad-anterselva\/\",\"name\":\"\u00dcber uns - Steinzgerhof\",\"isPartOf\":{\"@id\":\"https:\/\/steinzgerhof.com\/#website\"},\"primaryImageOfPage\":{\"@id\":\"https:\/\/steinzgerhof.com\/it\/chi-siamo-steinzgerhof-ad-anterselva\/#primaryimage\"},\"image\":{\"@id\":\"https:\/\/steinzgerhof.com\/it\/chi-siamo-steinzgerhof-ad-anterselva\/#primaryimage\"},\"thumbnailUrl\":\"https:\/\/steinzgerhof.com\/wp-content\/uploads\/2026\/02\/Stall-Blick.png\",\"datePublished\":\"2026-02-21T10:26:22+00:00\",\"dateModified\":\"2026-02-26T15:28:15+00:00\",\"description\":\"Lernen Sie den Steinzgerhof und Familie Passler kennen \u2013 Tradition, Landwirtschaft und echte S\u00fcdtiroler Gastfreundschaft.\",\"breadcrumb\":{\"@id\":\"https:\/\/steinzgerhof.com\/it\/chi-siamo-steinzgerhof-ad-anterselva\/#breadcrumb\"},\"inLanguage\":\"it-IT\",\"potentialAction\":[{\"@type\":\"ReadAction\",\"target\":[\"https:\/\/steinzgerhof.com\/it\/chi-siamo-steinzgerhof-ad-anterselva\/\"]}]},{\"@type\":\"ImageObject\",\"inLanguage\":\"it-IT\",\"@id\":\"https:\/\/steinzgerhof.com\/it\/chi-siamo-steinzgerhof-ad-anterselva\/#primaryimage\",\"url\":\"https:\/\/steinzgerhof.com\/wp-content\/uploads\/2026\/02\/Stall-Blick.png\",\"contentUrl\":\"https:\/\/steinzgerhof.com\/wp-content\/uploads\/2026\/02\/Stall-Blick.png\"},{\"@type\":\"BreadcrumbList\",\"@id\":\"https:\/\/steinzgerhof.com\/it\/chi-siamo-steinzgerhof-ad-anterselva\/#breadcrumb\",\"itemListElement\":[{\"@type\":\"ListItem\",\"position\":1,\"name\":\"Benvenuti\",\"item\":\"https:\/\/steinzgerhof.com\/\"},{\"@type\":\"ListItem\",\"position\":2,\"name\":\"Chi siamo\"}]},{\"@type\":\"WebSite\",\"@id\":\"https:\/\/steinzgerhof.com\/it\/#website\",\"url\":\"https:\/\/steinzgerhof.com\/it\/\",\"name\":\"Steinzgerhof\",\"description\":\"\",\"publisher\":{\"@id\":\"https:\/\/steinzgerhof.com\/it\/#organization\"},\"potentialAction\":[{\"@type\":\"SearchAction\",\"target\":{\"@type\":\"EntryPoint\",\"urlTemplate\":\"https:\/\/steinzgerhof.com\/it\/?s={search_term_string}\"},\"query-input\":{\"@type\":\"PropertyValueSpecification\",\"valueRequired\":true,\"valueName\":\"search_term_string\"}}],\"inLanguage\":\"it-IT\"},{\"@type\":\"Organization\",\"@id\":\"https:\/\/steinzgerhof.com\/it\/#organization\",\"name\":\"Steinzgerhof\",\"url\":\"https:\/\/steinzgerhof.com\/it\/\",\"logo\":{\"@type\":\"ImageObject\",\"inLanguage\":\"it-IT\",\"@id\":\"https:\/\/steinzgerhof.com\/it\/#\/schema\/logo\/image\/\",\"url\":\"https:\/\/steinzgerhof.com\/wp-content\/uploads\/2026\/02\/steinzgerhof_logo.png\",\"contentUrl\":\"https:\/\/steinzgerhof.com\/wp-content\/uploads\/2026\/02\/steinzgerhof_logo.png\",\"width\":350,\"height\":69,\"caption\":\"Steinzgerhof\"},\"image\":{\"@id\":\"https:\/\/steinzgerhof.com\/it\/#\/schema\/logo\/image\/\"}}]}<\/script>\n<!-- \/ Yoast SEO plugin. -->","yoast_head_json":{"title":"Chi siamo","description":"Scopri il Steinzgerhof e la famiglia Passler \u2013 tradizione, agricoltura e autentica ospitalit\u00e0 altoatesina.","robots":{"index":"index","follow":"follow","max-snippet":"max-snippet:-1","max-image-preview":"max-image-preview:large","max-video-preview":"max-video-preview:-1"},"canonical":"La nostra storia \u2013 Tradizione, ospitalit\u00e0 e radici Al Steinzgerhof in ogni angolo si percepisce il profondo legame con la terra, gli animali e la tradizione. Dal 1749 la nostra fattoria viene trasmessa ininterrottamente all'interno della famiglia Passler. Oltre 275 anni di storia familiare, portati avanti con orgoglio fino ad oggi. Per questa straordinaria continuit\u00e0,&hellip;","og_locale":"it_IT","og_type":"article","og_title":"Chi siamo","og_description":"Scopri il Steinzgerhof e la famiglia Passler \u2013 tradizione, agricoltura e autentica ospitalit\u00e0 altoatesina.","og_url":"https:\/\/steinzgerhof.com\/it\/chi-siamo-steinzgerhof-ad-anterselva\/","og_site_name":"Steinzgerhof","article_modified_time":"2026-02-26T15:28:15+00:00","og_image":[{"width":1200,"height":628,"url":"https:\/\/steinzgerhof.com\/wp-content\/uploads\/2026\/02\/Stall-Blick.png","type":"image\/png"}],"twitter_card":"summary_large_image","twitter_misc":{"Tempo di lettura stimato":"4 minuti"},"schema":{"@context":"https:\/\/schema.org","@graph":[{"@type":"WebPage","@id":"https:\/\/steinzgerhof.com\/it\/chi-siamo-steinzgerhof-ad-anterselva\/","url":"https:\/\/steinzgerhof.com\/it\/chi-siamo-steinzgerhof-ad-anterselva\/","name":"\u00dcber uns - Steinzgerhof","isPartOf":{"@id":"https:\/\/steinzgerhof.com\/#website"},"primaryImageOfPage":{"@id":"https:\/\/steinzgerhof.com\/it\/chi-siamo-steinzgerhof-ad-anterselva\/#primaryimage"},"image":{"@id":"https:\/\/steinzgerhof.com\/it\/chi-siamo-steinzgerhof-ad-anterselva\/#primaryimage"},"thumbnailUrl":"https:\/\/steinzgerhof.com\/wp-content\/uploads\/2026\/02\/Stall-Blick.png","datePublished":"2026-02-21T10:26:22+00:00","dateModified":"2026-02-26T15:28:15+00:00","description":"Lernen Sie den Steinzgerhof und Familie Passler kennen \u2013 Tradition, Landwirtschaft und echte S\u00fcdtiroler Gastfreundschaft.","breadcrumb":{"@id":"https:\/\/steinzgerhof.com\/it\/chi-siamo-steinzgerhof-ad-anterselva\/#breadcrumb"},"inLanguage":"it-IT","potentialAction":[{"@type":"ReadAction","target":["https:\/\/steinzgerhof.com\/it\/chi-siamo-steinzgerhof-ad-anterselva\/"]}]},{"@type":"ImageObject","inLanguage":"it-IT","@id":"https:\/\/steinzgerhof.com\/it\/chi-siamo-steinzgerhof-ad-anterselva\/#primaryimage","url":"https:\/\/steinzgerhof.com\/wp-content\/uploads\/2026\/02\/Stall-Blick.png","contentUrl":"https:\/\/steinzgerhof.com\/wp-content\/uploads\/2026\/02\/Stall-Blick.png"},{"@type":"BreadcrumbList","@id":"https:\/\/steinzgerhof.com\/it\/chi-siamo-steinzgerhof-ad-anterselva\/#breadcrumb","itemListElement":[{"@type":"ListItem","position":1,"name":"Benvenuti","item":"https:\/\/steinzgerhof.com\/"},{"@type":"ListItem","position":2,"name":"Chi siamo"}]},{"@type":"WebSite","@id":"https:\/\/steinzgerhof.com\/it\/#website","url":"https:\/\/steinzgerhof.com\/it\/","name":"Steinzgerhof","description":"","publisher":{"@id":"https:\/\/steinzgerhof.com\/it\/#organization"},"potentialAction":[{"@type":"SearchAction","target":{"@type":"EntryPoint","urlTemplate":"https:\/\/steinzgerhof.com\/it\/?s={search_term_string}"},"query-input":{"@type":"PropertyValueSpecification","valueRequired":true,"valueName":"search_term_string"}}],"inLanguage":"it-IT"},{"@type":"Organization","@id":"https:\/\/steinzgerhof.com\/it\/#organization","name":"Steinzgerhof","url":"https:\/\/steinzgerhof.com\/it\/","logo":{"@type":"ImageObject","inLanguage":"it-IT","@id":"https:\/\/steinzgerhof.com\/it\/#\/schema\/logo\/image\/","url":"https:\/\/steinzgerhof.com\/wp-content\/uploads\/2026\/02\/steinzgerhof_logo.png","contentUrl":"https:\/\/steinzgerhof.com\/wp-content\/uploads\/2026\/02\/steinzgerhof_logo.png","width":350,"height":69,"caption":"Steinzgerhof"},"image":{"@id":"https:\/\/steinzgerhof.com\/it\/#\/schema\/logo\/image\/"}}]}},"_links":{"self":[{"href":"https:\/\/steinzgerhof.com\/it\/wp-json\/wp\/v2\/pages\/25","targetHints":{"allow":["GET"]}}],"collection":[{"href":"https:\/\/steinzgerhof.com\/it\/wp-json\/wp\/v2\/pages"}],"about":[{"href":"https:\/\/steinzgerhof.com\/it\/wp-json\/wp\/v2\/types\/page"}],"author":[{"embeddable":true,"href":"https:\/\/steinzgerhof.com\/it\/wp-json\/wp\/v2\/users\/1"}],"replies":[{"embeddable":true,"href":"https:\/\/steinzgerhof.com\/it\/wp-json\/wp\/v2\/comments?post=25"}],"version-history":[{"count":6,"href":"https:\/\/steinzgerhof.com\/it\/wp-json\/wp\/v2\/pages\/25\/revisions"}],"predecessor-version":[{"id":278,"href":"https:\/\/steinzgerhof.com\/it\/wp-json\/wp\/v2\/pages\/25\/revisions\/278"}],"wp:attachment":[{"href":"https:\/\/steinzgerhof.com\/it\/wp-json\/wp\/v2\/media?parent=25"}],"curies":[{"name":"wp","href":"https:\/\/api.w.org\/{rel}","templated":true}]}}