{"id":23,"date":"2026-02-21T11:25:55","date_gmt":"2026-02-21T10:25:55","guid":{"rendered":"https:\/\/steinzgerhof.com\/?page_id=23"},"modified":"2026-02-26T16:22:40","modified_gmt":"2026-02-26T15:22:40","slug":"urlaub-in-antholz-natur-aktivitaeten","status":"publish","type":"page","link":"https:\/\/steinzgerhof.com\/it\/vacanza-ad-anterselva-natura-attivita\/","title":{"rendered":"Dintorni"},"content":{"rendered":"\r\n<h1 class=\"wp-block-heading has-text-color has-link-color wp-elements-fecd3e48bcc05bbdfd0b9208d94e5af8\" style=\"color:#3b4d57\">Anterselva \u2013 un paradiso naturale nel cuore dell\u2019Alto Adige<\/h1>\r\n\r\n\r\n\r\n<p>La Valle di Anterselva \u00e8 una delle valli pi\u00f9 autentiche e tranquille dell\u2019Alto Adige. Incorniciata da imponenti cime montuose, verdi prati alpini e boschi fitti, offre un rifugio ideale per chi desidera vivere la natura in modo consapevole \u2013 lontano dal turismo di massa e dalla frenesia quotidiana.<\/p>\r\n\r\n\r\n\r\n<p>Qui la giornata \u00e8 scandita dall\u2019aria fresca di montagna, da paesaggi aperti e da un ritmo lento e rigenerante. Che si tratti di una passeggiata tra i prati, di un\u2019escursione tranquilla o semplicemente di fermarsi ad ascoltare il silenzio, nella Valle di Anterselva ognuno trova il proprio angolo di benessere.<\/p>\r\n\r\n\r\n\r\n<p>Allo stesso tempo, la valle \u00e8 il punto di partenza ideale per scoprire l\u2019Alto Adige in tutte le sue sfaccettature: natura alpina, tradizioni vive, ospitalit\u00e0 autentica e numerose possibilit\u00e0 di svago per grandi e piccoli. Perfetta per amanti della natura, chi cerca tranquillit\u00e0, vacanzieri attivi e famiglie che desiderano trascorrere una vacanza autentica in Alto Adige.<\/p>\r\n\r\n\r\n\r\n<div style=\"height:30px\" aria-hidden=\"true\" class=\"wp-block-spacer\"><\/div>\r\n\r\n\r\n\t<section class=\"section section--apartments\" id=\"ferienwohnungen\">\n\t\t<div class=\"container\">\n\t\t\t<h2 class=\"section__title\">Scoprite l\u2019Alto Adige<\/h2>\n\t\t\t\t\t\t<div class=\"apartments__slider\">\n\t\t\t\t<button type=\"button\" class=\"apartments__nav apartments__nav--prev\" aria-label=\"Vorherige\">&larr;<\/button>\n\t\t\t\t<div class=\"apartments__grid apartments__grid--slider\">\n\t\t\t\t\t\t\t\t\t\t<article class=\"apartment-card\" id=\"estate\">\n\t\t\t\t\t\t<div class=\"apartment-card__image\">\n\t\t\t\t\t\t\t\t\t\t\t\t\t\t\t<img decoding=\"async\" src=\"https:\/\/steinzgerhof.com\/wp-content\/uploads\/2026\/02\/10-768x768.png\" alt=\"Estate\" loading=\"lazy\">\n\t\t\t\t\t\t\t\t\t\t\t\t\t<\/div>\n\t\t\t\t\t\t<div class=\"apartment-card__body\">\n\t\t\t\t\t\t\t<h3 class=\"apartment-card__title\">Estate<\/h3>\n\t\t\t\t\t\t\t\t\t\t\t\t\t\t\t\t\t\t\t\t\t\t\t\t\t\t\t\t\t<a href=\"https:\/\/steinzgerhof.com\/it\/vacanza-ad-anterselva-natura-attivita\/vacanze-estive-ad-anterselva-escursioni-natura\/\" class=\"apartment-card__link\">Details &amp; Fotos<\/a>\n\t\t\t\t\t\t\t\t\t\t\t\t\t<\/div>\n\t\t\t\t\t<\/article>\n\t\t\t\t\t\t\t\t\t<article class=\"apartment-card\" id=\"inverno\">\n\t\t\t\t\t\t<div class=\"apartment-card__image\">\n\t\t\t\t\t\t\t\t\t\t\t\t\t\t\t<img decoding=\"async\" src=\"https:\/\/steinzgerhof.com\/wp-content\/uploads\/2026\/02\/9-768x768.png\" alt=\"Inverno\" loading=\"lazy\">\n\t\t\t\t\t\t\t\t\t\t\t\t\t<\/div>\n\t\t\t\t\t\t<div class=\"apartment-card__body\">\n\t\t\t\t\t\t\t<h3 class=\"apartment-card__title\">Inverno<\/h3>\n\t\t\t\t\t\t\t\t\t\t\t\t\t\t\t\t\t\t\t\t\t\t\t\t\t\t\t\t\t<a href=\"https:\/\/steinzgerhof.com\/it\/vacanza-ad-anterselva-natura-attivita\/vacanze-invernali-ad-anterselva-biathlon-neve\/\" class=\"apartment-card__link\">Details &amp; Fotos<\/a>\n\t\t\t\t\t\t\t\t\t\t\t\t\t<\/div>\n\t\t\t\t\t<\/article>\n\t\t\t\t\t\t\t\t\t<article class=\"apartment-card\" id=\"consigli-dei-padroni-di-casa\">\n\t\t\t\t\t\t<div class=\"apartment-card__image\">\n\t\t\t\t\t\t\t\t\t\t\t\t\t\t\t<img decoding=\"async\" src=\"https:\/\/steinzgerhof.com\/wp-content\/uploads\/2026\/02\/8-768x768.png\" alt=\"Consigli dei padroni di casa\" loading=\"lazy\">\n\t\t\t\t\t\t\t\t\t\t\t\t\t<\/div>\n\t\t\t\t\t\t<div class=\"apartment-card__body\">\n\t\t\t\t\t\t\t<h3 class=\"apartment-card__title\">Consigli dei padroni di casa<\/h3>\n\t\t\t\t\t\t\t\t\t\t\t\t\t\t\t\t\t\t\t\t\t\t\t\t\t\t\t\t\t<a href=\"https:\/\/steinzgerhof.com\/it\/vacanza-ad-anterselva-natura-attivita\/i-nostri-consigli-per-escursioni-ad-anterselva\/\" class=\"apartment-card__link\">Details &amp; Fotos<\/a>\n\t\t\t\t\t\t\t\t\t\t\t\t\t<\/div>\n\t\t\t\t\t<\/article>\n\t\t\t\t\t\t\t\t<\/div>\n\t\t\t\t<button type=\"button\" class=\"apartments__nav apartments__nav--next\" aria-label=\"N\u00e4chste\">&rarr;<\/button>\n\t\t\t<\/div>\n\t\t<\/div>\n\t<\/section>\n\t","protected":false},"excerpt":{"rendered":"<p>Anterselva \u2013 un paradiso naturale nel cuore dell\u2019Alto Adige La Valle di Anterselva \u00e8 una delle valli pi\u00f9 autentiche e tranquille dell\u2019Alto Adige. Incorniciata da imponenti cime montuose, verdi prati alpini e boschi fitti, offre un rifugio ideale per chi desidera vivere la natura in modo consapevole \u2013 lontano dal turismo di massa e dalla [&hellip;]<\/p>\n","protected":false},"author":1,"featured_media":0,"parent":0,"menu_order":4,"comment_status":"closed","ping_status":"closed","template":"","meta":{"footnotes":""},"class_list":["post-23","page","type-page","status-publish","hentry"],"yoast_head":"<!-- This site is optimized with the Yoast SEO plugin v27.0 - https:\/\/yoast.com\/product\/yoast-seo-wordpress\/ -->\n<title>Dintorni<\/title>\n<meta name=\"description\" content=\"Scoprite Anterselva in Alto Adige: escursioni, biathlon, esperienze nella natura e autentici momenti di montagna intorno allo Steinzgerhof.\" \/>\n<meta name=\"robots\" content=\"index, follow, max-snippet:-1, max-image-preview:large, max-video-preview:-1\" \/>\n<link rel=\"canonical\" href=\"http:\/\/Anterselva%20\u2013%20un%20paradiso%20naturale%20nel%20cuore%20dell\u2019Alto%20Adige%20La%20Valle%20di%20Anterselva%20\u00e8%20una%20delle%20valli%20pi\u00f9%20autentiche%20e%20tranquille%20dell\u2019Alto%20Adige.%20Incorniciata%20da%20imponenti%20cime%20montuose,%20verdi%20prati%20alpini%20e%20boschi%20fitti,%20offre%20un%20rifugio%20ideale%20per%20chi%20desidera%20vivere%20la%20natura%20in%20modo%20consapevole%20\u2013%20lontano%20dal%20turismo%20di%20massa%20e%20dalla&hellip;\" \/>\n<meta property=\"og:locale\" content=\"it_IT\" \/>\n<meta property=\"og:type\" content=\"article\" \/>\n<meta property=\"og:title\" content=\"Dintorni\" \/>\n<meta property=\"og:description\" content=\"Scoprite Anterselva in Alto Adige: escursioni, biathlon, esperienze nella natura e autentici momenti di montagna intorno allo Steinzgerhof.\" \/>\n<meta property=\"og:url\" content=\"https:\/\/steinzgerhof.com\/it\/vacanza-ad-anterselva-natura-attivita\/\" \/>\n<meta property=\"og:site_name\" content=\"Steinzgerhof\" \/>\n<meta property=\"article:modified_time\" content=\"2026-02-26T15:22:40+00:00\" \/>\n<meta name=\"twitter:card\" content=\"summary_large_image\" \/>\n<meta name=\"twitter:label1\" content=\"Tempo di lettura stimato\" \/>\n\t<meta name=\"twitter:data1\" content=\"1 minuto\" \/>\n<script type=\"application\/ld+json\" class=\"yoast-schema-graph\">{\"@context\":\"https:\/\/schema.org\",\"@graph\":[{\"@type\":\"WebPage\",\"@id\":\"https:\/\/steinzgerhof.com\/it\/vacanza-ad-anterselva-natura-attivita\/\",\"url\":\"https:\/\/steinzgerhof.com\/it\/vacanza-ad-anterselva-natura-attivita\/\",\"name\":\"Umgebung - Steinzgerhof\",\"isPartOf\":{\"@id\":\"https:\/\/steinzgerhof.com\/#website\"},\"datePublished\":\"2026-02-21T10:25:55+00:00\",\"dateModified\":\"2026-02-26T15:22:40+00:00\",\"description\":\"Entdecken Sie Antholz in S\u00fcdtirol: Wandern, Biathlon, Naturerlebnisse und echte Bergmomente rund um den Steinzgerhof.\",\"breadcrumb\":{\"@id\":\"https:\/\/steinzgerhof.com\/it\/vacanza-ad-anterselva-natura-attivita\/#breadcrumb\"},\"inLanguage\":\"it-IT\",\"potentialAction\":[{\"@type\":\"ReadAction\",\"target\":[\"https:\/\/steinzgerhof.com\/it\/vacanza-ad-anterselva-natura-attivita\/\"]}]},{\"@type\":\"BreadcrumbList\",\"@id\":\"https:\/\/steinzgerhof.com\/it\/vacanza-ad-anterselva-natura-attivita\/#breadcrumb\",\"itemListElement\":[{\"@type\":\"ListItem\",\"position\":1,\"name\":\"Benvenuti\",\"item\":\"https:\/\/steinzgerhof.com\/\"},{\"@type\":\"ListItem\",\"position\":2,\"name\":\"Dintorni\"}]},{\"@type\":\"WebSite\",\"@id\":\"https:\/\/steinzgerhof.com\/it\/#website\",\"url\":\"https:\/\/steinzgerhof.com\/it\/\",\"name\":\"Steinzgerhof\",\"description\":\"\",\"publisher\":{\"@id\":\"https:\/\/steinzgerhof.com\/it\/#organization\"},\"potentialAction\":[{\"@type\":\"SearchAction\",\"target\":{\"@type\":\"EntryPoint\",\"urlTemplate\":\"https:\/\/steinzgerhof.com\/it\/?s={search_term_string}\"},\"query-input\":{\"@type\":\"PropertyValueSpecification\",\"valueRequired\":true,\"valueName\":\"search_term_string\"}}],\"inLanguage\":\"it-IT\"},{\"@type\":\"Organization\",\"@id\":\"https:\/\/steinzgerhof.com\/it\/#organization\",\"name\":\"Steinzgerhof\",\"url\":\"https:\/\/steinzgerhof.com\/it\/\",\"logo\":{\"@type\":\"ImageObject\",\"inLanguage\":\"it-IT\",\"@id\":\"https:\/\/steinzgerhof.com\/it\/#\/schema\/logo\/image\/\",\"url\":\"https:\/\/steinzgerhof.com\/wp-content\/uploads\/2026\/02\/steinzgerhof_logo.png\",\"contentUrl\":\"https:\/\/steinzgerhof.com\/wp-content\/uploads\/2026\/02\/steinzgerhof_logo.png\",\"width\":350,\"height\":69,\"caption\":\"Steinzgerhof\"},\"image\":{\"@id\":\"https:\/\/steinzgerhof.com\/it\/#\/schema\/logo\/image\/\"}}]}<\/script>\n<!-- \/ Yoast SEO plugin. -->","yoast_head_json":{"title":"Dintorni","description":"Scoprite Anterselva in Alto Adige: escursioni, biathlon, esperienze nella natura e autentici momenti di montagna intorno allo Steinzgerhof.","robots":{"index":"index","follow":"follow","max-snippet":"max-snippet:-1","max-image-preview":"max-image-preview:large","max-video-preview":"max-video-preview:-1"},"canonical":"Anterselva \u2013 un paradiso naturale nel cuore dell\u2019Alto Adige La Valle di Anterselva \u00e8 una delle valli pi\u00f9 autentiche e tranquille dell\u2019Alto Adige. Incorniciata da imponenti cime montuose, verdi prati alpini e boschi fitti, offre un rifugio ideale per chi desidera vivere la natura in modo consapevole \u2013 lontano dal turismo di massa e dalla&hellip;","og_locale":"it_IT","og_type":"article","og_title":"Dintorni","og_description":"Scoprite Anterselva in Alto Adige: escursioni, biathlon, esperienze nella natura e autentici momenti di montagna intorno allo Steinzgerhof.","og_url":"https:\/\/steinzgerhof.com\/it\/vacanza-ad-anterselva-natura-attivita\/","og_site_name":"Steinzgerhof","article_modified_time":"2026-02-26T15:22:40+00:00","twitter_card":"summary_large_image","twitter_misc":{"Tempo di lettura stimato":"1 minuto"},"schema":{"@context":"https:\/\/schema.org","@graph":[{"@type":"WebPage","@id":"https:\/\/steinzgerhof.com\/it\/vacanza-ad-anterselva-natura-attivita\/","url":"https:\/\/steinzgerhof.com\/it\/vacanza-ad-anterselva-natura-attivita\/","name":"Umgebung - Steinzgerhof","isPartOf":{"@id":"https:\/\/steinzgerhof.com\/#website"},"datePublished":"2026-02-21T10:25:55+00:00","dateModified":"2026-02-26T15:22:40+00:00","description":"Entdecken Sie Antholz in S\u00fcdtirol: Wandern, Biathlon, Naturerlebnisse und echte Bergmomente rund um den Steinzgerhof.","breadcrumb":{"@id":"https:\/\/steinzgerhof.com\/it\/vacanza-ad-anterselva-natura-attivita\/#breadcrumb"},"inLanguage":"it-IT","potentialAction":[{"@type":"ReadAction","target":["https:\/\/steinzgerhof.com\/it\/vacanza-ad-anterselva-natura-attivita\/"]}]},{"@type":"BreadcrumbList","@id":"https:\/\/steinzgerhof.com\/it\/vacanza-ad-anterselva-natura-attivita\/#breadcrumb","itemListElement":[{"@type":"ListItem","position":1,"name":"Benvenuti","item":"https:\/\/steinzgerhof.com\/"},{"@type":"ListItem","position":2,"name":"Dintorni"}]},{"@type":"WebSite","@id":"https:\/\/steinzgerhof.com\/it\/#website","url":"https:\/\/steinzgerhof.com\/it\/","name":"Steinzgerhof","description":"","publisher":{"@id":"https:\/\/steinzgerhof.com\/it\/#organization"},"potentialAction":[{"@type":"SearchAction","target":{"@type":"EntryPoint","urlTemplate":"https:\/\/steinzgerhof.com\/it\/?s={search_term_string}"},"query-input":{"@type":"PropertyValueSpecification","valueRequired":true,"valueName":"search_term_string"}}],"inLanguage":"it-IT"},{"@type":"Organization","@id":"https:\/\/steinzgerhof.com\/it\/#organization","name":"Steinzgerhof","url":"https:\/\/steinzgerhof.com\/it\/","logo":{"@type":"ImageObject","inLanguage":"it-IT","@id":"https:\/\/steinzgerhof.com\/it\/#\/schema\/logo\/image\/","url":"https:\/\/steinzgerhof.com\/wp-content\/uploads\/2026\/02\/steinzgerhof_logo.png","contentUrl":"https:\/\/steinzgerhof.com\/wp-content\/uploads\/2026\/02\/steinzgerhof_logo.png","width":350,"height":69,"caption":"Steinzgerhof"},"image":{"@id":"https:\/\/steinzgerhof.com\/it\/#\/schema\/logo\/image\/"}}]}},"_links":{"self":[{"href":"https:\/\/steinzgerhof.com\/it\/wp-json\/wp\/v2\/pages\/23","targetHints":{"allow":["GET"]}}],"collection":[{"href":"https:\/\/steinzgerhof.com\/it\/wp-json\/wp\/v2\/pages"}],"about":[{"href":"https:\/\/steinzgerhof.com\/it\/wp-json\/wp\/v2\/types\/page"}],"author":[{"embeddable":true,"href":"https:\/\/steinzgerhof.com\/it\/wp-json\/wp\/v2\/users\/1"}],"replies":[{"embeddable":true,"href":"https:\/\/steinzgerhof.com\/it\/wp-json\/wp\/v2\/comments?post=23"}],"version-history":[{"count":9,"href":"https:\/\/steinzgerhof.com\/it\/wp-json\/wp\/v2\/pages\/23\/revisions"}],"predecessor-version":[{"id":177,"href":"https:\/\/steinzgerhof.com\/it\/wp-json\/wp\/v2\/pages\/23\/revisions\/177"}],"wp:attachment":[{"href":"https:\/\/steinzgerhof.com\/it\/wp-json\/wp\/v2\/media?parent=23"}],"curies":[{"name":"wp","href":"https:\/\/api.w.org\/{rel}","templated":true}]}}