{"id":21,"date":"2026-02-21T11:25:45","date_gmt":"2026-02-21T10:25:45","guid":{"rendered":"https:\/\/steinzgerhof.com\/?page_id=21"},"modified":"2026-02-26T16:21:53","modified_gmt":"2026-02-26T15:21:53","slug":"preise-ferienwohnung-antholz-steinzgerhof","status":"publish","type":"page","link":"https:\/\/steinzgerhof.com\/it\/prezzi-appartamenti-anterselva-steinzgerhof\/","title":{"rendered":"Prezzi"},"content":{"rendered":"\r\n<h1 class=\"wp-block-heading has-text-color has-link-color wp-elements-d371a2bc3c44ff0d903548647586543d\" style=\"color:#3b4d57\">Listino prezzi<\/h1>\r\n\r\n\r\n\r\n<p>I prezzi si intendono per persona e per notte.<\/p>\r\n\r\n\r\n\t<section class=\"section section--prices\" id=\"preise\">\n\t\t<div class=\"container\">\n\t\t\t\t\t\t\t\t\t<div class=\"prices__wrapper\">\n\t\t\t\t\t\t\t\t\t<table class=\"prices-table\">\n\t\t\t\t\t\t<thead>\n\t\t\t\t\t\t\t<tr>\n\t\t\t\t\t\t\t\t<th><\/th>\n\t\t\t\t\t\t\t\t<th>Bassa stagione<\/th>\n\t\t\t\t\t\t\t\t<th>Alta stagione<\/th>\n\t\t\t\t\t\t\t<\/tr>\n\t\t\t\t\t\t<\/thead>\n\t\t\t\t\t\t<tbody>\n\t\t\t\t\t\t\t\t\t\t\t\t\t\t\t\t\t\t\t\t\t\t\t<tr>\n\t\t\t\t\t\t\t\t\t<td>2 persone<\/td>\n\t\t\t\t\t\t\t\t\t<td>\u20ac 55,00 <\/td>\n\t\t\t\t\t\t\t\t\t<td>\u20ac 70,00<\/td>\n\t\t\t\t\t\t\t\t<\/tr>\n\t\t\t\t\t\t\t\t\t\t\t\t\t\t\t\t\t\t\t\t\t\t\t<tr>\n\t\t\t\t\t\t\t\t\t<td>3 persone<\/td>\n\t\t\t\t\t\t\t\t\t<td>\u20ac 65,00<\/td>\n\t\t\t\t\t\t\t\t\t<td>\u20ac 80,00<\/td>\n\t\t\t\t\t\t\t\t<\/tr>\n\t\t\t\t\t\t\t\t\t\t\t\t\t\t\t\t\t\t\t\t\t\t\t<tr>\n\t\t\t\t\t\t\t\t\t<td>4 persone<\/td>\n\t\t\t\t\t\t\t\t\t<td>\u20ac 75,00<\/td>\n\t\t\t\t\t\t\t\t\t<td>\u20ac 90,00<\/td>\n\t\t\t\t\t\t\t\t<\/tr>\n\t\t\t\t\t\t\t\t\t\t\t\t\t\t\t\t\t\t\t\t\t\t\t<tr>\n\t\t\t\t\t\t\t\t\t<td>5 persone<\/td>\n\t\t\t\t\t\t\t\t\t<td>\u20ac 85,00<\/td>\n\t\t\t\t\t\t\t\t\t<td>\u20ac 100,00<\/td>\n\t\t\t\t\t\t\t\t<\/tr>\n\t\t\t\t\t\t\t\t\t\t\t\t\t\t\t\t\t\t\t\t\t\t\t<tr>\n\t\t\t\t\t\t\t\t\t<td>6 persone<\/td>\n\t\t\t\t\t\t\t\t\t<td>\u20ac 95,00<\/td>\n\t\t\t\t\t\t\t\t\t<td>\u20ac 110,00<\/td>\n\t\t\t\t\t\t\t\t<\/tr>\n\t\t\t\t\t\t\t\t\t\t\t\t\t<\/tbody>\n\t\t\t\t\t<\/table>\n\t\t\t\t\t\t\t<\/div>\n\t\t<\/div>\n\t<\/section>\n\t\r\n\r\n\r\n<p><strong><em>Si prega di notare che i prezzi non includono la tassa di soggiorno.<\/em><\/strong> Questa ammonta a <strong>\u20ac 2,50 a persona<\/strong> <strong>al giorno<\/strong>; i bambini sotto i 14 anni sono esenti.<\/p>\r\n\r\n\r\n\r\n<p>La tassa di soggiorno include l\u2019<strong>Alto Adige Guest Pass<\/strong>. Ulteriori informazioni sono disponibili nelle nostre FAQ.<\/p>\r\n\r\n\r\n\t<section class=\"section faq\">\n\t\t<div class=\"container\">\n\t\t\t\t\t\t\t\t\t\t<div class=\"faq__list\">\n\t\t\t\t\t\t\t\t\t\t\t\t\t\t\t\t\t<details class=\"faq__item\">\n\t\t\t\t\t\t\t<summary class=\"faq__question\">Quando \u00e8 alta stagione?<\/summary>\n\t\t\t\t\t\t\t<div class=\"faq__answer-wrapper\">\n\t\t\t\t\t\t\t\t<div class=\"faq__answer\"><p>L\u2019alta stagione estiva comprende l\u2019intero mese di agosto.<br \/>\nL\u2019alta stagione invernale inizia il 20\/12 e termina il 06\/01.<\/p>\n<p>Un\u2019ulteriore alta stagione \u00e8 legata a eventi speciali nella Valle di Anterselva \u2013 in particolare alle gare annuali di biathlon e alle vacanze di Carnevale, il cui periodo varia di anno in anno.<br \/>\nAnterselva \u00e8 una localit\u00e0 di fama internazionale per il biathlon \u2013 nel 2026 la valle \u00e8 stata persino sede delle competizioni olimpiche di biathlon.<\/p>\n<\/div>\n\t\t\t\t\t\t\t<\/div>\n\t\t\t\t\t\t<\/details>\n\t\t\t\t\t\t\t\t\t\t\t\t\t\t\t\t\t<details class=\"faq__item\">\n\t\t\t\t\t\t\t<summary class=\"faq__question\">\u00c8 richiesta una caparra?<\/summary>\n\t\t\t\t\t\t\t<div class=\"faq__answer-wrapper\">\n\t\t\t\t\t\t\t\t<div class=\"faq__answer\"><p>Per confermare definitivamente la prenotazione richiediamo una caparra pari a circa il 30% dell\u2019importo totale del soggiorno.<br \/>\nLa caparra non \u00e8 rimborsabile.<\/p>\n<\/div>\n\t\t\t\t\t\t\t<\/div>\n\t\t\t\t\t\t<\/details>\n\t\t\t\t\t\t\t\t\t\t\t\t\t\t\t\t\t<details class=\"faq__item\">\n\t\t\t\t\t\t\t<summary class=\"faq__question\">\u00c8 previsto un soggiorno minimo negli appartamenti?<\/summary>\n\t\t\t\t\t\t\t<div class=\"faq__answer-wrapper\">\n\t\t\t\t\t\t\t\t<div class=\"faq__answer\"><p>Accettiamo prenotazioni con un soggiorno minimo di 3 notti.<\/p>\n<\/div>\n\t\t\t\t\t\t\t<\/div>\n\t\t\t\t\t\t<\/details>\n\t\t\t\t\t\t\t\t\t\t\t\t\t\t\t\t\t<details class=\"faq__item\">\n\t\t\t\t\t\t\t<summary class=\"faq__question\">A che ora \u00e8 possibile il check-in?<\/summary>\n\t\t\t\t\t\t\t<div class=\"faq__answer-wrapper\">\n\t\t\t\t\t\t\t\t<div class=\"faq__answer\"><p>Il check-in \u00e8 possibile a partire dalle ore 14:00.<br \/>\nIn caso di arrivo anticipato, vi invitiamo a contattarci in anticipo: vi informeremo se l\u2019appartamento \u00e8 gi\u00e0 disponibile.<\/p>\n<\/div>\n\t\t\t\t\t\t\t<\/div>\n\t\t\t\t\t\t<\/details>\n\t\t\t\t\t\t\t\t\t\t\t\t\t\t\t\t\t<details class=\"faq__item\">\n\t\t\t\t\t\t\t<summary class=\"faq__question\">Entro quando deve essere liberato l\u2019appartamento il giorno della partenza?<\/summary>\n\t\t\t\t\t\t\t<div class=\"faq__answer-wrapper\">\n\t\t\t\t\t\t\t\t<div class=\"faq__answer\"><p>Chiediamo gentilmente di lasciare l\u2019appartamento entro le ore 10:00 del giorno di partenza, per consentirci di prepararlo per gli ospiti successivi.<br \/>\nIn caso di ritardo significativo potrebbe essere addebitata un\u2019ulteriore notte.<\/p>\n<\/div>\n\t\t\t\t\t\t\t<\/div>\n\t\t\t\t\t\t<\/details>\n\t\t\t\t\t\t\t\t\t\t\t\t\t\t\t\t\t<details class=\"faq__item\">\n\t\t\t\t\t\t\t<summary class=\"faq__question\">Come vengono considerati i bambini nei prezzi?<\/summary>\n\t\t\t\t\t\t\t<div class=\"faq__answer-wrapper\">\n\t\t\t\t\t\t\t\t<div class=\"faq__answer\"><p>I pi\u00f9 piccoli ci stanno particolarmente a cuore: i bambini da 0 a 3 anni soggiornano gratuitamente. A partire dal 4\u00b0 anno di et\u00e0 viene applicata la tariffa standard.<br \/>\nSu richiesta mettiamo volentieri a disposizione un lettino per bambini, affinch\u00e9 anche i nostri ospiti pi\u00f9 giovani possano sentirsi completamente a loro agio durante la vacanza nella Valle di Anterselva.<\/p>\n<\/div>\n\t\t\t\t\t\t\t<\/div>\n\t\t\t\t\t\t<\/details>\n\t\t\t\t\t\t\t\t\t\t\t\t\t\t\t\t\t<details class=\"faq__item\">\n\t\t\t\t\t\t\t<summary class=\"faq__question\">Gli animali domestici sono ammessi negli appartamenti dello Steinzgerhof?<\/summary>\n\t\t\t\t\t\t\t<div class=\"faq__answer-wrapper\">\n\t\t\t\t\t\t\t\t<div class=\"faq__answer\"><p>Gli animali domestici sono i benvenuti previo accordo.<br \/>\nPer ogni animale \u00e8 previsto un supplemento di \u20ac 12,\u2013 al giorno.<br \/>\nVi chiediamo di indicare nella richiesta quanti e quali animali vi accompagneranno.<br \/>\nCi riserviamo il diritto di limitare il numero di animali a seconda dell\u2019appartamento.<\/p>\n<\/div>\n\t\t\t\t\t\t\t<\/div>\n\t\t\t\t\t\t<\/details>\n\t\t\t\t\t\t\t\t\t\t\t\t\t\t\t\t\t<details class=\"faq__item\">\n\t\t\t\t\t\t\t<summary class=\"faq__question\">Non posso pi\u00f9 rispettare la data del mio soggiorno, cosa succede?<\/summary>\n\t\t\t\t\t\t\t<div class=\"faq__answer-wrapper\">\n\t\t\t\t\t\t\t\t<div class=\"faq__answer\"><p>Le cancellazioni sono accettate fino a un mese prima della data di arrivo.<br \/>\nSi prega di notare che la caparra versata non \u00e8 rimborsabile.<\/p>\n<\/div>\n\t\t\t\t\t\t\t<\/div>\n\t\t\t\t\t\t<\/details>\n\t\t\t\t\t\t\t\t\t\t\t\t\t\t\t\t\t<details class=\"faq__item\">\n\t\t\t\t\t\t\t<summary class=\"faq__question\">\u00c8 disponibile il Wi-Fi negli appartamenti?<\/summary>\n\t\t\t\t\t\t\t<div class=\"faq__answer-wrapper\">\n\t\t\t\t\t\t\t\t<div class=\"faq__answer\"><p>Attualmente nei nostri appartamenti non \u00e8 disponibile una connessione Wi-Fi.<br \/>\nStiamo lavorando per migliorare la copertura internet in futuro.<\/p>\n<p>Tutti gli appartamenti sono comunque dotati di televisore con canali in lingua italiana e tedesca.<\/p>\n<p>Molti dei nostri ospiti apprezzano questa pausa consapevole dalla vita digitale e si godono la tranquillit\u00e0 e la natura della Valle di Anterselva.<\/p>\n<\/div>\n\t\t\t\t\t\t\t<\/div>\n\t\t\t\t\t\t<\/details>\n\t\t\t\t\t\t\t\t\t\t\t\t\t\t\t\t\t<details class=\"faq__item\">\n\t\t\t\t\t\t\t<summary class=\"faq__question\">\u00c8 possibile visitare la stalla?<\/summary>\n\t\t\t\t\t\t\t<div class=\"faq__answer-wrapper\">\n\t\t\t\t\t\t\t\t<div class=\"faq__answer\"><p>Con grande piacere. I visitatori, grandi e piccoli, sono sempre i benvenuti nella nostra stalla.<\/p>\n<p>Durante la mungitura e l\u2019alimentazione mattutina e serale potrete incontrare Josef al lavoro con le mucche: sar\u00e0 felice di raccontarvi di pi\u00f9 sull\u2019attivit\u00e0 agricola e sulla vita in fattoria.<\/p>\n<p>Vi chiediamo solo di rispettare la tranquillit\u00e0 degli animali, poich\u00e9 il loro benessere \u00e8 per noi una priorit\u00e0 assoluta.<\/p>\n<\/div>\n\t\t\t\t\t\t\t<\/div>\n\t\t\t\t\t\t<\/details>\n\t\t\t\t\t\t\t\t\t\t\t\t\t\t\t\t\t<details class=\"faq__item\">\n\t\t\t\t\t\t\t<summary class=\"faq__question\">Cos\u2019\u00e8 l\u2019Alto Adige Guest Pass?<\/summary>\n\t\t\t\t\t\t\t<div class=\"faq__answer-wrapper\">\n\t\t\t\t\t\t\t\t<div class=\"faq__answer\"><p>L\u2019Alto Adige Guest Pass \u00e8 il vostro pass personale per una vacanza senza pensieri in Alto Adige. \u00c8 valido per tutta la durata del soggiorno e consente l\u2019utilizzo gratuito dei mezzi di trasporto pubblico regionali, tra cui treni regionali, autobus e alcune funivie \u2013 ideale per esplorare la Valle di Anterselva e tutto l\u2019Alto Adige in modo sostenibile.<\/p>\n<p>A seconda della zona, il Guest Pass pu\u00f2 includere ulteriori vantaggi o attivit\u00e0 a prezzo ridotto.<\/p>\n<p>Riceverete il Guest Pass al check-in o gi\u00e0 via e-mail prima dell\u2019arrivo, in formato digitale o PDF, comodamente salvabile sul vostro smartphone.<\/p>\n<\/div>\n\t\t\t\t\t\t\t<\/div>\n\t\t\t\t\t\t<\/details>\n\t\t\t\t\t\t\t\t\t<\/div>\n\t\t\t\t\t<\/div>\n\t<\/section>\n\t\r\n\r\n\r\n<p>Ulteriori informazioni sul Guest Pass <a href=\"https:\/\/www.suedtirol.info\/de\/de\/information\/suedtirol-guest-pass\" type=\"link\">sono disponibili qui<\/a>.<\/p>\r\n\r\n\r\n\r\n<div style=\"height:50px\" aria-hidden=\"true\" class=\"wp-block-spacer\"><\/div>\r\n\r\n\r\n\r\n<div class=\"wp-block-buttons is-content-justification-center is-layout-flex wp-container-core-buttons-is-layout-16018d1d wp-block-buttons-is-layout-flex\">\r\n<div class=\"wp-block-button\"><a class=\"wp-block-button__link has-text-color has-link-color wp-element-button\" href=\"https:\/\/steinzgerhof.com\/it\/appartamenti-ad-anterselva-di-sopra-steinzgerhof\/\" style=\"color:#c0c3e6\">I nostri appartamenti<\/a><\/div>\r\n<\/div>\r\n\r\n\r\n\r\n<div style=\"height:50px\" aria-hidden=\"true\" class=\"wp-block-spacer\"><\/div>\r\n\r\n\r\n\r\n<p><\/p>\r\n","protected":false},"excerpt":{"rendered":"<p>Listino prezzi I prezzi si intendono per persona e per notte. Si prega di notare che i prezzi non includono la tassa di soggiorno. Questa ammonta a \u20ac 2,50 a persona al giorno; i bambini sotto i 14 anni sono esenti. La tassa di soggiorno include l\u2019Alto Adige Guest Pass. Ulteriori informazioni sono disponibili nelle [&hellip;]<\/p>\n","protected":false},"author":1,"featured_media":0,"parent":0,"menu_order":3,"comment_status":"closed","ping_status":"closed","template":"","meta":{"footnotes":""},"class_list":["post-21","page","type-page","status-publish","hentry"],"yoast_head":"<!-- This site is optimized with the Yoast SEO plugin v27.0 - https:\/\/yoast.com\/product\/yoast-seo-wordpress\/ -->\n<title>Prezzi<\/title>\n<meta name=\"description\" content=\"Tutti i prezzi per la vostra vacanza allo Steinzgerhof ad Anterselva di Sopra. Informazioni trasparenti per pianificare al meglio il vostro soggiorno.\" \/>\n<meta name=\"robots\" content=\"index, follow, max-snippet:-1, max-image-preview:large, max-video-preview:-1\" \/>\n<link rel=\"canonical\" href=\"http:\/\/Listino%20prezzi%20I%20prezzi%20si%20intendono%20per%20persona%20e%20per%20notte.%20Si%20prega%20di%20notare%20che%20i%20prezzi%20non%20includono%20la%20tassa%20di%20soggiorno.%20Questa%20ammonta%20a%20\u20ac%202,50%20a%20persona%20al%20giorno;%20i%20bambini%20sotto%20i%2014%20anni%20sono%20esenti.%20La%20tassa%20di%20soggiorno%20include%20l\u2019Alto%20Adige%20Guest%20Pass.%20Ulteriori%20informazioni%20sono%20disponibili%20nelle&hellip;\" \/>\n<meta property=\"og:locale\" content=\"it_IT\" \/>\n<meta property=\"og:type\" content=\"article\" \/>\n<meta property=\"og:title\" content=\"Prezzi\" \/>\n<meta property=\"og:description\" content=\"Tutti i prezzi per la vostra vacanza allo Steinzgerhof ad Anterselva di Sopra. Informazioni trasparenti per pianificare al meglio il vostro soggiorno.\" \/>\n<meta property=\"og:url\" content=\"https:\/\/steinzgerhof.com\/it\/prezzi-appartamenti-anterselva-steinzgerhof\/\" \/>\n<meta property=\"og:site_name\" content=\"Steinzgerhof\" \/>\n<meta property=\"article:modified_time\" content=\"2026-02-26T15:21:53+00:00\" \/>\n<meta name=\"twitter:card\" content=\"summary_large_image\" \/>\n<meta name=\"twitter:label1\" content=\"Tempo di lettura stimato\" \/>\n\t<meta name=\"twitter:data1\" content=\"1 minuto\" \/>\n<script type=\"application\/ld+json\" class=\"yoast-schema-graph\">{\"@context\":\"https:\/\/schema.org\",\"@graph\":[{\"@type\":\"WebPage\",\"@id\":\"https:\/\/steinzgerhof.com\/it\/prezzi-appartamenti-anterselva-steinzgerhof\/\",\"url\":\"https:\/\/steinzgerhof.com\/it\/prezzi-appartamenti-anterselva-steinzgerhof\/\",\"name\":\"Preise - Steinzgerhof\",\"isPartOf\":{\"@id\":\"https:\/\/steinzgerhof.com\/#website\"},\"datePublished\":\"2026-02-21T10:25:45+00:00\",\"dateModified\":\"2026-02-26T15:21:53+00:00\",\"description\":\"Alle Preise f\u00fcr Ihren Urlaub am Steinzgerhof in Antholz Obertal. Transparente Informationen, um Sie auf Ihren Urlaub vorzubereiten.\",\"breadcrumb\":{\"@id\":\"https:\/\/steinzgerhof.com\/it\/prezzi-appartamenti-anterselva-steinzgerhof\/#breadcrumb\"},\"inLanguage\":\"it-IT\",\"potentialAction\":[{\"@type\":\"ReadAction\",\"target\":[\"https:\/\/steinzgerhof.com\/it\/prezzi-appartamenti-anterselva-steinzgerhof\/\"]}]},{\"@type\":\"BreadcrumbList\",\"@id\":\"https:\/\/steinzgerhof.com\/it\/prezzi-appartamenti-anterselva-steinzgerhof\/#breadcrumb\",\"itemListElement\":[{\"@type\":\"ListItem\",\"position\":1,\"name\":\"Benvenuti\",\"item\":\"https:\/\/steinzgerhof.com\/\"},{\"@type\":\"ListItem\",\"position\":2,\"name\":\"Prezzi\"}]},{\"@type\":\"WebSite\",\"@id\":\"https:\/\/steinzgerhof.com\/it\/#website\",\"url\":\"https:\/\/steinzgerhof.com\/it\/\",\"name\":\"Steinzgerhof\",\"description\":\"\",\"publisher\":{\"@id\":\"https:\/\/steinzgerhof.com\/it\/#organization\"},\"potentialAction\":[{\"@type\":\"SearchAction\",\"target\":{\"@type\":\"EntryPoint\",\"urlTemplate\":\"https:\/\/steinzgerhof.com\/it\/?s={search_term_string}\"},\"query-input\":{\"@type\":\"PropertyValueSpecification\",\"valueRequired\":true,\"valueName\":\"search_term_string\"}}],\"inLanguage\":\"it-IT\"},{\"@type\":\"Organization\",\"@id\":\"https:\/\/steinzgerhof.com\/it\/#organization\",\"name\":\"Steinzgerhof\",\"url\":\"https:\/\/steinzgerhof.com\/it\/\",\"logo\":{\"@type\":\"ImageObject\",\"inLanguage\":\"it-IT\",\"@id\":\"https:\/\/steinzgerhof.com\/it\/#\/schema\/logo\/image\/\",\"url\":\"https:\/\/steinzgerhof.com\/wp-content\/uploads\/2026\/02\/steinzgerhof_logo.png\",\"contentUrl\":\"https:\/\/steinzgerhof.com\/wp-content\/uploads\/2026\/02\/steinzgerhof_logo.png\",\"width\":350,\"height\":69,\"caption\":\"Steinzgerhof\"},\"image\":{\"@id\":\"https:\/\/steinzgerhof.com\/it\/#\/schema\/logo\/image\/\"}}]}<\/script>\n<!-- \/ Yoast SEO plugin. -->","yoast_head_json":{"title":"Prezzi","description":"Tutti i prezzi per la vostra vacanza allo Steinzgerhof ad Anterselva di Sopra. Informazioni trasparenti per pianificare al meglio il vostro soggiorno.","robots":{"index":"index","follow":"follow","max-snippet":"max-snippet:-1","max-image-preview":"max-image-preview:large","max-video-preview":"max-video-preview:-1"},"canonical":"Listino prezzi I prezzi si intendono per persona e per notte. Si prega di notare che i prezzi non includono la tassa di soggiorno. Questa ammonta a \u20ac 2,50 a persona al giorno; i bambini sotto i 14 anni sono esenti. La tassa di soggiorno include l\u2019Alto Adige Guest Pass. Ulteriori informazioni sono disponibili nelle&hellip;","og_locale":"it_IT","og_type":"article","og_title":"Prezzi","og_description":"Tutti i prezzi per la vostra vacanza allo Steinzgerhof ad Anterselva di Sopra. Informazioni trasparenti per pianificare al meglio il vostro soggiorno.","og_url":"https:\/\/steinzgerhof.com\/it\/prezzi-appartamenti-anterselva-steinzgerhof\/","og_site_name":"Steinzgerhof","article_modified_time":"2026-02-26T15:21:53+00:00","twitter_card":"summary_large_image","twitter_misc":{"Tempo di lettura stimato":"1 minuto"},"schema":{"@context":"https:\/\/schema.org","@graph":[{"@type":"WebPage","@id":"https:\/\/steinzgerhof.com\/it\/prezzi-appartamenti-anterselva-steinzgerhof\/","url":"https:\/\/steinzgerhof.com\/it\/prezzi-appartamenti-anterselva-steinzgerhof\/","name":"Preise - Steinzgerhof","isPartOf":{"@id":"https:\/\/steinzgerhof.com\/#website"},"datePublished":"2026-02-21T10:25:45+00:00","dateModified":"2026-02-26T15:21:53+00:00","description":"Alle Preise f\u00fcr Ihren Urlaub am Steinzgerhof in Antholz Obertal. Transparente Informationen, um Sie auf Ihren Urlaub vorzubereiten.","breadcrumb":{"@id":"https:\/\/steinzgerhof.com\/it\/prezzi-appartamenti-anterselva-steinzgerhof\/#breadcrumb"},"inLanguage":"it-IT","potentialAction":[{"@type":"ReadAction","target":["https:\/\/steinzgerhof.com\/it\/prezzi-appartamenti-anterselva-steinzgerhof\/"]}]},{"@type":"BreadcrumbList","@id":"https:\/\/steinzgerhof.com\/it\/prezzi-appartamenti-anterselva-steinzgerhof\/#breadcrumb","itemListElement":[{"@type":"ListItem","position":1,"name":"Benvenuti","item":"https:\/\/steinzgerhof.com\/"},{"@type":"ListItem","position":2,"name":"Prezzi"}]},{"@type":"WebSite","@id":"https:\/\/steinzgerhof.com\/it\/#website","url":"https:\/\/steinzgerhof.com\/it\/","name":"Steinzgerhof","description":"","publisher":{"@id":"https:\/\/steinzgerhof.com\/it\/#organization"},"potentialAction":[{"@type":"SearchAction","target":{"@type":"EntryPoint","urlTemplate":"https:\/\/steinzgerhof.com\/it\/?s={search_term_string}"},"query-input":{"@type":"PropertyValueSpecification","valueRequired":true,"valueName":"search_term_string"}}],"inLanguage":"it-IT"},{"@type":"Organization","@id":"https:\/\/steinzgerhof.com\/it\/#organization","name":"Steinzgerhof","url":"https:\/\/steinzgerhof.com\/it\/","logo":{"@type":"ImageObject","inLanguage":"it-IT","@id":"https:\/\/steinzgerhof.com\/it\/#\/schema\/logo\/image\/","url":"https:\/\/steinzgerhof.com\/wp-content\/uploads\/2026\/02\/steinzgerhof_logo.png","contentUrl":"https:\/\/steinzgerhof.com\/wp-content\/uploads\/2026\/02\/steinzgerhof_logo.png","width":350,"height":69,"caption":"Steinzgerhof"},"image":{"@id":"https:\/\/steinzgerhof.com\/it\/#\/schema\/logo\/image\/"}}]}},"_links":{"self":[{"href":"https:\/\/steinzgerhof.com\/it\/wp-json\/wp\/v2\/pages\/21","targetHints":{"allow":["GET"]}}],"collection":[{"href":"https:\/\/steinzgerhof.com\/it\/wp-json\/wp\/v2\/pages"}],"about":[{"href":"https:\/\/steinzgerhof.com\/it\/wp-json\/wp\/v2\/types\/page"}],"author":[{"embeddable":true,"href":"https:\/\/steinzgerhof.com\/it\/wp-json\/wp\/v2\/users\/1"}],"replies":[{"embeddable":true,"href":"https:\/\/steinzgerhof.com\/it\/wp-json\/wp\/v2\/comments?post=21"}],"version-history":[{"count":5,"href":"https:\/\/steinzgerhof.com\/it\/wp-json\/wp\/v2\/pages\/21\/revisions"}],"predecessor-version":[{"id":249,"href":"https:\/\/steinzgerhof.com\/it\/wp-json\/wp\/v2\/pages\/21\/revisions\/249"}],"wp:attachment":[{"href":"https:\/\/steinzgerhof.com\/it\/wp-json\/wp\/v2\/media?parent=21"}],"curies":[{"name":"wp","href":"https:\/\/api.w.org\/{rel}","templated":true}]}}