{"id":19,"date":"2026-02-21T11:23:47","date_gmt":"2026-02-21T10:23:47","guid":{"rendered":"https:\/\/steinzgerhof.com\/?page_id=19"},"modified":"2026-02-26T16:32:54","modified_gmt":"2026-02-26T15:32:54","slug":"ferienwohnung-c-in-antholz-suedtirol-erleben","status":"publish","type":"page","link":"https:\/\/steinzgerhof.com\/it\/appartamenti-ad-anterselva-di-sopra-steinzgerhof\/appartamento-c-ad-anterselva-vivere-lalto-adige\/","title":{"rendered":"Appartamento C"},"content":{"rendered":"\r\n<h1 class=\"wp-block-heading has-text-color has-link-color wp-elements-e10e7df9d0710f5f3eda0dba3e704423\" style=\"color:#3b4d57\">Appartamento C \u2013 ampi spazi e disposizione flessibile<\/h1>\r\n\r\n\r\n\r\n<h4 class=\"wp-block-heading has-text-color has-link-color wp-elements-4a3f87cbccc1f40caf5c04ce167c683a\" style=\"color:#3b4d57\"><em>54 m\u00b2 | 2 camere da letto | 2 balconi | Per famiglie e gruppi<\/em><\/h4>\r\n\r\n\r\n\r\n<p><strong>Appartamento C<\/strong> colpisce per la sua disposizione intelligente degli spazi e per l\u2019ampiezza degli ambienti. Dispone di due camere da letto: una con letto matrimoniale e una con due letti singoli. La camera pi\u00f9 piccola offre l\u2019accesso a un balcone con vista sulle montagne e sui prati di Anterselva di Sopra.<\/p>\r\n\r\n\r\n\r\n<p>Il bagno moderno, situato in posizione centrale, \u00e8 dotato di doccia e bidet. Proprio accanto si trova l\u2019ampia cucina abitabile con angolo cottura e un grande tavolo da pranzo \u2013 ideale per pasti in compagnia e serate conviviali. Inoltre \u00e8 presente un divano letto, che consente di trasformare la cucina abitabile in un\u2019ulteriore camera da letto, se necessario.<\/p>\r\n\r\n\r\n\r\n<p>Un altro punto forte \u00e8 il secondo balcone con una splendida vista sulla valle \u2013 perfetto per concludere la giornata in totale relax.<\/p>\r\n\r\n\r\n\r\n<div style=\"height:30px\" aria-hidden=\"true\" class=\"wp-block-spacer\"><\/div>\r\n\r\n\r\n\r\n<figure class=\"wp-block-gallery has-nested-images columns-default is-cropped wp-block-gallery-1 is-layout-flex wp-block-gallery-is-layout-flex\">\r\n<figure class=\"wp-block-image size-large\"><img loading=\"lazy\" decoding=\"async\" width=\"1024\" height=\"536\" data-id=\"129\" src=\"https:\/\/steinzgerhof.com\/wp-content\/uploads\/2026\/02\/Wohnung-C-3-1024x536.png\" alt=\"\" class=\"wp-image-129\" srcset=\"https:\/\/steinzgerhof.com\/wp-content\/uploads\/2026\/02\/Wohnung-C-3-1024x536.png 1024w, https:\/\/steinzgerhof.com\/wp-content\/uploads\/2026\/02\/Wohnung-C-3-300x157.png 300w, https:\/\/steinzgerhof.com\/wp-content\/uploads\/2026\/02\/Wohnung-C-3-768x402.png 768w, https:\/\/steinzgerhof.com\/wp-content\/uploads\/2026\/02\/Wohnung-C-3.png 1200w\" sizes=\"auto, (max-width: 1024px) 100vw, 1024px\" \/><figcaption class=\"wp-element-caption\">Camera con letti singoli<\/figcaption><\/figure>\r\n\r\n\r\n\r\n<figure class=\"wp-block-image size-large\"><img loading=\"lazy\" decoding=\"async\" width=\"1024\" height=\"536\" data-id=\"127\" src=\"https:\/\/steinzgerhof.com\/wp-content\/uploads\/2026\/02\/Wohnung-C-1-1024x536.png\" alt=\"\" class=\"wp-image-127\" srcset=\"https:\/\/steinzgerhof.com\/wp-content\/uploads\/2026\/02\/Wohnung-C-1-1024x536.png 1024w, https:\/\/steinzgerhof.com\/wp-content\/uploads\/2026\/02\/Wohnung-C-1-300x157.png 300w, https:\/\/steinzgerhof.com\/wp-content\/uploads\/2026\/02\/Wohnung-C-1-768x402.png 768w, https:\/\/steinzgerhof.com\/wp-content\/uploads\/2026\/02\/Wohnung-C-1.png 1200w\" sizes=\"auto, (max-width: 1024px) 100vw, 1024px\" \/><figcaption class=\"wp-element-caption\">Cucina abitabile<\/figcaption><\/figure>\r\n\r\n\r\n\r\n<figure class=\"wp-block-image size-large\"><img loading=\"lazy\" decoding=\"async\" width=\"1024\" height=\"536\" data-id=\"126\" src=\"https:\/\/steinzgerhof.com\/wp-content\/uploads\/2026\/02\/Wohnung-C-4-1024x536.png\" alt=\"\" class=\"wp-image-126\" srcset=\"https:\/\/steinzgerhof.com\/wp-content\/uploads\/2026\/02\/Wohnung-C-4-1024x536.png 1024w, https:\/\/steinzgerhof.com\/wp-content\/uploads\/2026\/02\/Wohnung-C-4-300x157.png 300w, https:\/\/steinzgerhof.com\/wp-content\/uploads\/2026\/02\/Wohnung-C-4-768x402.png 768w, https:\/\/steinzgerhof.com\/wp-content\/uploads\/2026\/02\/Wohnung-C-4.png 1200w\" sizes=\"auto, (max-width: 1024px) 100vw, 1024px\" \/><figcaption class=\"wp-element-caption\">Bagno<\/figcaption><\/figure>\r\n\r\n\r\n\r\n<figure class=\"wp-block-image size-large\"><img loading=\"lazy\" decoding=\"async\" width=\"1024\" height=\"536\" data-id=\"128\" src=\"https:\/\/steinzgerhof.com\/wp-content\/uploads\/2026\/02\/Wohnung-C-2-1024x536.png\" alt=\"\" class=\"wp-image-128\" srcset=\"https:\/\/steinzgerhof.com\/wp-content\/uploads\/2026\/02\/Wohnung-C-2-1024x536.png 1024w, https:\/\/steinzgerhof.com\/wp-content\/uploads\/2026\/02\/Wohnung-C-2-300x157.png 300w, https:\/\/steinzgerhof.com\/wp-content\/uploads\/2026\/02\/Wohnung-C-2-768x402.png 768w, https:\/\/steinzgerhof.com\/wp-content\/uploads\/2026\/02\/Wohnung-C-2.png 1200w\" sizes=\"auto, (max-width: 1024px) 100vw, 1024px\" \/><figcaption class=\"wp-element-caption\">Camera con letto matrimoniale<\/figcaption><\/figure>\r\n<\/figure>\r\n\r\n\r\n\r\n<div style=\"height:30px\" aria-hidden=\"true\" class=\"wp-block-spacer\"><\/div>\r\n\r\n\r\n\r\n<h4 class=\"wp-block-heading\">Dotazioni<\/h4>\r\n\r\n\r\n\r\n<p>Cucina completamente attrezzata con macchina per espresso, moka, bollitore, frigorifero, pentole, stoviglie, bicchieri e posate.<\/p>\r\n\r\n\r\n\r\n<h4 class=\"wp-block-heading\">Ideale per:<\/h4>\r\n\r\n\r\n\r\n<p>Famiglie con bambini o ospiti che cercano ampi spazi, flessibilit\u00e0 e un\u2019esperienza autentica a contatto con la natura nella Valle di Anterselva.<\/p>\r\n\r\n\r\n\r\n<div style=\"height:50px\" aria-hidden=\"true\" class=\"wp-block-spacer\"><\/div>\r\n\r\n\r\n\r\n<div class=\"wp-block-buttons is-content-justification-center is-layout-flex wp-container-core-buttons-is-layout-16018d1d wp-block-buttons-is-layout-flex\">\r\n<div class=\"wp-block-button\"><a class=\"wp-block-button__link has-text-color has-link-color wp-element-button\" href=\"https:\/\/steinzgerhof.com\/it\/prezzi-appartamenti-anterselva-steinzgerhof\/\" style=\"color:#c0c3e6\">Listino prezzi<\/a><\/div>\r\n<\/div>\r\n\r\n\r\n\r\n<p><\/p>\r\n","protected":false},"excerpt":{"rendered":"<p>Appartamento C \u2013 ampi spazi e disposizione flessibile 54 m\u00b2 | 2 camere da letto | 2 balconi | Per famiglie e gruppi Appartamento C colpisce per la sua disposizione intelligente degli spazi e per l\u2019ampiezza degli ambienti. Dispone di due camere da letto: una con letto matrimoniale e una con due letti singoli. La [&hellip;]<\/p>\n","protected":false},"author":1,"featured_media":0,"parent":11,"menu_order":3,"comment_status":"closed","ping_status":"closed","template":"","meta":{"footnotes":""},"class_list":["post-19","page","type-page","status-publish","hentry"],"yoast_head":"<!-- This site is optimized with the Yoast SEO plugin v27.0 - https:\/\/yoast.com\/product\/yoast-seo-wordpress\/ -->\n<title>Appartamento C<\/title>\n<meta name=\"description\" content=\"Appartamento C allo Steinzgerhof: accogliente atmosfera alpina, natura a portata di mano e la vera essenza della vita altoatesina.\" \/>\n<meta name=\"robots\" content=\"index, follow, max-snippet:-1, max-image-preview:large, max-video-preview:-1\" \/>\n<link rel=\"canonical\" href=\"\" \/>\n<meta property=\"og:locale\" content=\"it_IT\" \/>\n<meta property=\"og:type\" content=\"article\" \/>\n<meta property=\"og:title\" content=\"Appartamento C\" \/>\n<meta property=\"og:description\" content=\"Appartamento C allo Steinzgerhof: accogliente atmosfera alpina, natura a portata di mano e la vera essenza della vita altoatesina.\" \/>\n<meta property=\"og:url\" content=\"https:\/\/steinzgerhof.com\/it\/appartamenti-ad-anterselva-di-sopra-steinzgerhof\/appartamento-c-ad-anterselva-vivere-lalto-adige\/\" \/>\n<meta property=\"og:site_name\" content=\"Steinzgerhof\" \/>\n<meta property=\"article:modified_time\" content=\"2026-02-26T15:32:54+00:00\" \/>\n<meta property=\"og:image\" content=\"https:\/\/steinzgerhof.com\/wp-content\/uploads\/2026\/02\/Wohnung-C-3.png\" \/>\n\t<meta property=\"og:image:width\" content=\"1200\" \/>\n\t<meta property=\"og:image:height\" content=\"628\" \/>\n\t<meta property=\"og:image:type\" content=\"image\/png\" \/>\n<meta name=\"twitter:card\" content=\"summary_large_image\" \/>\n<meta name=\"twitter:label1\" content=\"Tempo di lettura stimato\" \/>\n\t<meta name=\"twitter:data1\" content=\"2 minuti\" \/>\n<script type=\"application\/ld+json\" class=\"yoast-schema-graph\">{\"@context\":\"https:\/\/schema.org\",\"@graph\":[{\"@type\":\"WebPage\",\"@id\":\"https:\/\/steinzgerhof.com\/it\/appartamenti-ad-anterselva-di-sopra-steinzgerhof\/appartamento-c-ad-anterselva-vivere-lalto-adige\/\",\"url\":\"https:\/\/steinzgerhof.com\/it\/appartamenti-ad-anterselva-di-sopra-steinzgerhof\/appartamento-c-ad-anterselva-vivere-lalto-adige\/\",\"name\":\"Wohnung C - Steinzgerhof\",\"isPartOf\":{\"@id\":\"https:\/\/steinzgerhof.com\/#website\"},\"primaryImageOfPage\":{\"@id\":\"https:\/\/steinzgerhof.com\/it\/appartamenti-ad-anterselva-di-sopra-steinzgerhof\/appartamento-c-ad-anterselva-vivere-lalto-adige\/#primaryimage\"},\"image\":{\"@id\":\"https:\/\/steinzgerhof.com\/it\/appartamenti-ad-anterselva-di-sopra-steinzgerhof\/appartamento-c-ad-anterselva-vivere-lalto-adige\/#primaryimage\"},\"thumbnailUrl\":\"https:\/\/steinzgerhof.com\/wp-content\/uploads\/2026\/02\/Wohnung-C-3.png\",\"datePublished\":\"2026-02-21T10:23:47+00:00\",\"dateModified\":\"2026-02-26T15:32:54+00:00\",\"description\":\"Ferienwohnung C am Steinzgerhof: Alpine Gem\u00fctlichkeit, Natur direkt vor der T\u00fcr und echtes S\u00fcdtiroler Lebensgef\u00fchl.\",\"breadcrumb\":{\"@id\":\"https:\/\/steinzgerhof.com\/it\/appartamenti-ad-anterselva-di-sopra-steinzgerhof\/appartamento-c-ad-anterselva-vivere-lalto-adige\/#breadcrumb\"},\"inLanguage\":\"it-IT\",\"potentialAction\":[{\"@type\":\"ReadAction\",\"target\":[\"https:\/\/steinzgerhof.com\/it\/appartamenti-ad-anterselva-di-sopra-steinzgerhof\/appartamento-c-ad-anterselva-vivere-lalto-adige\/\"]}]},{\"@type\":\"ImageObject\",\"inLanguage\":\"it-IT\",\"@id\":\"https:\/\/steinzgerhof.com\/it\/appartamenti-ad-anterselva-di-sopra-steinzgerhof\/appartamento-c-ad-anterselva-vivere-lalto-adige\/#primaryimage\",\"url\":\"https:\/\/steinzgerhof.com\/wp-content\/uploads\/2026\/02\/Wohnung-C-3.png\",\"contentUrl\":\"https:\/\/steinzgerhof.com\/wp-content\/uploads\/2026\/02\/Wohnung-C-3.png\"},{\"@type\":\"BreadcrumbList\",\"@id\":\"https:\/\/steinzgerhof.com\/it\/appartamenti-ad-anterselva-di-sopra-steinzgerhof\/appartamento-c-ad-anterselva-vivere-lalto-adige\/#breadcrumb\",\"itemListElement\":[{\"@type\":\"ListItem\",\"position\":1,\"name\":\"Benvenuti\",\"item\":\"https:\/\/steinzgerhof.com\/\"},{\"@type\":\"ListItem\",\"position\":2,\"name\":\"Appartamenti\",\"item\":\"https:\/\/steinzgerhof.com\/ferienwohnungen-in-antholz-obertal-steinzgerhof\/\"},{\"@type\":\"ListItem\",\"position\":3,\"name\":\"Appartamento C\"}]},{\"@type\":\"WebSite\",\"@id\":\"https:\/\/steinzgerhof.com\/it\/#website\",\"url\":\"https:\/\/steinzgerhof.com\/it\/\",\"name\":\"Steinzgerhof\",\"description\":\"\",\"publisher\":{\"@id\":\"https:\/\/steinzgerhof.com\/it\/#organization\"},\"potentialAction\":[{\"@type\":\"SearchAction\",\"target\":{\"@type\":\"EntryPoint\",\"urlTemplate\":\"https:\/\/steinzgerhof.com\/it\/?s={search_term_string}\"},\"query-input\":{\"@type\":\"PropertyValueSpecification\",\"valueRequired\":true,\"valueName\":\"search_term_string\"}}],\"inLanguage\":\"it-IT\"},{\"@type\":\"Organization\",\"@id\":\"https:\/\/steinzgerhof.com\/it\/#organization\",\"name\":\"Steinzgerhof\",\"url\":\"https:\/\/steinzgerhof.com\/it\/\",\"logo\":{\"@type\":\"ImageObject\",\"inLanguage\":\"it-IT\",\"@id\":\"https:\/\/steinzgerhof.com\/it\/#\/schema\/logo\/image\/\",\"url\":\"https:\/\/steinzgerhof.com\/wp-content\/uploads\/2026\/02\/steinzgerhof_logo.png\",\"contentUrl\":\"https:\/\/steinzgerhof.com\/wp-content\/uploads\/2026\/02\/steinzgerhof_logo.png\",\"width\":350,\"height\":69,\"caption\":\"Steinzgerhof\"},\"image\":{\"@id\":\"https:\/\/steinzgerhof.com\/it\/#\/schema\/logo\/image\/\"}}]}<\/script>\n<!-- \/ Yoast SEO plugin. -->","yoast_head_json":{"title":"Appartamento C","description":"Appartamento C allo Steinzgerhof: accogliente atmosfera alpina, natura a portata di mano e la vera essenza della vita altoatesina.","robots":{"index":"index","follow":"follow","max-snippet":"max-snippet:-1","max-image-preview":"max-image-preview:large","max-video-preview":"max-video-preview:-1"},"canonical":"Appartamento C \u2013 ampi spazi e disposizione flessibile 54 m\u00b2 | 2 camere da letto | 2 balconi | Per famiglie e gruppi Appartamento C colpisce per la sua disposizione intelligente degli spazi e per l\u2019ampiezza degli ambienti. Dispone di due camere da letto: una con letto matrimoniale e una con due letti singoli. La&hellip;","og_locale":"it_IT","og_type":"article","og_title":"Appartamento C","og_description":"Appartamento C allo Steinzgerhof: accogliente atmosfera alpina, natura a portata di mano e la vera essenza della vita altoatesina.","og_url":"https:\/\/steinzgerhof.com\/it\/appartamenti-ad-anterselva-di-sopra-steinzgerhof\/appartamento-c-ad-anterselva-vivere-lalto-adige\/","og_site_name":"Steinzgerhof","article_modified_time":"2026-02-26T15:32:54+00:00","og_image":[{"width":1200,"height":628,"url":"https:\/\/steinzgerhof.com\/wp-content\/uploads\/2026\/02\/Wohnung-C-3.png","type":"image\/png"}],"twitter_card":"summary_large_image","twitter_misc":{"Tempo di lettura stimato":"2 minuti"},"schema":{"@context":"https:\/\/schema.org","@graph":[{"@type":"WebPage","@id":"https:\/\/steinzgerhof.com\/it\/appartamenti-ad-anterselva-di-sopra-steinzgerhof\/appartamento-c-ad-anterselva-vivere-lalto-adige\/","url":"https:\/\/steinzgerhof.com\/it\/appartamenti-ad-anterselva-di-sopra-steinzgerhof\/appartamento-c-ad-anterselva-vivere-lalto-adige\/","name":"Wohnung C - Steinzgerhof","isPartOf":{"@id":"https:\/\/steinzgerhof.com\/#website"},"primaryImageOfPage":{"@id":"https:\/\/steinzgerhof.com\/it\/appartamenti-ad-anterselva-di-sopra-steinzgerhof\/appartamento-c-ad-anterselva-vivere-lalto-adige\/#primaryimage"},"image":{"@id":"https:\/\/steinzgerhof.com\/it\/appartamenti-ad-anterselva-di-sopra-steinzgerhof\/appartamento-c-ad-anterselva-vivere-lalto-adige\/#primaryimage"},"thumbnailUrl":"https:\/\/steinzgerhof.com\/wp-content\/uploads\/2026\/02\/Wohnung-C-3.png","datePublished":"2026-02-21T10:23:47+00:00","dateModified":"2026-02-26T15:32:54+00:00","description":"Ferienwohnung C am Steinzgerhof: Alpine Gem\u00fctlichkeit, Natur direkt vor der T\u00fcr und echtes S\u00fcdtiroler Lebensgef\u00fchl.","breadcrumb":{"@id":"https:\/\/steinzgerhof.com\/it\/appartamenti-ad-anterselva-di-sopra-steinzgerhof\/appartamento-c-ad-anterselva-vivere-lalto-adige\/#breadcrumb"},"inLanguage":"it-IT","potentialAction":[{"@type":"ReadAction","target":["https:\/\/steinzgerhof.com\/it\/appartamenti-ad-anterselva-di-sopra-steinzgerhof\/appartamento-c-ad-anterselva-vivere-lalto-adige\/"]}]},{"@type":"ImageObject","inLanguage":"it-IT","@id":"https:\/\/steinzgerhof.com\/it\/appartamenti-ad-anterselva-di-sopra-steinzgerhof\/appartamento-c-ad-anterselva-vivere-lalto-adige\/#primaryimage","url":"https:\/\/steinzgerhof.com\/wp-content\/uploads\/2026\/02\/Wohnung-C-3.png","contentUrl":"https:\/\/steinzgerhof.com\/wp-content\/uploads\/2026\/02\/Wohnung-C-3.png"},{"@type":"BreadcrumbList","@id":"https:\/\/steinzgerhof.com\/it\/appartamenti-ad-anterselva-di-sopra-steinzgerhof\/appartamento-c-ad-anterselva-vivere-lalto-adige\/#breadcrumb","itemListElement":[{"@type":"ListItem","position":1,"name":"Benvenuti","item":"https:\/\/steinzgerhof.com\/"},{"@type":"ListItem","position":2,"name":"Appartamenti","item":"https:\/\/steinzgerhof.com\/ferienwohnungen-in-antholz-obertal-steinzgerhof\/"},{"@type":"ListItem","position":3,"name":"Appartamento C"}]},{"@type":"WebSite","@id":"https:\/\/steinzgerhof.com\/it\/#website","url":"https:\/\/steinzgerhof.com\/it\/","name":"Steinzgerhof","description":"","publisher":{"@id":"https:\/\/steinzgerhof.com\/it\/#organization"},"potentialAction":[{"@type":"SearchAction","target":{"@type":"EntryPoint","urlTemplate":"https:\/\/steinzgerhof.com\/it\/?s={search_term_string}"},"query-input":{"@type":"PropertyValueSpecification","valueRequired":true,"valueName":"search_term_string"}}],"inLanguage":"it-IT"},{"@type":"Organization","@id":"https:\/\/steinzgerhof.com\/it\/#organization","name":"Steinzgerhof","url":"https:\/\/steinzgerhof.com\/it\/","logo":{"@type":"ImageObject","inLanguage":"it-IT","@id":"https:\/\/steinzgerhof.com\/it\/#\/schema\/logo\/image\/","url":"https:\/\/steinzgerhof.com\/wp-content\/uploads\/2026\/02\/steinzgerhof_logo.png","contentUrl":"https:\/\/steinzgerhof.com\/wp-content\/uploads\/2026\/02\/steinzgerhof_logo.png","width":350,"height":69,"caption":"Steinzgerhof"},"image":{"@id":"https:\/\/steinzgerhof.com\/it\/#\/schema\/logo\/image\/"}}]}},"_links":{"self":[{"href":"https:\/\/steinzgerhof.com\/it\/wp-json\/wp\/v2\/pages\/19","targetHints":{"allow":["GET"]}}],"collection":[{"href":"https:\/\/steinzgerhof.com\/it\/wp-json\/wp\/v2\/pages"}],"about":[{"href":"https:\/\/steinzgerhof.com\/it\/wp-json\/wp\/v2\/types\/page"}],"author":[{"embeddable":true,"href":"https:\/\/steinzgerhof.com\/it\/wp-json\/wp\/v2\/users\/1"}],"replies":[{"embeddable":true,"href":"https:\/\/steinzgerhof.com\/it\/wp-json\/wp\/v2\/comments?post=19"}],"version-history":[{"count":7,"href":"https:\/\/steinzgerhof.com\/it\/wp-json\/wp\/v2\/pages\/19\/revisions"}],"predecessor-version":[{"id":283,"href":"https:\/\/steinzgerhof.com\/it\/wp-json\/wp\/v2\/pages\/19\/revisions\/283"}],"up":[{"embeddable":true,"href":"https:\/\/steinzgerhof.com\/it\/wp-json\/wp\/v2\/pages\/11"}],"wp:attachment":[{"href":"https:\/\/steinzgerhof.com\/it\/wp-json\/wp\/v2\/media?parent=19"}],"curies":[{"name":"wp","href":"https:\/\/api.w.org\/{rel}","templated":true}]}}