{"id":17,"date":"2026-02-21T11:23:34","date_gmt":"2026-02-21T10:23:34","guid":{"rendered":"https:\/\/steinzgerhof.com\/?page_id=17"},"modified":"2026-02-26T16:29:36","modified_gmt":"2026-02-26T15:29:36","slug":"ferienwohnung-b-in-antholz-urlaub-am-bauernhof","status":"publish","type":"page","link":"https:\/\/steinzgerhof.com\/it\/appartamenti-ad-anterselva-di-sopra-steinzgerhof\/appartamento-b-ad-anterselva-vacanza-in-agriturismo\/","title":{"rendered":"Appartamento B"},"content":{"rendered":"\r\n<h1 class=\"wp-block-heading has-text-color has-link-color wp-elements-9255750cc0c120822c7bb45590836583\" style=\"color:#3b4d57\">Appartamento B \u2013 piccolo, curato e perfetto per momenti di coppia<\/h1>\r\n\r\n\r\n\r\n<h4 class=\"wp-block-heading has-text-color has-link-color wp-elements-59fdcba650c3f038441187ddf826dd91\" style=\"color:#3b4d57\"><em>32 m\u00b2 | 1 camera da letto | Balcone | Per coppie e piccole famiglie<\/em><\/h4>\r\n\r\n\r\n\r\n<p><strong>Appartamento B<\/strong> \u00e8 il pi\u00f9 piccolo dei nostri appartamenti vacanze \u2013 ed \u00e8 proprio questo a renderlo particolarmente affascinante. Ideale per coppie che cercano un rifugio tranquillo immerso nella natura dell\u2019Alto Adige. Grazie al comodo divano letto, offre spazio fino a quattro persone.<\/p>\r\n\r\n\r\n\r\n<p>Entrando, vi troverete direttamente nell\u2019ampia zona notte e soggiorno con letto matrimoniale. Questo ambiente trasmette calma e intimit\u00e0 ed \u00e8 perfetto per rilassarsi al mattino e alla sera. Il bagno adiacente \u00e8 dotato di doccia e bidet.<\/p>\r\n\r\n\r\n\r\n<p>Dalla camera da letto si accede al balcone, che regala una splendida vista sulla valle. Proprio accanto si trova l\u2019accogliente cucina con angolo cottura e tavolo da pranzo \u2013 perfetta per pasti condivisi alla luce calda del sole.<\/p>\r\n\r\n\r\n\r\n<div style=\"height:30px\" aria-hidden=\"true\" class=\"wp-block-spacer\"><\/div>\r\n\r\n\r\n\r\n<figure class=\"wp-block-gallery has-nested-images columns-default is-cropped wp-block-gallery-1 is-layout-flex wp-block-gallery-is-layout-flex\">\r\n<figure class=\"wp-block-image size-large\"><img loading=\"lazy\" decoding=\"async\" width=\"1024\" height=\"536\" data-id=\"132\" src=\"https:\/\/steinzgerhof.com\/wp-content\/uploads\/2026\/02\/Wohnung-B-2-1024x536.png\" alt=\"\" class=\"wp-image-132\" srcset=\"https:\/\/steinzgerhof.com\/wp-content\/uploads\/2026\/02\/Wohnung-B-2-1024x536.png 1024w, https:\/\/steinzgerhof.com\/wp-content\/uploads\/2026\/02\/Wohnung-B-2-300x157.png 300w, https:\/\/steinzgerhof.com\/wp-content\/uploads\/2026\/02\/Wohnung-B-2-768x402.png 768w, https:\/\/steinzgerhof.com\/wp-content\/uploads\/2026\/02\/Wohnung-B-2.png 1200w\" sizes=\"auto, (max-width: 1024px) 100vw, 1024px\" \/><figcaption class=\"wp-element-caption\">Zona notte e soggiorno<\/figcaption><\/figure>\r\n\r\n\r\n\r\n<figure class=\"wp-block-image size-large\"><img loading=\"lazy\" decoding=\"async\" width=\"1024\" height=\"536\" data-id=\"133\" src=\"https:\/\/steinzgerhof.com\/wp-content\/uploads\/2026\/02\/Wohnung-B-3-1024x536.png\" alt=\"\" class=\"wp-image-133\" srcset=\"https:\/\/steinzgerhof.com\/wp-content\/uploads\/2026\/02\/Wohnung-B-3-1024x536.png 1024w, https:\/\/steinzgerhof.com\/wp-content\/uploads\/2026\/02\/Wohnung-B-3-300x157.png 300w, https:\/\/steinzgerhof.com\/wp-content\/uploads\/2026\/02\/Wohnung-B-3-768x402.png 768w, https:\/\/steinzgerhof.com\/wp-content\/uploads\/2026\/02\/Wohnung-B-3.png 1200w\" sizes=\"auto, (max-width: 1024px) 100vw, 1024px\" \/><figcaption class=\"wp-element-caption\">Cucina<\/figcaption><\/figure>\r\n\r\n\r\n\r\n<figure class=\"wp-block-image size-large\"><img loading=\"lazy\" decoding=\"async\" width=\"1024\" height=\"536\" data-id=\"130\" src=\"https:\/\/steinzgerhof.com\/wp-content\/uploads\/2026\/02\/Wohnung-B-4-1024x536.png\" alt=\"\" class=\"wp-image-130\" srcset=\"https:\/\/steinzgerhof.com\/wp-content\/uploads\/2026\/02\/Wohnung-B-4-1024x536.png 1024w, https:\/\/steinzgerhof.com\/wp-content\/uploads\/2026\/02\/Wohnung-B-4-300x157.png 300w, https:\/\/steinzgerhof.com\/wp-content\/uploads\/2026\/02\/Wohnung-B-4-768x402.png 768w, https:\/\/steinzgerhof.com\/wp-content\/uploads\/2026\/02\/Wohnung-B-4.png 1200w\" sizes=\"auto, (max-width: 1024px) 100vw, 1024px\" \/><\/figure>\r\n\r\n\r\n\r\n<figure class=\"wp-block-image size-large\"><img loading=\"lazy\" decoding=\"async\" width=\"1024\" height=\"536\" data-id=\"131\" src=\"https:\/\/steinzgerhof.com\/wp-content\/uploads\/2026\/02\/Wohnung-B-1-1024x536.png\" alt=\"\" class=\"wp-image-131\" srcset=\"https:\/\/steinzgerhof.com\/wp-content\/uploads\/2026\/02\/Wohnung-B-1-1024x536.png 1024w, https:\/\/steinzgerhof.com\/wp-content\/uploads\/2026\/02\/Wohnung-B-1-300x157.png 300w, https:\/\/steinzgerhof.com\/wp-content\/uploads\/2026\/02\/Wohnung-B-1-768x402.png 768w, https:\/\/steinzgerhof.com\/wp-content\/uploads\/2026\/02\/Wohnung-B-1.png 1200w\" sizes=\"auto, (max-width: 1024px) 100vw, 1024px\" \/><figcaption class=\"wp-element-caption\">Vista dal balcone<\/figcaption><\/figure>\r\n<\/figure>\r\n\r\n\r\n\r\n<div style=\"height:30px\" aria-hidden=\"true\" class=\"wp-block-spacer\"><\/div>\r\n\r\n\r\n\r\n<h4 class=\"wp-block-heading\">Dotazioni<\/h4>\r\n\r\n\r\n\r\n<p>Cucina con macchina per espresso, moka, bollitore, frigorifero, pentole, stoviglie, bicchieri e posate.<\/p>\r\n\r\n\r\n\r\n<h4 class=\"wp-block-heading\">Ideale per:<\/h4>\r\n\r\n\r\n\r\n<p>Coppie, amanti della tranquillit\u00e0 o piccole famiglie che apprezzano natura, privacy e un\u2019atmosfera accogliente.<\/p>\r\n\r\n\r\n\r\n<div style=\"height:50px\" aria-hidden=\"true\" class=\"wp-block-spacer\"><\/div>\r\n\r\n\r\n\r\n<div class=\"wp-block-buttons is-content-justification-center is-layout-flex wp-container-core-buttons-is-layout-16018d1d wp-block-buttons-is-layout-flex\">\r\n<div class=\"wp-block-button\"><a class=\"wp-block-button__link has-text-color has-link-color wp-element-button\" href=\"https:\/\/steinzgerhof.com\/it\/prezzi-appartamenti-anterselva-steinzgerhof\/\" style=\"color:#c0c3e6\">Listino prezzi<\/a><\/div>\r\n<\/div>\r\n","protected":false},"excerpt":{"rendered":"<p>Appartamento B \u2013 piccolo, curato e perfetto per momenti di coppia 32 m\u00b2 | 1 camera da letto | Balcone | Per coppie e piccole famiglie Appartamento B \u00e8 il pi\u00f9 piccolo dei nostri appartamenti vacanze \u2013 ed \u00e8 proprio questo a renderlo particolarmente affascinante. Ideale per coppie che cercano un rifugio tranquillo immerso nella [&hellip;]<\/p>\n","protected":false},"author":1,"featured_media":0,"parent":11,"menu_order":2,"comment_status":"closed","ping_status":"closed","template":"","meta":{"footnotes":""},"class_list":["post-17","page","type-page","status-publish","hentry"],"yoast_head":"<!-- This site is optimized with the Yoast SEO plugin v27.0 - https:\/\/yoast.com\/product\/yoast-seo-wordpress\/ -->\n<title>Appartamento B<\/title>\n<meta name=\"description\" content=\"Appartamento B ad Anterselva di Sopra: un rifugio tranquillo e riservato per chi ama un\u2019atmosfera accogliente e rilassante.\" \/>\n<meta name=\"robots\" content=\"index, follow, max-snippet:-1, max-image-preview:large, max-video-preview:-1\" \/>\n<link rel=\"canonical\" href=\"http:\/\/Appartamento%20B%20\u2013%20piccolo,%20curato%20e%20perfetto%20per%20momenti%20di%20coppia%2032%20m\u00b2%20|%201%20camera%20da%20letto%20|%20Balcone%20|%20Per%20coppie%20e%20piccole%20famiglie%20Appartamento%20B%20\u00e8%20il%20pi\u00f9%20piccolo%20dei%20nostri%20appartamenti%20vacanze%20\u2013%20ed%20\u00e8%20proprio%20questo%20a%20renderlo%20particolarmente%20affascinante.%20Ideale%20per%20coppie%20che%20cercano%20un%20rifugio%20tranquillo%20immerso%20nella&hellip;\" \/>\n<meta property=\"og:locale\" content=\"it_IT\" \/>\n<meta property=\"og:type\" content=\"article\" \/>\n<meta property=\"og:title\" content=\"Appartamento B\" \/>\n<meta property=\"og:description\" content=\"Appartamento B ad Anterselva di Sopra: un rifugio tranquillo e riservato per chi ama un\u2019atmosfera accogliente e rilassante.\" \/>\n<meta property=\"og:url\" content=\"https:\/\/steinzgerhof.com\/it\/appartamenti-ad-anterselva-di-sopra-steinzgerhof\/appartamento-b-ad-anterselva-vacanza-in-agriturismo\/\" \/>\n<meta property=\"og:site_name\" content=\"Steinzgerhof\" \/>\n<meta property=\"article:modified_time\" content=\"2026-02-26T15:29:36+00:00\" \/>\n<meta property=\"og:image\" content=\"https:\/\/steinzgerhof.com\/wp-content\/uploads\/2026\/02\/Wohnung-B-2.png\" \/>\n\t<meta property=\"og:image:width\" content=\"1200\" \/>\n\t<meta property=\"og:image:height\" content=\"628\" \/>\n\t<meta property=\"og:image:type\" content=\"image\/png\" \/>\n<meta name=\"twitter:card\" content=\"summary_large_image\" \/>\n<meta name=\"twitter:label1\" content=\"Tempo di lettura stimato\" \/>\n\t<meta name=\"twitter:data1\" content=\"2 minuti\" \/>\n<script type=\"application\/ld+json\" class=\"yoast-schema-graph\">{\"@context\":\"https:\/\/schema.org\",\"@graph\":[{\"@type\":\"WebPage\",\"@id\":\"https:\/\/steinzgerhof.com\/it\/appartamenti-ad-anterselva-di-sopra-steinzgerhof\/appartamento-b-ad-anterselva-vacanza-in-agriturismo\/\",\"url\":\"https:\/\/steinzgerhof.com\/it\/appartamenti-ad-anterselva-di-sopra-steinzgerhof\/appartamento-b-ad-anterselva-vacanza-in-agriturismo\/\",\"name\":\"Wohnung B - Steinzgerhof\",\"isPartOf\":{\"@id\":\"https:\/\/steinzgerhof.com\/#website\"},\"primaryImageOfPage\":{\"@id\":\"https:\/\/steinzgerhof.com\/it\/appartamenti-ad-anterselva-di-sopra-steinzgerhof\/appartamento-b-ad-anterselva-vacanza-in-agriturismo\/#primaryimage\"},\"image\":{\"@id\":\"https:\/\/steinzgerhof.com\/it\/appartamenti-ad-anterselva-di-sopra-steinzgerhof\/appartamento-b-ad-anterselva-vacanza-in-agriturismo\/#primaryimage\"},\"thumbnailUrl\":\"https:\/\/steinzgerhof.com\/wp-content\/uploads\/2026\/02\/Wohnung-B-2.png\",\"datePublished\":\"2026-02-21T10:23:34+00:00\",\"dateModified\":\"2026-02-26T15:29:36+00:00\",\"description\":\"Ferienwohnung B in Antholz Obertal: Ruhiger und privater R\u00fcckzugsort f\u00fcr alle, die es gern gem\u00fctlich haben.\",\"breadcrumb\":{\"@id\":\"https:\/\/steinzgerhof.com\/it\/appartamenti-ad-anterselva-di-sopra-steinzgerhof\/appartamento-b-ad-anterselva-vacanza-in-agriturismo\/#breadcrumb\"},\"inLanguage\":\"it-IT\",\"potentialAction\":[{\"@type\":\"ReadAction\",\"target\":[\"https:\/\/steinzgerhof.com\/it\/appartamenti-ad-anterselva-di-sopra-steinzgerhof\/appartamento-b-ad-anterselva-vacanza-in-agriturismo\/\"]}]},{\"@type\":\"ImageObject\",\"inLanguage\":\"it-IT\",\"@id\":\"https:\/\/steinzgerhof.com\/it\/appartamenti-ad-anterselva-di-sopra-steinzgerhof\/appartamento-b-ad-anterselva-vacanza-in-agriturismo\/#primaryimage\",\"url\":\"https:\/\/steinzgerhof.com\/wp-content\/uploads\/2026\/02\/Wohnung-B-2.png\",\"contentUrl\":\"https:\/\/steinzgerhof.com\/wp-content\/uploads\/2026\/02\/Wohnung-B-2.png\"},{\"@type\":\"BreadcrumbList\",\"@id\":\"https:\/\/steinzgerhof.com\/it\/appartamenti-ad-anterselva-di-sopra-steinzgerhof\/appartamento-b-ad-anterselva-vacanza-in-agriturismo\/#breadcrumb\",\"itemListElement\":[{\"@type\":\"ListItem\",\"position\":1,\"name\":\"Benvenuti\",\"item\":\"https:\/\/steinzgerhof.com\/\"},{\"@type\":\"ListItem\",\"position\":2,\"name\":\"Appartamenti\",\"item\":\"https:\/\/steinzgerhof.com\/ferienwohnungen-in-antholz-obertal-steinzgerhof\/\"},{\"@type\":\"ListItem\",\"position\":3,\"name\":\"Appartamento B\"}]},{\"@type\":\"WebSite\",\"@id\":\"https:\/\/steinzgerhof.com\/it\/#website\",\"url\":\"https:\/\/steinzgerhof.com\/it\/\",\"name\":\"Steinzgerhof\",\"description\":\"\",\"publisher\":{\"@id\":\"https:\/\/steinzgerhof.com\/it\/#organization\"},\"potentialAction\":[{\"@type\":\"SearchAction\",\"target\":{\"@type\":\"EntryPoint\",\"urlTemplate\":\"https:\/\/steinzgerhof.com\/it\/?s={search_term_string}\"},\"query-input\":{\"@type\":\"PropertyValueSpecification\",\"valueRequired\":true,\"valueName\":\"search_term_string\"}}],\"inLanguage\":\"it-IT\"},{\"@type\":\"Organization\",\"@id\":\"https:\/\/steinzgerhof.com\/it\/#organization\",\"name\":\"Steinzgerhof\",\"url\":\"https:\/\/steinzgerhof.com\/it\/\",\"logo\":{\"@type\":\"ImageObject\",\"inLanguage\":\"it-IT\",\"@id\":\"https:\/\/steinzgerhof.com\/it\/#\/schema\/logo\/image\/\",\"url\":\"https:\/\/steinzgerhof.com\/wp-content\/uploads\/2026\/02\/steinzgerhof_logo.png\",\"contentUrl\":\"https:\/\/steinzgerhof.com\/wp-content\/uploads\/2026\/02\/steinzgerhof_logo.png\",\"width\":350,\"height\":69,\"caption\":\"Steinzgerhof\"},\"image\":{\"@id\":\"https:\/\/steinzgerhof.com\/it\/#\/schema\/logo\/image\/\"}}]}<\/script>\n<!-- \/ Yoast SEO plugin. -->","yoast_head_json":{"title":"Appartamento B","description":"Appartamento B ad Anterselva di Sopra: un rifugio tranquillo e riservato per chi ama un\u2019atmosfera accogliente e rilassante.","robots":{"index":"index","follow":"follow","max-snippet":"max-snippet:-1","max-image-preview":"max-image-preview:large","max-video-preview":"max-video-preview:-1"},"canonical":"Appartamento B \u2013 piccolo, curato e perfetto per momenti di coppia 32 m\u00b2 | 1 camera da letto | Balcone | Per coppie e piccole famiglie Appartamento B \u00e8 il pi\u00f9 piccolo dei nostri appartamenti vacanze \u2013 ed \u00e8 proprio questo a renderlo particolarmente affascinante. Ideale per coppie che cercano un rifugio tranquillo immerso nella&hellip;","og_locale":"it_IT","og_type":"article","og_title":"Appartamento B","og_description":"Appartamento B ad Anterselva di Sopra: un rifugio tranquillo e riservato per chi ama un\u2019atmosfera accogliente e rilassante.","og_url":"https:\/\/steinzgerhof.com\/it\/appartamenti-ad-anterselva-di-sopra-steinzgerhof\/appartamento-b-ad-anterselva-vacanza-in-agriturismo\/","og_site_name":"Steinzgerhof","article_modified_time":"2026-02-26T15:29:36+00:00","og_image":[{"width":1200,"height":628,"url":"https:\/\/steinzgerhof.com\/wp-content\/uploads\/2026\/02\/Wohnung-B-2.png","type":"image\/png"}],"twitter_card":"summary_large_image","twitter_misc":{"Tempo di lettura stimato":"2 minuti"},"schema":{"@context":"https:\/\/schema.org","@graph":[{"@type":"WebPage","@id":"https:\/\/steinzgerhof.com\/it\/appartamenti-ad-anterselva-di-sopra-steinzgerhof\/appartamento-b-ad-anterselva-vacanza-in-agriturismo\/","url":"https:\/\/steinzgerhof.com\/it\/appartamenti-ad-anterselva-di-sopra-steinzgerhof\/appartamento-b-ad-anterselva-vacanza-in-agriturismo\/","name":"Wohnung B - Steinzgerhof","isPartOf":{"@id":"https:\/\/steinzgerhof.com\/#website"},"primaryImageOfPage":{"@id":"https:\/\/steinzgerhof.com\/it\/appartamenti-ad-anterselva-di-sopra-steinzgerhof\/appartamento-b-ad-anterselva-vacanza-in-agriturismo\/#primaryimage"},"image":{"@id":"https:\/\/steinzgerhof.com\/it\/appartamenti-ad-anterselva-di-sopra-steinzgerhof\/appartamento-b-ad-anterselva-vacanza-in-agriturismo\/#primaryimage"},"thumbnailUrl":"https:\/\/steinzgerhof.com\/wp-content\/uploads\/2026\/02\/Wohnung-B-2.png","datePublished":"2026-02-21T10:23:34+00:00","dateModified":"2026-02-26T15:29:36+00:00","description":"Ferienwohnung B in Antholz Obertal: Ruhiger und privater R\u00fcckzugsort f\u00fcr alle, die es gern gem\u00fctlich haben.","breadcrumb":{"@id":"https:\/\/steinzgerhof.com\/it\/appartamenti-ad-anterselva-di-sopra-steinzgerhof\/appartamento-b-ad-anterselva-vacanza-in-agriturismo\/#breadcrumb"},"inLanguage":"it-IT","potentialAction":[{"@type":"ReadAction","target":["https:\/\/steinzgerhof.com\/it\/appartamenti-ad-anterselva-di-sopra-steinzgerhof\/appartamento-b-ad-anterselva-vacanza-in-agriturismo\/"]}]},{"@type":"ImageObject","inLanguage":"it-IT","@id":"https:\/\/steinzgerhof.com\/it\/appartamenti-ad-anterselva-di-sopra-steinzgerhof\/appartamento-b-ad-anterselva-vacanza-in-agriturismo\/#primaryimage","url":"https:\/\/steinzgerhof.com\/wp-content\/uploads\/2026\/02\/Wohnung-B-2.png","contentUrl":"https:\/\/steinzgerhof.com\/wp-content\/uploads\/2026\/02\/Wohnung-B-2.png"},{"@type":"BreadcrumbList","@id":"https:\/\/steinzgerhof.com\/it\/appartamenti-ad-anterselva-di-sopra-steinzgerhof\/appartamento-b-ad-anterselva-vacanza-in-agriturismo\/#breadcrumb","itemListElement":[{"@type":"ListItem","position":1,"name":"Benvenuti","item":"https:\/\/steinzgerhof.com\/"},{"@type":"ListItem","position":2,"name":"Appartamenti","item":"https:\/\/steinzgerhof.com\/ferienwohnungen-in-antholz-obertal-steinzgerhof\/"},{"@type":"ListItem","position":3,"name":"Appartamento B"}]},{"@type":"WebSite","@id":"https:\/\/steinzgerhof.com\/it\/#website","url":"https:\/\/steinzgerhof.com\/it\/","name":"Steinzgerhof","description":"","publisher":{"@id":"https:\/\/steinzgerhof.com\/it\/#organization"},"potentialAction":[{"@type":"SearchAction","target":{"@type":"EntryPoint","urlTemplate":"https:\/\/steinzgerhof.com\/it\/?s={search_term_string}"},"query-input":{"@type":"PropertyValueSpecification","valueRequired":true,"valueName":"search_term_string"}}],"inLanguage":"it-IT"},{"@type":"Organization","@id":"https:\/\/steinzgerhof.com\/it\/#organization","name":"Steinzgerhof","url":"https:\/\/steinzgerhof.com\/it\/","logo":{"@type":"ImageObject","inLanguage":"it-IT","@id":"https:\/\/steinzgerhof.com\/it\/#\/schema\/logo\/image\/","url":"https:\/\/steinzgerhof.com\/wp-content\/uploads\/2026\/02\/steinzgerhof_logo.png","contentUrl":"https:\/\/steinzgerhof.com\/wp-content\/uploads\/2026\/02\/steinzgerhof_logo.png","width":350,"height":69,"caption":"Steinzgerhof"},"image":{"@id":"https:\/\/steinzgerhof.com\/it\/#\/schema\/logo\/image\/"}}]}},"_links":{"self":[{"href":"https:\/\/steinzgerhof.com\/it\/wp-json\/wp\/v2\/pages\/17","targetHints":{"allow":["GET"]}}],"collection":[{"href":"https:\/\/steinzgerhof.com\/it\/wp-json\/wp\/v2\/pages"}],"about":[{"href":"https:\/\/steinzgerhof.com\/it\/wp-json\/wp\/v2\/types\/page"}],"author":[{"embeddable":true,"href":"https:\/\/steinzgerhof.com\/it\/wp-json\/wp\/v2\/users\/1"}],"replies":[{"embeddable":true,"href":"https:\/\/steinzgerhof.com\/it\/wp-json\/wp\/v2\/comments?post=17"}],"version-history":[{"count":7,"href":"https:\/\/steinzgerhof.com\/it\/wp-json\/wp\/v2\/pages\/17\/revisions"}],"predecessor-version":[{"id":282,"href":"https:\/\/steinzgerhof.com\/it\/wp-json\/wp\/v2\/pages\/17\/revisions\/282"}],"up":[{"embeddable":true,"href":"https:\/\/steinzgerhof.com\/it\/wp-json\/wp\/v2\/pages\/11"}],"wp:attachment":[{"href":"https:\/\/steinzgerhof.com\/it\/wp-json\/wp\/v2\/media?parent=17"}],"curies":[{"name":"wp","href":"https:\/\/api.w.org\/{rel}","templated":true}]}}