{"id":154,"date":"2026-02-22T22:11:32","date_gmt":"2026-02-22T21:11:32","guid":{"rendered":"https:\/\/steinzgerhof.com\/?page_id=154"},"modified":"2026-02-26T16:24:49","modified_gmt":"2026-02-26T15:24:49","slug":"unsere-empfehlungen-fuer-wanderungen-in-antholz","status":"publish","type":"page","link":"https:\/\/steinzgerhof.com\/it\/vacanza-ad-anterselva-natura-attivita\/i-nostri-consigli-per-escursioni-ad-anterselva\/","title":{"rendered":"Consigli dei padroni di casa"},"content":{"rendered":"\r\n<h1 class=\"wp-block-heading has-text-color has-link-color wp-elements-3a23023885c5046dcffd5795afd69a04\" style=\"color:#3b4d57\">Consigli dei padroni di casa \u2013 i nostri highlights &amp; suggerimenti per escursioni<\/h1>\r\n\r\n\r\n\r\n<h3 class=\"wp-block-heading\"><em>Steinzgeralm \u2013 autentico fascino alpino &amp; panorami mozzafiato<\/em><\/h3>\r\n\r\n\r\n\r\n<div style=\"height:30px\" aria-hidden=\"true\" class=\"wp-block-spacer\"><\/div>\r\n\r\n\r\n\r\n<figure class=\"wp-block-image size-full\"><img loading=\"lazy\" decoding=\"async\" width=\"1200\" height=\"628\" src=\"https:\/\/steinzgerhof.com\/wp-content\/uploads\/2026\/02\/Steinzgeralm-Sommer.png\" alt=\"\" class=\"wp-image-191\" srcset=\"https:\/\/steinzgerhof.com\/wp-content\/uploads\/2026\/02\/Steinzgeralm-Sommer.png 1200w, https:\/\/steinzgerhof.com\/wp-content\/uploads\/2026\/02\/Steinzgeralm-Sommer-300x157.png 300w, https:\/\/steinzgerhof.com\/wp-content\/uploads\/2026\/02\/Steinzgeralm-Sommer-1024x536.png 1024w, https:\/\/steinzgerhof.com\/wp-content\/uploads\/2026\/02\/Steinzgeralm-Sommer-768x402.png 768w\" sizes=\"auto, (max-width: 1200px) 100vw, 1200px\" \/><\/figure>\r\n\r\n\r\n\r\n<div style=\"height:30px\" aria-hidden=\"true\" class=\"wp-block-spacer\"><\/div>\r\n\r\n\r\n\r\n<p><strong>La Steinzgeralm<\/strong> \u00e8 una delle nostre mete preferite per una gita di mezza giornata. \u00c8 di propriet\u00e0 della famiglia Passler da generazioni e ospita il nostro bestiame giovane in estate, dove pu\u00f2 pascolare sugli alti prati di montagna. Da qui non solo si gode una vista spettacolare sulla valle, ma si pu\u00f2 anche respirare l\u2019atmosfera autentica della malga: prati profumati, mucche tranquille e aria pura di montagna. Inoltre, se la malga \u00e8 aperta, ci si pu\u00f2 concedere qualche delizia fatta in casa dopo una splendida escursione.<\/p>\r\n\r\n\r\n\r\n<p>Il percorso parte dal <strong>Lago di Anterselva<\/strong>, attraversa boschi e prati alpini fino alla malga accogliente a circa 1.894 m di altitudine \u2013 ideale per famiglie o chi desidera passeggiare con calma durante la vacanza.<\/p>\r\n\r\n\r\n\r\n<p>La malga \u00e8 aperta al momento e <strong>Patrick Passler<\/strong> vi aspetta con piacere.<\/p>\r\n\r\n\r\n\r\n<div style=\"height:50px\" aria-hidden=\"true\" class=\"wp-block-spacer\"><\/div>\r\n\r\n\r\n\r\n<h3 class=\"wp-block-heading\"><em>Stallersattel &amp; Rifugio Barmer \u2013 esperienze panoramiche ad alta quota<\/em><\/h3>\r\n\r\n\r\n\r\n<div style=\"height:30px\" aria-hidden=\"true\" class=\"wp-block-spacer\"><\/div>\r\n\r\n\r\n\r\n<figure class=\"wp-block-image size-full\"><img loading=\"lazy\" decoding=\"async\" width=\"1200\" height=\"628\" src=\"https:\/\/steinzgerhof.com\/wp-content\/uploads\/2026\/02\/2024-08_Staller-Sattel-Obersee-_-c-Plaickner-Josef_Archiv-Tourist-Info-Antholzertal-1.png\" alt=\"\" class=\"wp-image-184\" srcset=\"https:\/\/steinzgerhof.com\/wp-content\/uploads\/2026\/02\/2024-08_Staller-Sattel-Obersee-_-c-Plaickner-Josef_Archiv-Tourist-Info-Antholzertal-1.png 1200w, https:\/\/steinzgerhof.com\/wp-content\/uploads\/2026\/02\/2024-08_Staller-Sattel-Obersee-_-c-Plaickner-Josef_Archiv-Tourist-Info-Antholzertal-1-300x157.png 300w, https:\/\/steinzgerhof.com\/wp-content\/uploads\/2026\/02\/2024-08_Staller-Sattel-Obersee-_-c-Plaickner-Josef_Archiv-Tourist-Info-Antholzertal-1-1024x536.png 1024w, https:\/\/steinzgerhof.com\/wp-content\/uploads\/2026\/02\/2024-08_Staller-Sattel-Obersee-_-c-Plaickner-Josef_Archiv-Tourist-Info-Antholzertal-1-768x402.png 768w\" sizes=\"auto, (max-width: 1200px) 100vw, 1200px\" \/><figcaption class=\"wp-element-caption\"><em><sub>Lago di Sopra<\/sub><\/em><\/figcaption><\/figure>\r\n\r\n\r\n\r\n<figure class=\"wp-block-gallery has-nested-images columns-default is-cropped wp-block-gallery-1 is-layout-flex wp-block-gallery-is-layout-flex\">\r\n<figure class=\"wp-block-image size-large\"><img loading=\"lazy\" decoding=\"async\" width=\"1024\" height=\"536\" data-id=\"183\" src=\"https:\/\/steinzgerhof.com\/wp-content\/uploads\/2026\/02\/2024-08_Staller-Sattel-Obersee-_-c-Plaickner-Josef_Archiv-Tourist-Info-Antholzertal-1024x536.png\" alt=\"\" class=\"wp-image-183\" srcset=\"https:\/\/steinzgerhof.com\/wp-content\/uploads\/2026\/02\/2024-08_Staller-Sattel-Obersee-_-c-Plaickner-Josef_Archiv-Tourist-Info-Antholzertal-1024x536.png 1024w, https:\/\/steinzgerhof.com\/wp-content\/uploads\/2026\/02\/2024-08_Staller-Sattel-Obersee-_-c-Plaickner-Josef_Archiv-Tourist-Info-Antholzertal-300x157.png 300w, https:\/\/steinzgerhof.com\/wp-content\/uploads\/2026\/02\/2024-08_Staller-Sattel-Obersee-_-c-Plaickner-Josef_Archiv-Tourist-Info-Antholzertal-768x402.png 768w, https:\/\/steinzgerhof.com\/wp-content\/uploads\/2026\/02\/2024-08_Staller-Sattel-Obersee-_-c-Plaickner-Josef_Archiv-Tourist-Info-Antholzertal.png 1200w\" sizes=\"auto, (max-width: 1024px) 100vw, 1024px\" \/><figcaption class=\"wp-element-caption\">Staller Sattel<\/figcaption><\/figure>\r\n\r\n\r\n\r\n<figure class=\"wp-block-image size-large\"><img loading=\"lazy\" decoding=\"async\" width=\"1024\" height=\"536\" data-id=\"188\" src=\"https:\/\/steinzgerhof.com\/wp-content\/uploads\/2026\/02\/Barmerhuette-1024x536.png\" alt=\"\" class=\"wp-image-188\" srcset=\"https:\/\/steinzgerhof.com\/wp-content\/uploads\/2026\/02\/Barmerhuette-1024x536.png 1024w, https:\/\/steinzgerhof.com\/wp-content\/uploads\/2026\/02\/Barmerhuette-300x157.png 300w, https:\/\/steinzgerhof.com\/wp-content\/uploads\/2026\/02\/Barmerhuette-768x402.png 768w, https:\/\/steinzgerhof.com\/wp-content\/uploads\/2026\/02\/Barmerhuette.png 1200w\" sizes=\"auto, (max-width: 1024px) 100vw, 1024px\" \/><figcaption class=\"wp-element-caption\">Rifugio Barmer<\/figcaption><\/figure>\r\n<\/figure>\r\n\r\n\r\n\r\n<div style=\"height:30px\" aria-hidden=\"true\" class=\"wp-block-spacer\"><\/div>\r\n\r\n\r\n\r\n<p>Il <strong>Stallersattel<\/strong> \u00e8 un passo montano mozzafiato che collega la Valle di Anterselva alla vicina Val Defereggen ed \u00e8 punto di partenza per escursioni spettacolari nelle Alpi. Da qui i sentieri conducono al selvaggio gruppo del Rieserferner, ideale per gite di un giorno con viste panoramiche spettacolari. Particolarmente apprezzata \u00e8 la salita al <strong>Rifugio Barmer<\/strong>, un rifugio a circa 2.600 m di altitudine, dove dopo una camminata impegnativa ma gratificante si viene premiati con panorami grandiosi. Il percorso passa per soleggiati sentieri di montagna, accanto al pittoresco <strong>Lago di Sopra<\/strong> e offre continuamente viste spettacolari sulle montagne degli Alti Tauri e delle Dolomiti.<\/p>\r\n\r\n\r\n\r\n<div style=\"height:50px\" aria-hidden=\"true\" class=\"wp-block-spacer\"><\/div>\r\n\r\n\r\n\r\n<h3 class=\"wp-block-heading\"><em>Anello del lago \u2013 percorso natura e panorama al Lago di Anterselva<\/em><\/h3>\r\n\r\n\r\n\r\n<div style=\"height:30px\" aria-hidden=\"true\" class=\"wp-block-spacer\"><\/div>\r\n\r\n\r\n\r\n<figure class=\"wp-block-image size-full\"><img loading=\"lazy\" decoding=\"async\" width=\"1200\" height=\"628\" src=\"https:\/\/steinzgerhof.com\/wp-content\/uploads\/2026\/02\/Antholzer-See-Sommer-Abend-Ruhe.png\" alt=\"\" class=\"wp-image-186\" srcset=\"https:\/\/steinzgerhof.com\/wp-content\/uploads\/2026\/02\/Antholzer-See-Sommer-Abend-Ruhe.png 1200w, https:\/\/steinzgerhof.com\/wp-content\/uploads\/2026\/02\/Antholzer-See-Sommer-Abend-Ruhe-300x157.png 300w, https:\/\/steinzgerhof.com\/wp-content\/uploads\/2026\/02\/Antholzer-See-Sommer-Abend-Ruhe-1024x536.png 1024w, https:\/\/steinzgerhof.com\/wp-content\/uploads\/2026\/02\/Antholzer-See-Sommer-Abend-Ruhe-768x402.png 768w\" sizes=\"auto, (max-width: 1200px) 100vw, 1200px\" \/><\/figure>\r\n\r\n\r\n\r\n<div style=\"height:30px\" aria-hidden=\"true\" class=\"wp-block-spacer\"><\/div>\r\n\r\n\r\n\r\n<p>Il <strong>percorso ad anello intorno al Lago di Anterselva<\/strong> \u00e8 una vera gemma per tutte le et\u00e0: adatto alle famiglie, percorribile con passeggini e facilmente completabile in circa 1,5\u20132 ore. Il lago stesso offre acque turchesi e uno sfondo montano impressionante. Lungo il percorso pannelli illustrativi spiegano flora, fauna e caratteristiche geologiche, rendendo la passeggiata istruttiva e rilassante allo stesso tempo.<\/p>\r\n\r\n\r\n\r\n<div style=\"height:50px\" aria-hidden=\"true\" class=\"wp-block-spacer\"><\/div>\r\n\r\n\r\n\r\n<h3 class=\"wp-block-heading\"><em>Rifugio Rieserferner \u2013 atmosfera di alta montagna pura<\/em><\/h3>\r\n\r\n\r\n\r\n<div style=\"height:30px\" aria-hidden=\"true\" class=\"wp-block-spacer\"><\/div>\r\n\r\n\r\n\r\n<figure class=\"wp-block-image size-full\"><img loading=\"lazy\" decoding=\"async\" width=\"1200\" height=\"628\" src=\"https:\/\/steinzgerhof.com\/wp-content\/uploads\/2026\/02\/Rieserfernerhuette.png\" alt=\"\" class=\"wp-image-189\" srcset=\"https:\/\/steinzgerhof.com\/wp-content\/uploads\/2026\/02\/Rieserfernerhuette.png 1200w, https:\/\/steinzgerhof.com\/wp-content\/uploads\/2026\/02\/Rieserfernerhuette-300x157.png 300w, https:\/\/steinzgerhof.com\/wp-content\/uploads\/2026\/02\/Rieserfernerhuette-1024x536.png 1024w, https:\/\/steinzgerhof.com\/wp-content\/uploads\/2026\/02\/Rieserfernerhuette-768x402.png 768w\" sizes=\"auto, (max-width: 1200px) 100vw, 1200px\" \/><\/figure>\r\n\r\n\r\n\r\n<div style=\"height:30px\" aria-hidden=\"true\" class=\"wp-block-spacer\"><\/div>\r\n\r\n\r\n\r\n<p>Per escursionisti esperti, una gita al <strong>Rifugio Rieserferner<\/strong> \u00e8 un vero highlight. Il rifugio si trova in alta quota nel Parco Naturale Rieserferner-Ahrn e offre un\u2019esperienza classica di montagna tra pareti rocciose e affascinanti viste sui ghiacciai. L\u2019escursione \u00e8 caratterizzata da sentieri alpini e percorsi variati. Perfetta per chi desidera vivere la natura in maniera intensa.<\/p>\r\n\r\n\r\n\r\n<div style=\"height:50px\" aria-hidden=\"true\" class=\"wp-block-spacer\"><\/div>\r\n\r\n\r\n\r\n<h3 class=\"wp-block-heading\"><em>Piramidi di terra \u2013 meraviglie naturali nella Val Pusteria<\/em><\/h3>\r\n\r\n\r\n\r\n<div style=\"height:30px\" aria-hidden=\"true\" class=\"wp-block-spacer\"><\/div>\r\n\r\n\r\n\r\n<figure class=\"wp-block-image size-full\"><img loading=\"lazy\" decoding=\"async\" width=\"1200\" height=\"628\" src=\"https:\/\/steinzgerhof.com\/wp-content\/uploads\/2026\/02\/Erdpyramide.png\" alt=\"\" class=\"wp-image-190\" srcset=\"https:\/\/steinzgerhof.com\/wp-content\/uploads\/2026\/02\/Erdpyramide.png 1200w, https:\/\/steinzgerhof.com\/wp-content\/uploads\/2026\/02\/Erdpyramide-300x157.png 300w, https:\/\/steinzgerhof.com\/wp-content\/uploads\/2026\/02\/Erdpyramide-1024x536.png 1024w, https:\/\/steinzgerhof.com\/wp-content\/uploads\/2026\/02\/Erdpyramide-768x402.png 768w\" sizes=\"auto, (max-width: 1200px) 100vw, 1200px\" \/><\/figure>\r\n\r\n\r\n\r\n<div style=\"height:30px\" aria-hidden=\"true\" class=\"wp-block-spacer\"><\/div>\r\n\r\n\r\n\r\n<p>Un po\u2019 pi\u00f9 lontane, ma assolutamente affascinanti, sono le <strong>Piramidi di terra<\/strong> a <strong>Plan<\/strong> e nei dintorni di <strong>Brunico<\/strong>, un monumento naturale geologico e meta escursionistica molto apprezzata in Alto Adige. Queste colonne di terra, modellate dall\u2019erosione nel corso dei millenni, sembrano opere d\u2019arte della natura. Ideale per famiglie o amanti della fotografia, questa passeggiata combina storia naturale e paesaggio in modo unico.<\/p>\r\n\r\n\r\n\r\n<div style=\"height:50px\" aria-hidden=\"true\" class=\"wp-block-spacer\"><\/div>\r\n\r\n\r\n\r\n<h4 class=\"wp-block-heading\">H3: Altopiano Pl\u00e4tzwiese \u2013 panorama &amp; alba<\/h4>\r\n\r\n\r\n\r\n<div style=\"height:30px\" aria-hidden=\"true\" class=\"wp-block-spacer\"><\/div>\r\n\r\n\r\n\r\n<figure class=\"wp-block-image size-full\"><img loading=\"lazy\" decoding=\"async\" width=\"1200\" height=\"628\" src=\"https:\/\/steinzgerhof.com\/wp-content\/uploads\/2026\/02\/C-Alexander-Hoernigk-Plaetzwiese.png\" alt=\"\" class=\"wp-image-200\" srcset=\"https:\/\/steinzgerhof.com\/wp-content\/uploads\/2026\/02\/C-Alexander-Hoernigk-Plaetzwiese.png 1200w, https:\/\/steinzgerhof.com\/wp-content\/uploads\/2026\/02\/C-Alexander-Hoernigk-Plaetzwiese-300x157.png 300w, https:\/\/steinzgerhof.com\/wp-content\/uploads\/2026\/02\/C-Alexander-Hoernigk-Plaetzwiese-1024x536.png 1024w, https:\/\/steinzgerhof.com\/wp-content\/uploads\/2026\/02\/C-Alexander-Hoernigk-Plaetzwiese-768x402.png 768w\" sizes=\"auto, (max-width: 1200px) 100vw, 1200px\" \/><\/figure>\r\n\r\n\r\n\r\n<div style=\"height:30px\" aria-hidden=\"true\" class=\"wp-block-spacer\"><\/div>\r\n\r\n\r\n\r\n<p>L\u2019<strong>Altopiano Pl\u00e4tzwiese<\/strong> \u00e8 uno dei pi\u00f9 bei altopiani dell\u2019Alto Adige, perfetto per escursioni giornaliere o lunghe passeggiate. Apprezzato per i suoi ampi prati alpini e le viste spettacolari sulle vette circostanti, \u00e8 un luogo magico per ammirare l\u2019alba. Ideale per fotografie, passeggiate tranquille o semplicemente per rilassarsi: l\u2019Altopiano Pl\u00e4tzwiese \u00e8 una tappa imperdibile della regione e fa battere il cuore di ogni amante della natura.<\/p>\r\n\r\n\r\n\r\n<div style=\"height:50px\" aria-hidden=\"true\" class=\"wp-block-spacer\"><\/div>\r\n\r\n\r\n\r\n<div class=\"wp-block-buttons is-content-justification-center is-layout-flex wp-container-core-buttons-is-layout-16018d1d wp-block-buttons-is-layout-flex\">\r\n<div class=\"wp-block-button\"><a class=\"wp-block-button__link has-text-color has-link-color wp-element-button\" href=\"https:\/\/steinzgerhof.com\/it\/chi-siamo-steinzgerhof-ad-anterselva\/\" style=\"color:#c0c3e6\">I padroni di casa vi presentano<\/a><\/div>\r\n<\/div>\r\n\r\n\r\n\r\n<div style=\"height:50px\" aria-hidden=\"true\" class=\"wp-block-spacer\"><\/div>\r\n\r\n\r\n\r\n<p><\/p>\r\n","protected":false},"excerpt":{"rendered":"<p>Consigli dei padroni di casa \u2013 i nostri highlights &amp; suggerimenti per escursioni Steinzgeralm \u2013 autentico fascino alpino &amp; panorami mozzafiato La Steinzgeralm \u00e8 una delle nostre mete preferite per una gita di mezza giornata. \u00c8 di propriet\u00e0 della famiglia Passler da generazioni e ospita il nostro bestiame giovane in estate, dove pu\u00f2 pascolare sugli [&hellip;]<\/p>\n","protected":false},"author":2,"featured_media":169,"parent":23,"menu_order":0,"comment_status":"closed","ping_status":"closed","template":"","meta":{"footnotes":""},"class_list":["post-154","page","type-page","status-publish","has-post-thumbnail","hentry"],"yoast_head":"<!-- This site is optimized with the Yoast SEO plugin v27.0 - https:\/\/yoast.com\/product\/yoast-seo-wordpress\/ -->\n<title>Consigli dei padroni di casa<\/title>\n<meta name=\"description\" content=\"Consigli caldi dallo Steinzgerhof: escursioni, malghe e luoghi speciali intorno ad Anterselva. Raccomandati personalmente.\" \/>\n<meta name=\"robots\" content=\"index, follow, max-snippet:-1, max-image-preview:large, max-video-preview:-1\" \/>\n<link rel=\"canonical\" href=\"http:\/\/Consigli%20dei%20padroni%20di%20casa%20\u2013%20i%20nostri%20highlights%20&amp;%20suggerimenti%20per%20escursioni%20Steinzgeralm%20\u2013%20autentico%20fascino%20alpino%20&amp;%20panorami%20mozzafiato%20La%20Steinzgeralm%20\u00e8%20una%20delle%20nostre%20mete%20preferite%20per%20una%20gita%20di%20mezza%20giornata.%20\u00c8%20di%20propriet\u00e0%20della%20famiglia%20Passler%20da%20generazioni%20e%20ospita%20il%20nostro%20bestiame%20giovane%20in%20estate,%20dove%20pu\u00f2%20pascolare%20sugli&hellip;\" \/>\n<meta property=\"og:locale\" content=\"it_IT\" \/>\n<meta property=\"og:type\" content=\"article\" \/>\n<meta property=\"og:title\" content=\"Consigli dei padroni di casa\" \/>\n<meta property=\"og:description\" content=\"Consigli caldi dallo Steinzgerhof: escursioni, malghe e luoghi speciali intorno ad Anterselva. Raccomandati personalmente.\" \/>\n<meta property=\"og:url\" content=\"https:\/\/steinzgerhof.com\/it\/vacanza-ad-anterselva-natura-attivita\/i-nostri-consigli-per-escursioni-ad-anterselva\/\" \/>\n<meta property=\"og:site_name\" content=\"Steinzgerhof\" \/>\n<meta property=\"article:modified_time\" content=\"2026-02-26T15:24:49+00:00\" \/>\n<meta property=\"og:image\" content=\"https:\/\/steinzgerhof.com\/wp-content\/uploads\/2026\/02\/8-1024x1024.png\" \/>\n\t<meta property=\"og:image:width\" content=\"1024\" \/>\n\t<meta property=\"og:image:height\" content=\"1024\" \/>\n\t<meta property=\"og:image:type\" content=\"image\/png\" \/>\n<meta name=\"twitter:card\" content=\"summary_large_image\" \/>\n<meta name=\"twitter:label1\" content=\"Tempo di lettura stimato\" \/>\n\t<meta name=\"twitter:data1\" content=\"5 minuti\" \/>\n<script type=\"application\/ld+json\" class=\"yoast-schema-graph\">{\"@context\":\"https:\/\/schema.org\",\"@graph\":[{\"@type\":\"WebPage\",\"@id\":\"https:\/\/steinzgerhof.com\/it\/vacanza-ad-anterselva-natura-attivita\/i-nostri-consigli-per-escursioni-ad-anterselva\/\",\"url\":\"https:\/\/steinzgerhof.com\/it\/vacanza-ad-anterselva-natura-attivita\/i-nostri-consigli-per-escursioni-ad-anterselva\/\",\"name\":\"Gastgeber empfehlen - Steinzgerhof\",\"isPartOf\":{\"@id\":\"https:\/\/steinzgerhof.com\/#website\"},\"primaryImageOfPage\":{\"@id\":\"https:\/\/steinzgerhof.com\/it\/vacanza-ad-anterselva-natura-attivita\/i-nostri-consigli-per-escursioni-ad-anterselva\/#primaryimage\"},\"image\":{\"@id\":\"https:\/\/steinzgerhof.com\/it\/vacanza-ad-anterselva-natura-attivita\/i-nostri-consigli-per-escursioni-ad-anterselva\/#primaryimage\"},\"thumbnailUrl\":\"https:\/\/steinzgerhof.com\/wp-content\/uploads\/2026\/02\/8.png\",\"datePublished\":\"2026-02-22T21:11:32+00:00\",\"dateModified\":\"2026-02-26T15:24:49+00:00\",\"description\":\"Hei\u00dfe Tipps vom Steinzgerhof: Wanderungen, Almen und besondere Pl\u00e4tze rund um Antholz. Pers\u00f6nlich empfohlen.\",\"breadcrumb\":{\"@id\":\"https:\/\/steinzgerhof.com\/it\/vacanza-ad-anterselva-natura-attivita\/i-nostri-consigli-per-escursioni-ad-anterselva\/#breadcrumb\"},\"inLanguage\":\"it-IT\",\"potentialAction\":[{\"@type\":\"ReadAction\",\"target\":[\"https:\/\/steinzgerhof.com\/it\/vacanza-ad-anterselva-natura-attivita\/i-nostri-consigli-per-escursioni-ad-anterselva\/\"]}]},{\"@type\":\"ImageObject\",\"inLanguage\":\"it-IT\",\"@id\":\"https:\/\/steinzgerhof.com\/it\/vacanza-ad-anterselva-natura-attivita\/i-nostri-consigli-per-escursioni-ad-anterselva\/#primaryimage\",\"url\":\"https:\/\/steinzgerhof.com\/wp-content\/uploads\/2026\/02\/8.png\",\"contentUrl\":\"https:\/\/steinzgerhof.com\/wp-content\/uploads\/2026\/02\/8.png\",\"width\":1200,\"height\":1200},{\"@type\":\"BreadcrumbList\",\"@id\":\"https:\/\/steinzgerhof.com\/it\/vacanza-ad-anterselva-natura-attivita\/i-nostri-consigli-per-escursioni-ad-anterselva\/#breadcrumb\",\"itemListElement\":[{\"@type\":\"ListItem\",\"position\":1,\"name\":\"Benvenuti\",\"item\":\"https:\/\/steinzgerhof.com\/\"},{\"@type\":\"ListItem\",\"position\":2,\"name\":\"Dintorni\",\"item\":\"https:\/\/steinzgerhof.com\/urlaub-in-antholz-natur-aktivitaeten\/\"},{\"@type\":\"ListItem\",\"position\":3,\"name\":\"Consigli dei padroni di casa\"}]},{\"@type\":\"WebSite\",\"@id\":\"https:\/\/steinzgerhof.com\/it\/#website\",\"url\":\"https:\/\/steinzgerhof.com\/it\/\",\"name\":\"Steinzgerhof\",\"description\":\"\",\"publisher\":{\"@id\":\"https:\/\/steinzgerhof.com\/it\/#organization\"},\"potentialAction\":[{\"@type\":\"SearchAction\",\"target\":{\"@type\":\"EntryPoint\",\"urlTemplate\":\"https:\/\/steinzgerhof.com\/it\/?s={search_term_string}\"},\"query-input\":{\"@type\":\"PropertyValueSpecification\",\"valueRequired\":true,\"valueName\":\"search_term_string\"}}],\"inLanguage\":\"it-IT\"},{\"@type\":\"Organization\",\"@id\":\"https:\/\/steinzgerhof.com\/it\/#organization\",\"name\":\"Steinzgerhof\",\"url\":\"https:\/\/steinzgerhof.com\/it\/\",\"logo\":{\"@type\":\"ImageObject\",\"inLanguage\":\"it-IT\",\"@id\":\"https:\/\/steinzgerhof.com\/it\/#\/schema\/logo\/image\/\",\"url\":\"https:\/\/steinzgerhof.com\/wp-content\/uploads\/2026\/02\/steinzgerhof_logo.png\",\"contentUrl\":\"https:\/\/steinzgerhof.com\/wp-content\/uploads\/2026\/02\/steinzgerhof_logo.png\",\"width\":350,\"height\":69,\"caption\":\"Steinzgerhof\"},\"image\":{\"@id\":\"https:\/\/steinzgerhof.com\/it\/#\/schema\/logo\/image\/\"}}]}<\/script>\n<!-- \/ Yoast SEO plugin. -->","yoast_head_json":{"title":"Consigli dei padroni di casa","description":"Consigli caldi dallo Steinzgerhof: escursioni, malghe e luoghi speciali intorno ad Anterselva. Raccomandati personalmente.","robots":{"index":"index","follow":"follow","max-snippet":"max-snippet:-1","max-image-preview":"max-image-preview:large","max-video-preview":"max-video-preview:-1"},"canonical":"Consigli dei padroni di casa \u2013 i nostri highlights &amp; suggerimenti per escursioni Steinzgeralm \u2013 autentico fascino alpino &amp; panorami mozzafiato La Steinzgeralm \u00e8 una delle nostre mete preferite per una gita di mezza giornata. \u00c8 di propriet\u00e0 della famiglia Passler da generazioni e ospita il nostro bestiame giovane in estate, dove pu\u00f2 pascolare sugli&hellip;","og_locale":"it_IT","og_type":"article","og_title":"Consigli dei padroni di casa","og_description":"Consigli caldi dallo Steinzgerhof: escursioni, malghe e luoghi speciali intorno ad Anterselva. Raccomandati personalmente.","og_url":"https:\/\/steinzgerhof.com\/it\/vacanza-ad-anterselva-natura-attivita\/i-nostri-consigli-per-escursioni-ad-anterselva\/","og_site_name":"Steinzgerhof","article_modified_time":"2026-02-26T15:24:49+00:00","og_image":[{"width":1024,"height":1024,"url":"https:\/\/steinzgerhof.com\/wp-content\/uploads\/2026\/02\/8-1024x1024.png","type":"image\/png"}],"twitter_card":"summary_large_image","twitter_misc":{"Tempo di lettura stimato":"5 minuti"},"schema":{"@context":"https:\/\/schema.org","@graph":[{"@type":"WebPage","@id":"https:\/\/steinzgerhof.com\/it\/vacanza-ad-anterselva-natura-attivita\/i-nostri-consigli-per-escursioni-ad-anterselva\/","url":"https:\/\/steinzgerhof.com\/it\/vacanza-ad-anterselva-natura-attivita\/i-nostri-consigli-per-escursioni-ad-anterselva\/","name":"Gastgeber empfehlen - Steinzgerhof","isPartOf":{"@id":"https:\/\/steinzgerhof.com\/#website"},"primaryImageOfPage":{"@id":"https:\/\/steinzgerhof.com\/it\/vacanza-ad-anterselva-natura-attivita\/i-nostri-consigli-per-escursioni-ad-anterselva\/#primaryimage"},"image":{"@id":"https:\/\/steinzgerhof.com\/it\/vacanza-ad-anterselva-natura-attivita\/i-nostri-consigli-per-escursioni-ad-anterselva\/#primaryimage"},"thumbnailUrl":"https:\/\/steinzgerhof.com\/wp-content\/uploads\/2026\/02\/8.png","datePublished":"2026-02-22T21:11:32+00:00","dateModified":"2026-02-26T15:24:49+00:00","description":"Hei\u00dfe Tipps vom Steinzgerhof: Wanderungen, Almen und besondere Pl\u00e4tze rund um Antholz. Pers\u00f6nlich empfohlen.","breadcrumb":{"@id":"https:\/\/steinzgerhof.com\/it\/vacanza-ad-anterselva-natura-attivita\/i-nostri-consigli-per-escursioni-ad-anterselva\/#breadcrumb"},"inLanguage":"it-IT","potentialAction":[{"@type":"ReadAction","target":["https:\/\/steinzgerhof.com\/it\/vacanza-ad-anterselva-natura-attivita\/i-nostri-consigli-per-escursioni-ad-anterselva\/"]}]},{"@type":"ImageObject","inLanguage":"it-IT","@id":"https:\/\/steinzgerhof.com\/it\/vacanza-ad-anterselva-natura-attivita\/i-nostri-consigli-per-escursioni-ad-anterselva\/#primaryimage","url":"https:\/\/steinzgerhof.com\/wp-content\/uploads\/2026\/02\/8.png","contentUrl":"https:\/\/steinzgerhof.com\/wp-content\/uploads\/2026\/02\/8.png","width":1200,"height":1200},{"@type":"BreadcrumbList","@id":"https:\/\/steinzgerhof.com\/it\/vacanza-ad-anterselva-natura-attivita\/i-nostri-consigli-per-escursioni-ad-anterselva\/#breadcrumb","itemListElement":[{"@type":"ListItem","position":1,"name":"Benvenuti","item":"https:\/\/steinzgerhof.com\/"},{"@type":"ListItem","position":2,"name":"Dintorni","item":"https:\/\/steinzgerhof.com\/urlaub-in-antholz-natur-aktivitaeten\/"},{"@type":"ListItem","position":3,"name":"Consigli dei padroni di casa"}]},{"@type":"WebSite","@id":"https:\/\/steinzgerhof.com\/it\/#website","url":"https:\/\/steinzgerhof.com\/it\/","name":"Steinzgerhof","description":"","publisher":{"@id":"https:\/\/steinzgerhof.com\/it\/#organization"},"potentialAction":[{"@type":"SearchAction","target":{"@type":"EntryPoint","urlTemplate":"https:\/\/steinzgerhof.com\/it\/?s={search_term_string}"},"query-input":{"@type":"PropertyValueSpecification","valueRequired":true,"valueName":"search_term_string"}}],"inLanguage":"it-IT"},{"@type":"Organization","@id":"https:\/\/steinzgerhof.com\/it\/#organization","name":"Steinzgerhof","url":"https:\/\/steinzgerhof.com\/it\/","logo":{"@type":"ImageObject","inLanguage":"it-IT","@id":"https:\/\/steinzgerhof.com\/it\/#\/schema\/logo\/image\/","url":"https:\/\/steinzgerhof.com\/wp-content\/uploads\/2026\/02\/steinzgerhof_logo.png","contentUrl":"https:\/\/steinzgerhof.com\/wp-content\/uploads\/2026\/02\/steinzgerhof_logo.png","width":350,"height":69,"caption":"Steinzgerhof"},"image":{"@id":"https:\/\/steinzgerhof.com\/it\/#\/schema\/logo\/image\/"}}]}},"_links":{"self":[{"href":"https:\/\/steinzgerhof.com\/it\/wp-json\/wp\/v2\/pages\/154","targetHints":{"allow":["GET"]}}],"collection":[{"href":"https:\/\/steinzgerhof.com\/it\/wp-json\/wp\/v2\/pages"}],"about":[{"href":"https:\/\/steinzgerhof.com\/it\/wp-json\/wp\/v2\/types\/page"}],"author":[{"embeddable":true,"href":"https:\/\/steinzgerhof.com\/it\/wp-json\/wp\/v2\/users\/2"}],"replies":[{"embeddable":true,"href":"https:\/\/steinzgerhof.com\/it\/wp-json\/wp\/v2\/comments?post=154"}],"version-history":[{"count":10,"href":"https:\/\/steinzgerhof.com\/it\/wp-json\/wp\/v2\/pages\/154\/revisions"}],"predecessor-version":[{"id":273,"href":"https:\/\/steinzgerhof.com\/it\/wp-json\/wp\/v2\/pages\/154\/revisions\/273"}],"up":[{"embeddable":true,"href":"https:\/\/steinzgerhof.com\/it\/wp-json\/wp\/v2\/pages\/23"}],"wp:featuredmedia":[{"embeddable":true,"href":"https:\/\/steinzgerhof.com\/it\/wp-json\/wp\/v2\/media\/169"}],"wp:attachment":[{"href":"https:\/\/steinzgerhof.com\/it\/wp-json\/wp\/v2\/media?parent=154"}],"curies":[{"name":"wp","href":"https:\/\/api.w.org\/{rel}","templated":true}]}}