{"id":13,"date":"2026-02-21T11:19:51","date_gmt":"2026-02-21T10:19:51","guid":{"rendered":"https:\/\/steinzgerhof.com\/?page_id=13"},"modified":"2026-02-26T16:29:20","modified_gmt":"2026-02-26T15:29:20","slug":"ferienwohnung-mit-bergblick","status":"publish","type":"page","link":"https:\/\/steinzgerhof.com\/it\/appartamenti-ad-anterselva-di-sopra-steinzgerhof\/appartamento-con-vista-montagna\/","title":{"rendered":"Appartamento A"},"content":{"rendered":"\r\n<h1 class=\"wp-block-heading has-text-color has-link-color wp-elements-5f12b659d4794ffa417877e19440b39f\" style=\"color:#3b4d57\">Appartamento A \u2013 ampio rifugio con vista sulle montagne<\/h1>\r\n\r\n\r\n\r\n<h3 class=\"wp-block-heading has-text-color has-link-color wp-elements-220d8a0ef2deb7158c49884450b02d05\" style=\"color:#3b4d57\"><em>52 m\u00b2 | 2 camere da letto | Per coppie e famiglie<\/em><\/h3>\r\n\r\n\r\n\r\n<p><strong>Appartamento A<\/strong> offre ampio spazio per arrivare, respirare e sentirsi a proprio agio. Entrando nell\u2019appartamento si accede direttamente a una delle due accoglienti camere da letto, entrambe dotate di comodi letti matrimoniali. Di fronte si trova l\u2019ampio e luminoso bagno con doccia e bidet.<\/p>\r\n\r\n\r\n\r\n<p>Il cuore dell\u2019appartamento \u00e8 la cucina abitabile open space con moderna isola centrale \u2013 il luogo perfetto per pasti in compagnia e serate rilassanti. Un grande tavolo con una comoda panca invita a stare insieme. Particolarmente suggestiva \u00e8 la vista sulle montagne circostanti, che potrete godervi gi\u00e0 a colazione con il vostro caff\u00e8 del mattino.<\/p>\r\n\r\n\r\n\r\n<div style=\"height:30px\" aria-hidden=\"true\" class=\"wp-block-spacer\"><\/div>\r\n\r\n\r\n\r\n<figure class=\"wp-block-gallery has-nested-images columns-default is-cropped wp-block-gallery-1 is-layout-flex wp-block-gallery-is-layout-flex\">\r\n<figure class=\"wp-block-image size-large\"><img loading=\"lazy\" decoding=\"async\" width=\"1024\" height=\"536\" data-id=\"108\" src=\"https:\/\/steinzgerhof.com\/wp-content\/uploads\/2026\/02\/Wohnung-A-2-1024x536.png\" alt=\"\" class=\"wp-image-108\" srcset=\"https:\/\/steinzgerhof.com\/wp-content\/uploads\/2026\/02\/Wohnung-A-2-1024x536.png 1024w, https:\/\/steinzgerhof.com\/wp-content\/uploads\/2026\/02\/Wohnung-A-2-300x157.png 300w, https:\/\/steinzgerhof.com\/wp-content\/uploads\/2026\/02\/Wohnung-A-2-768x402.png 768w, https:\/\/steinzgerhof.com\/wp-content\/uploads\/2026\/02\/Wohnung-A-2.png 1200w\" sizes=\"auto, (max-width: 1024px) 100vw, 1024px\" \/><figcaption class=\"wp-element-caption\">Bagno<\/figcaption><\/figure>\r\n\r\n\r\n\r\n<figure class=\"wp-block-image size-large\"><img loading=\"lazy\" decoding=\"async\" width=\"1024\" height=\"536\" data-id=\"109\" src=\"https:\/\/steinzgerhof.com\/wp-content\/uploads\/2026\/02\/Wohnung-A-4-1024x536.png\" alt=\"\" class=\"wp-image-109\" srcset=\"https:\/\/steinzgerhof.com\/wp-content\/uploads\/2026\/02\/Wohnung-A-4-1024x536.png 1024w, https:\/\/steinzgerhof.com\/wp-content\/uploads\/2026\/02\/Wohnung-A-4-300x157.png 300w, https:\/\/steinzgerhof.com\/wp-content\/uploads\/2026\/02\/Wohnung-A-4-768x402.png 768w, https:\/\/steinzgerhof.com\/wp-content\/uploads\/2026\/02\/Wohnung-A-4.png 1200w\" sizes=\"auto, (max-width: 1024px) 100vw, 1024px\" \/><figcaption class=\"wp-element-caption\">Camera da letto 2<\/figcaption><\/figure>\r\n\r\n\r\n\r\n<figure class=\"wp-block-image size-large\"><img loading=\"lazy\" decoding=\"async\" width=\"1024\" height=\"536\" data-id=\"107\" src=\"https:\/\/steinzgerhof.com\/wp-content\/uploads\/2026\/02\/Wohnung-A-1-1024x536.png\" alt=\"\" class=\"wp-image-107\" srcset=\"https:\/\/steinzgerhof.com\/wp-content\/uploads\/2026\/02\/Wohnung-A-1-1024x536.png 1024w, https:\/\/steinzgerhof.com\/wp-content\/uploads\/2026\/02\/Wohnung-A-1-300x157.png 300w, https:\/\/steinzgerhof.com\/wp-content\/uploads\/2026\/02\/Wohnung-A-1-768x402.png 768w, https:\/\/steinzgerhof.com\/wp-content\/uploads\/2026\/02\/Wohnung-A-1.png 1200w\" sizes=\"auto, (max-width: 1024px) 100vw, 1024px\" \/><figcaption class=\"wp-element-caption\">Cucina abitabile<\/figcaption><\/figure>\r\n\r\n\r\n\r\n<figure class=\"wp-block-image size-large\"><img loading=\"lazy\" decoding=\"async\" width=\"1024\" height=\"536\" data-id=\"106\" src=\"https:\/\/steinzgerhof.com\/wp-content\/uploads\/2026\/02\/Wohnung-A-3-1024x536.png\" alt=\"\" class=\"wp-image-106\" srcset=\"https:\/\/steinzgerhof.com\/wp-content\/uploads\/2026\/02\/Wohnung-A-3-1024x536.png 1024w, https:\/\/steinzgerhof.com\/wp-content\/uploads\/2026\/02\/Wohnung-A-3-300x157.png 300w, https:\/\/steinzgerhof.com\/wp-content\/uploads\/2026\/02\/Wohnung-A-3-768x402.png 768w, https:\/\/steinzgerhof.com\/wp-content\/uploads\/2026\/02\/Wohnung-A-3.png 1200w\" sizes=\"auto, (max-width: 1024px) 100vw, 1024px\" \/><\/figure>\r\n<\/figure>\r\n\r\n\r\n\r\n<div style=\"height:30px\" aria-hidden=\"true\" class=\"wp-block-spacer\"><\/div>\r\n\r\n\r\n\r\n<h4 class=\"wp-block-heading\">Dotazioni<\/h4>\r\n\r\n\r\n\r\n<p>Cucina completamente attrezzata con macchina da caff\u00e8 (moka e macchina per espresso), bollitore, frigorifero, pentole, padelle, stoviglie, bicchieri e posate.<\/p>\r\n\r\n\r\n\r\n<h4 class=\"wp-block-heading\"><em>Ideale per:<\/em><\/h4>\r\n\r\n\r\n\r\n<p>Famiglie, coppie di amici o appassionati di escursionismo che apprezzano spazio, comfort e una posizione tranquilla in Alto Adige.<\/p>\r\n\r\n\r\n\r\n<div style=\"height:50px\" aria-hidden=\"true\" class=\"wp-block-spacer\"><\/div>\r\n\r\n\r\n\r\n<div class=\"wp-block-buttons is-content-justification-center is-layout-flex wp-container-core-buttons-is-layout-16018d1d wp-block-buttons-is-layout-flex\">\r\n<div class=\"wp-block-button\"><a class=\"wp-block-button__link has-text-color has-link-color wp-element-button\" href=\"https:\/\/steinzgerhof.com\/it\/prezzi-appartamenti-anterselva-steinzgerhof\/\" style=\"color:#c0c3e6\">Listino prezzi<\/a><\/div>\r\n<\/div>\r\n","protected":false},"excerpt":{"rendered":"<p>Appartamento A \u2013 ampio rifugio con vista sulle montagne 52 m\u00b2 | 2 camere da letto | Per coppie e famiglie Appartamento A offre ampio spazio per arrivare, respirare e sentirsi a proprio agio. Entrando nell\u2019appartamento si accede direttamente a una delle due accoglienti camere da letto, entrambe dotate di comodi letti matrimoniali. Di fronte [&hellip;]<\/p>\n","protected":false},"author":1,"featured_media":0,"parent":11,"menu_order":1,"comment_status":"closed","ping_status":"closed","template":"","meta":{"footnotes":""},"class_list":["post-13","page","type-page","status-publish","hentry"],"yoast_head":"<!-- This site is optimized with the Yoast SEO plugin v27.0 - https:\/\/yoast.com\/product\/yoast-seo-wordpress\/ -->\n<title>Appartamento A<\/title>\n<meta name=\"description\" content=\"Appartamento A allo Steinzgerhof ad Anterselva: accogliente, luminoso e con vista sulle montagne dell\u2019Alto Adige \u2013 perfetto per giornate di vacanza all\u2019insegna del relax.\" \/>\n<meta name=\"robots\" content=\"index, follow, max-snippet:-1, max-image-preview:large, max-video-preview:-1\" \/>\n<link rel=\"canonical\" href=\"http:\/\/Appartamento%20A%20\u2013%20ampio%20rifugio%20con%20vista%20sulle%20montagne%2052%20m\u00b2%20|%202%20camere%20da%20letto%20|%20Per%20coppie%20e%20famiglie%20Appartamento%20A%20offre%20ampio%20spazio%20per%20arrivare,%20respirare%20e%20sentirsi%20a%20proprio%20agio.%20Entrando%20nell\u2019appartamento%20si%20accede%20direttamente%20a%20una%20delle%20due%20accoglienti%20camere%20da%20letto,%20entrambe%20dotate%20di%20comodi%20letti%20matrimoniali.%20Di%20fronte&hellip;\" \/>\n<meta property=\"og:locale\" content=\"it_IT\" \/>\n<meta property=\"og:type\" content=\"article\" \/>\n<meta property=\"og:title\" content=\"Appartamento A\" \/>\n<meta property=\"og:description\" content=\"Appartamento A allo Steinzgerhof ad Anterselva: accogliente, luminoso e con vista sulle montagne dell\u2019Alto Adige \u2013 perfetto per giornate di vacanza all\u2019insegna del relax.\" \/>\n<meta property=\"og:url\" content=\"https:\/\/steinzgerhof.com\/it\/appartamenti-ad-anterselva-di-sopra-steinzgerhof\/appartamento-con-vista-montagna\/\" \/>\n<meta property=\"og:site_name\" content=\"Steinzgerhof\" \/>\n<meta property=\"article:modified_time\" content=\"2026-02-26T15:29:20+00:00\" \/>\n<meta property=\"og:image\" content=\"https:\/\/steinzgerhof.com\/wp-content\/uploads\/2026\/02\/Wohnung-A-2.png\" \/>\n\t<meta property=\"og:image:width\" content=\"1200\" \/>\n\t<meta property=\"og:image:height\" content=\"628\" \/>\n\t<meta property=\"og:image:type\" content=\"image\/png\" \/>\n<meta name=\"twitter:card\" content=\"summary_large_image\" \/>\n<meta name=\"twitter:label1\" content=\"Tempo di lettura stimato\" \/>\n\t<meta name=\"twitter:data1\" content=\"2 minuti\" \/>\n<script type=\"application\/ld+json\" class=\"yoast-schema-graph\">{\"@context\":\"https:\/\/schema.org\",\"@graph\":[{\"@type\":\"WebPage\",\"@id\":\"https:\/\/steinzgerhof.com\/it\/appartamenti-ad-anterselva-di-sopra-steinzgerhof\/appartamento-con-vista-montagna\/\",\"url\":\"https:\/\/steinzgerhof.com\/it\/appartamenti-ad-anterselva-di-sopra-steinzgerhof\/appartamento-con-vista-montagna\/\",\"name\":\"Wohnung A - Steinzgerhof\",\"isPartOf\":{\"@id\":\"https:\/\/steinzgerhof.com\/#website\"},\"primaryImageOfPage\":{\"@id\":\"https:\/\/steinzgerhof.com\/it\/appartamenti-ad-anterselva-di-sopra-steinzgerhof\/appartamento-con-vista-montagna\/#primaryimage\"},\"image\":{\"@id\":\"https:\/\/steinzgerhof.com\/it\/appartamenti-ad-anterselva-di-sopra-steinzgerhof\/appartamento-con-vista-montagna\/#primaryimage\"},\"thumbnailUrl\":\"https:\/\/steinzgerhof.com\/wp-content\/uploads\/2026\/02\/Wohnung-A-2.png\",\"datePublished\":\"2026-02-21T10:19:51+00:00\",\"dateModified\":\"2026-02-26T15:29:20+00:00\",\"description\":\"Ferienwohnung A am Steinzgerhof in Antholz: gem\u00fctlich, hell und mit Blick auf die S\u00fcdtiroler Bergwelt \u2013 perfekt f\u00fcr entspannte Urlaubstage.\",\"breadcrumb\":{\"@id\":\"https:\/\/steinzgerhof.com\/it\/appartamenti-ad-anterselva-di-sopra-steinzgerhof\/appartamento-con-vista-montagna\/#breadcrumb\"},\"inLanguage\":\"it-IT\",\"potentialAction\":[{\"@type\":\"ReadAction\",\"target\":[\"https:\/\/steinzgerhof.com\/it\/appartamenti-ad-anterselva-di-sopra-steinzgerhof\/appartamento-con-vista-montagna\/\"]}]},{\"@type\":\"ImageObject\",\"inLanguage\":\"it-IT\",\"@id\":\"https:\/\/steinzgerhof.com\/it\/appartamenti-ad-anterselva-di-sopra-steinzgerhof\/appartamento-con-vista-montagna\/#primaryimage\",\"url\":\"https:\/\/steinzgerhof.com\/wp-content\/uploads\/2026\/02\/Wohnung-A-2.png\",\"contentUrl\":\"https:\/\/steinzgerhof.com\/wp-content\/uploads\/2026\/02\/Wohnung-A-2.png\"},{\"@type\":\"BreadcrumbList\",\"@id\":\"https:\/\/steinzgerhof.com\/it\/appartamenti-ad-anterselva-di-sopra-steinzgerhof\/appartamento-con-vista-montagna\/#breadcrumb\",\"itemListElement\":[{\"@type\":\"ListItem\",\"position\":1,\"name\":\"Benvenuti\",\"item\":\"https:\/\/steinzgerhof.com\/\"},{\"@type\":\"ListItem\",\"position\":2,\"name\":\"Appartamenti\",\"item\":\"https:\/\/steinzgerhof.com\/ferienwohnungen-in-antholz-obertal-steinzgerhof\/\"},{\"@type\":\"ListItem\",\"position\":3,\"name\":\"Appartamento A\"}]},{\"@type\":\"WebSite\",\"@id\":\"https:\/\/steinzgerhof.com\/it\/#website\",\"url\":\"https:\/\/steinzgerhof.com\/it\/\",\"name\":\"Steinzgerhof\",\"description\":\"\",\"publisher\":{\"@id\":\"https:\/\/steinzgerhof.com\/it\/#organization\"},\"potentialAction\":[{\"@type\":\"SearchAction\",\"target\":{\"@type\":\"EntryPoint\",\"urlTemplate\":\"https:\/\/steinzgerhof.com\/it\/?s={search_term_string}\"},\"query-input\":{\"@type\":\"PropertyValueSpecification\",\"valueRequired\":true,\"valueName\":\"search_term_string\"}}],\"inLanguage\":\"it-IT\"},{\"@type\":\"Organization\",\"@id\":\"https:\/\/steinzgerhof.com\/it\/#organization\",\"name\":\"Steinzgerhof\",\"url\":\"https:\/\/steinzgerhof.com\/it\/\",\"logo\":{\"@type\":\"ImageObject\",\"inLanguage\":\"it-IT\",\"@id\":\"https:\/\/steinzgerhof.com\/it\/#\/schema\/logo\/image\/\",\"url\":\"https:\/\/steinzgerhof.com\/wp-content\/uploads\/2026\/02\/steinzgerhof_logo.png\",\"contentUrl\":\"https:\/\/steinzgerhof.com\/wp-content\/uploads\/2026\/02\/steinzgerhof_logo.png\",\"width\":350,\"height\":69,\"caption\":\"Steinzgerhof\"},\"image\":{\"@id\":\"https:\/\/steinzgerhof.com\/it\/#\/schema\/logo\/image\/\"}}]}<\/script>\n<!-- \/ Yoast SEO plugin. -->","yoast_head_json":{"title":"Appartamento A","description":"Appartamento A allo Steinzgerhof ad Anterselva: accogliente, luminoso e con vista sulle montagne dell\u2019Alto Adige \u2013 perfetto per giornate di vacanza all\u2019insegna del relax.","robots":{"index":"index","follow":"follow","max-snippet":"max-snippet:-1","max-image-preview":"max-image-preview:large","max-video-preview":"max-video-preview:-1"},"canonical":"Appartamento A \u2013 ampio rifugio con vista sulle montagne 52 m\u00b2 | 2 camere da letto | Per coppie e famiglie Appartamento A offre ampio spazio per arrivare, respirare e sentirsi a proprio agio. Entrando nell\u2019appartamento si accede direttamente a una delle due accoglienti camere da letto, entrambe dotate di comodi letti matrimoniali. Di fronte&hellip;","og_locale":"it_IT","og_type":"article","og_title":"Appartamento A","og_description":"Appartamento A allo Steinzgerhof ad Anterselva: accogliente, luminoso e con vista sulle montagne dell\u2019Alto Adige \u2013 perfetto per giornate di vacanza all\u2019insegna del relax.","og_url":"https:\/\/steinzgerhof.com\/it\/appartamenti-ad-anterselva-di-sopra-steinzgerhof\/appartamento-con-vista-montagna\/","og_site_name":"Steinzgerhof","article_modified_time":"2026-02-26T15:29:20+00:00","og_image":[{"width":1200,"height":628,"url":"https:\/\/steinzgerhof.com\/wp-content\/uploads\/2026\/02\/Wohnung-A-2.png","type":"image\/png"}],"twitter_card":"summary_large_image","twitter_misc":{"Tempo di lettura stimato":"2 minuti"},"schema":{"@context":"https:\/\/schema.org","@graph":[{"@type":"WebPage","@id":"https:\/\/steinzgerhof.com\/it\/appartamenti-ad-anterselva-di-sopra-steinzgerhof\/appartamento-con-vista-montagna\/","url":"https:\/\/steinzgerhof.com\/it\/appartamenti-ad-anterselva-di-sopra-steinzgerhof\/appartamento-con-vista-montagna\/","name":"Wohnung A - Steinzgerhof","isPartOf":{"@id":"https:\/\/steinzgerhof.com\/#website"},"primaryImageOfPage":{"@id":"https:\/\/steinzgerhof.com\/it\/appartamenti-ad-anterselva-di-sopra-steinzgerhof\/appartamento-con-vista-montagna\/#primaryimage"},"image":{"@id":"https:\/\/steinzgerhof.com\/it\/appartamenti-ad-anterselva-di-sopra-steinzgerhof\/appartamento-con-vista-montagna\/#primaryimage"},"thumbnailUrl":"https:\/\/steinzgerhof.com\/wp-content\/uploads\/2026\/02\/Wohnung-A-2.png","datePublished":"2026-02-21T10:19:51+00:00","dateModified":"2026-02-26T15:29:20+00:00","description":"Ferienwohnung A am Steinzgerhof in Antholz: gem\u00fctlich, hell und mit Blick auf die S\u00fcdtiroler Bergwelt \u2013 perfekt f\u00fcr entspannte Urlaubstage.","breadcrumb":{"@id":"https:\/\/steinzgerhof.com\/it\/appartamenti-ad-anterselva-di-sopra-steinzgerhof\/appartamento-con-vista-montagna\/#breadcrumb"},"inLanguage":"it-IT","potentialAction":[{"@type":"ReadAction","target":["https:\/\/steinzgerhof.com\/it\/appartamenti-ad-anterselva-di-sopra-steinzgerhof\/appartamento-con-vista-montagna\/"]}]},{"@type":"ImageObject","inLanguage":"it-IT","@id":"https:\/\/steinzgerhof.com\/it\/appartamenti-ad-anterselva-di-sopra-steinzgerhof\/appartamento-con-vista-montagna\/#primaryimage","url":"https:\/\/steinzgerhof.com\/wp-content\/uploads\/2026\/02\/Wohnung-A-2.png","contentUrl":"https:\/\/steinzgerhof.com\/wp-content\/uploads\/2026\/02\/Wohnung-A-2.png"},{"@type":"BreadcrumbList","@id":"https:\/\/steinzgerhof.com\/it\/appartamenti-ad-anterselva-di-sopra-steinzgerhof\/appartamento-con-vista-montagna\/#breadcrumb","itemListElement":[{"@type":"ListItem","position":1,"name":"Benvenuti","item":"https:\/\/steinzgerhof.com\/"},{"@type":"ListItem","position":2,"name":"Appartamenti","item":"https:\/\/steinzgerhof.com\/ferienwohnungen-in-antholz-obertal-steinzgerhof\/"},{"@type":"ListItem","position":3,"name":"Appartamento A"}]},{"@type":"WebSite","@id":"https:\/\/steinzgerhof.com\/it\/#website","url":"https:\/\/steinzgerhof.com\/it\/","name":"Steinzgerhof","description":"","publisher":{"@id":"https:\/\/steinzgerhof.com\/it\/#organization"},"potentialAction":[{"@type":"SearchAction","target":{"@type":"EntryPoint","urlTemplate":"https:\/\/steinzgerhof.com\/it\/?s={search_term_string}"},"query-input":{"@type":"PropertyValueSpecification","valueRequired":true,"valueName":"search_term_string"}}],"inLanguage":"it-IT"},{"@type":"Organization","@id":"https:\/\/steinzgerhof.com\/it\/#organization","name":"Steinzgerhof","url":"https:\/\/steinzgerhof.com\/it\/","logo":{"@type":"ImageObject","inLanguage":"it-IT","@id":"https:\/\/steinzgerhof.com\/it\/#\/schema\/logo\/image\/","url":"https:\/\/steinzgerhof.com\/wp-content\/uploads\/2026\/02\/steinzgerhof_logo.png","contentUrl":"https:\/\/steinzgerhof.com\/wp-content\/uploads\/2026\/02\/steinzgerhof_logo.png","width":350,"height":69,"caption":"Steinzgerhof"},"image":{"@id":"https:\/\/steinzgerhof.com\/it\/#\/schema\/logo\/image\/"}}]}},"_links":{"self":[{"href":"https:\/\/steinzgerhof.com\/it\/wp-json\/wp\/v2\/pages\/13","targetHints":{"allow":["GET"]}}],"collection":[{"href":"https:\/\/steinzgerhof.com\/it\/wp-json\/wp\/v2\/pages"}],"about":[{"href":"https:\/\/steinzgerhof.com\/it\/wp-json\/wp\/v2\/types\/page"}],"author":[{"embeddable":true,"href":"https:\/\/steinzgerhof.com\/it\/wp-json\/wp\/v2\/users\/1"}],"replies":[{"embeddable":true,"href":"https:\/\/steinzgerhof.com\/it\/wp-json\/wp\/v2\/comments?post=13"}],"version-history":[{"count":15,"href":"https:\/\/steinzgerhof.com\/it\/wp-json\/wp\/v2\/pages\/13\/revisions"}],"predecessor-version":[{"id":281,"href":"https:\/\/steinzgerhof.com\/it\/wp-json\/wp\/v2\/pages\/13\/revisions\/281"}],"up":[{"embeddable":true,"href":"https:\/\/steinzgerhof.com\/it\/wp-json\/wp\/v2\/pages\/11"}],"wp:attachment":[{"href":"https:\/\/steinzgerhof.com\/it\/wp-json\/wp\/v2\/media?parent=13"}],"curies":[{"name":"wp","href":"https:\/\/api.w.org\/{rel}","templated":true}]}}