{"id":11,"date":"2026-02-21T11:19:20","date_gmt":"2026-02-21T10:19:20","guid":{"rendered":"https:\/\/steinzgerhof.com\/?page_id=11"},"modified":"2026-02-26T16:14:55","modified_gmt":"2026-02-26T15:14:55","slug":"ferienwohnungen-in-antholz-obertal-steinzgerhof","status":"publish","type":"page","link":"https:\/\/steinzgerhof.com\/it\/appartamenti-ad-anterselva-di-sopra-steinzgerhof\/","title":{"rendered":"Appartamenti"},"content":{"rendered":"\r\n<h1 class=\"wp-block-heading\">Appartamenti vacanze allo Steinzgerhof<\/h1>\r\n\r\n\r\n\r\n<p>Tutti gli appartamenti vacanze allo Steinzgerhof sono arredati con cura e completamente attrezzati, affinch\u00e9 possiate sentirvi a casa fin dal primo momento. Ogni appartamento dispone di una cucina privata con tutto il necessario per il vostro soggiorno \u2013 l\u2019ideale per una vacanza indipendente e rilassante in agriturismo in Alto Adige.<\/p>\r\n\r\n\r\n\t<section class=\"section section--apartments\" id=\"ferienwohnungen\">\n\t\t<div class=\"container\">\n\t\t\t<h2 class=\"section__title\">Selezione<\/h2>\n\t\t\t\t\t\t<div class=\"apartments__slider\">\n\t\t\t\t<button type=\"button\" class=\"apartments__nav apartments__nav--prev\" aria-label=\"Vorherige\">&larr;<\/button>\n\t\t\t\t<div class=\"apartments__grid apartments__grid--slider\">\n\t\t\t\t\t\t\t\t\t\t<article class=\"apartment-card\" id=\"appartamento-a\">\n\t\t\t\t\t\t<div class=\"apartment-card__image\">\n\t\t\t\t\t\t\t\t\t\t\t\t\t\t\t<img decoding=\"async\" src=\"https:\/\/steinzgerhof.com\/wp-content\/uploads\/2026\/02\/Wohnung-A-768x768.png\" alt=\"Appartamento A\" loading=\"lazy\">\n\t\t\t\t\t\t\t\t\t\t\t\t\t<\/div>\n\t\t\t\t\t\t<div class=\"apartment-card__body\">\n\t\t\t\t\t\t\t<h3 class=\"apartment-card__title\">Appartamento A<\/h3>\n\t\t\t\t\t\t\t\t\t\t\t\t\t\t\t<p class=\"apartment-card__meta\">\n\t\t\t\t\t\t\t\t\tfino a 4 persone \u00b7 circa 52 m\u00b2\t\t\t\t\t\t\t\t<\/p>\n\t\t\t\t\t\t\t\t\t\t\t\t\t\t\t\t\t\t\t\t\t\t<p class=\"apartment-card__desc\">2 camere da letto | Per coppie e famiglie<\/p>\n\t\t\t\t\t\t\t\t\t\t\t\t\t\t\t\t\t\t\t\t\t\t<a href=\"https:\/\/steinzgerhof.com\/it\/appartamenti-ad-anterselva-di-sopra-steinzgerhof\/appartamento-con-vista-montagna\/\" class=\"apartment-card__link\">Details &amp; Fotos<\/a>\n\t\t\t\t\t\t\t\t\t\t\t\t\t<\/div>\n\t\t\t\t\t<\/article>\n\t\t\t\t\t\t\t\t\t<article class=\"apartment-card\" id=\"appartamento-b\">\n\t\t\t\t\t\t<div class=\"apartment-card__image\">\n\t\t\t\t\t\t\t\t\t\t\t\t\t\t\t<img decoding=\"async\" src=\"https:\/\/steinzgerhof.com\/wp-content\/uploads\/2026\/02\/Wohnung-B-768x768.png\" alt=\"Appartamento B\" loading=\"lazy\">\n\t\t\t\t\t\t\t\t\t\t\t\t\t<\/div>\n\t\t\t\t\t\t<div class=\"apartment-card__body\">\n\t\t\t\t\t\t\t<h3 class=\"apartment-card__title\">Appartamento B<\/h3>\n\t\t\t\t\t\t\t\t\t\t\t\t\t\t\t<p class=\"apartment-card__meta\">\n\t\t\t\t\t\t\t\t\tfino a 4 persone \u00b7 circa 32 m\u00b2\t\t\t\t\t\t\t\t<\/p>\n\t\t\t\t\t\t\t\t\t\t\t\t\t\t\t\t\t\t\t\t\t\t<p class=\"apartment-card__desc\">1 camera da letto | Balcone | Per coppie e piccole famiglie<\/p>\n\t\t\t\t\t\t\t\t\t\t\t\t\t\t\t\t\t\t\t\t\t\t<a href=\"https:\/\/steinzgerhof.com\/it\/appartamenti-ad-anterselva-di-sopra-steinzgerhof\/appartamento-b-ad-anterselva-vacanza-in-agriturismo\/\" class=\"apartment-card__link\">Details &amp; Fotos<\/a>\n\t\t\t\t\t\t\t\t\t\t\t\t\t<\/div>\n\t\t\t\t\t<\/article>\n\t\t\t\t\t\t\t\t\t<article class=\"apartment-card\" id=\"appartamento-c\">\n\t\t\t\t\t\t<div class=\"apartment-card__image\">\n\t\t\t\t\t\t\t\t\t\t\t\t\t\t\t<img decoding=\"async\" src=\"https:\/\/steinzgerhof.com\/wp-content\/uploads\/2026\/02\/Wohnung-C-768x768.png\" alt=\"Appartamento C\" loading=\"lazy\">\n\t\t\t\t\t\t\t\t\t\t\t\t\t<\/div>\n\t\t\t\t\t\t<div class=\"apartment-card__body\">\n\t\t\t\t\t\t\t<h3 class=\"apartment-card__title\">Appartamento C<\/h3>\n\t\t\t\t\t\t\t\t\t\t\t\t\t\t\t<p class=\"apartment-card__meta\">\n\t\t\t\t\t\t\t\t\tfino a 6 persone \u00b7 circa 54 m\u00b2\t\t\t\t\t\t\t\t<\/p>\n\t\t\t\t\t\t\t\t\t\t\t\t\t\t\t\t\t\t\t\t\t\t<p class=\"apartment-card__desc\">2 camere da letto | 2 balconi | Per famiglie e piccoli gruppi<\/p>\n\t\t\t\t\t\t\t\t\t\t\t\t\t\t\t\t\t\t\t\t\t\t<a href=\"https:\/\/steinzgerhof.com\/it\/appartamenti-ad-anterselva-di-sopra-steinzgerhof\/appartamento-c-ad-anterselva-vivere-lalto-adige\/\" class=\"apartment-card__link\">Details &amp; Fotos<\/a>\n\t\t\t\t\t\t\t\t\t\t\t\t\t<\/div>\n\t\t\t\t\t<\/article>\n\t\t\t\t\t\t\t\t\t<article class=\"apartment-card\" id=\"appartamento-d\">\n\t\t\t\t\t\t<div class=\"apartment-card__image\">\n\t\t\t\t\t\t\t\t\t\t\t\t\t\t\t<img decoding=\"async\" src=\"https:\/\/steinzgerhof.com\/wp-content\/uploads\/2026\/02\/Wohnung-D-768x768.png\" alt=\"Appartamento D\" loading=\"lazy\">\n\t\t\t\t\t\t\t\t\t\t\t\t\t<\/div>\n\t\t\t\t\t\t<div class=\"apartment-card__body\">\n\t\t\t\t\t\t\t<h3 class=\"apartment-card__title\">Appartamento D<\/h3>\n\t\t\t\t\t\t\t\t\t\t\t\t\t\t\t<p class=\"apartment-card__meta\">\n\t\t\t\t\t\t\t\t\tfino a 4 persone \u00b7 circa 52 m\u00b2\t\t\t\t\t\t\t\t<\/p>\n\t\t\t\t\t\t\t\t\t\t\t\t\t\t\t\t\t\t\t\t\t\t<p class=\"apartment-card__desc\">2 camere da letto | 2 balconi | Per coppie e famiglie<\/p>\n\t\t\t\t\t\t\t\t\t\t\t\t\t\t\t\t\t\t\t\t\t\t<a href=\"https:\/\/steinzgerhof.com\/it\/appartamenti-ad-anterselva-di-sopra-steinzgerhof\/appartamento-d-ad-anterselva-tranquillita-natura\/\" class=\"apartment-card__link\">Details &amp; Fotos<\/a>\n\t\t\t\t\t\t\t\t\t\t\t\t\t<\/div>\n\t\t\t\t\t<\/article>\n\t\t\t\t\t\t\t\t<\/div>\n\t\t\t\t<button type=\"button\" class=\"apartments__nav apartments__nav--next\" aria-label=\"N\u00e4chste\">&rarr;<\/button>\n\t\t\t<\/div>\n\t\t<\/div>\n\t<\/section>\n\t\r\n\r\n\r\n<p>Gli appartamenti sono raggiungibili tramite la scala comune. Gli appartamenti <strong>A, B e C si trovano al secondo piano<\/strong>, mentre <strong>l\u2019appartamento D \u00e8 situato al primo piano<\/strong>. Si prega di notare che la casa \u00e8 accessibile esclusivamente tramite scale e <strong>non \u00e8 presente un ascensore<\/strong>.<\/p>\r\n\r\n\r\n\r\n<p>Direttamente davanti alla casa sono disponibili <strong>posti auto<\/strong>. Durante i mesi invernali offriamo inoltre spazi per riporre sci e attrezzatura nella nostra autorimessa; in estate, naturalmente, anche per biciclette e attrezzatura sportiva \u2013 l\u2019ideale per ospiti attivi e amanti della natura.<\/p>\r\n\r\n\r\n\r\n<p>Un punto forte davvero speciale del nostro maso: su richiesta, ogni mattina potrete gustare latte fresco direttamente dalle nostre mucche. Non esitate a contattarci \u2013 saremo felici di condividere con voi questo autentico momento della vita contadina.<\/p>\r\n\r\n\r\n\r\n<div class=\"wp-block-group is-nowrap is-layout-flex wp-container-core-group-is-layout-ad2f72ca wp-block-group-is-layout-flex\">\r\n<div class=\"wp-block-buttons is-layout-flex wp-block-buttons-is-layout-flex\">\r\n<div class=\"wp-block-button\">\r\n  <a class=\"wp-block-button__link has-text-color has-link-color wp-element-button\" href=\"https:\/\/steinzgerhof.com\/it\/contatto-richiesta-appartamento-anterselva\/\" style=\"color:#c0c3e6\">\r\n    Vacanza allo Steinzgerhof ad Anterselva di Sopra\r\n  <\/a>\r\n<\/div>\r\n<\/div>\r\n\r\n\r\n\r\n<div style=\"height:100px;width:0px\" aria-hidden=\"true\" class=\"wp-block-spacer wp-container-content-6388d5dc\"><\/div>\r\n<\/div>\r\n\r\n\r\n\r\n<p><\/p>\r\n","protected":false},"excerpt":{"rendered":"<p>Appartamenti vacanze allo Steinzgerhof Tutti gli appartamenti vacanze allo Steinzgerhof sono arredati con cura e completamente attrezzati, affinch\u00e9 possiate sentirvi a casa fin dal primo momento. Ogni appartamento dispone di una cucina privata con tutto il necessario per il vostro soggiorno \u2013 l\u2019ideale per una vacanza indipendente e rilassante in agriturismo in Alto Adige. Gli [&hellip;]<\/p>\n","protected":false},"author":1,"featured_media":0,"parent":0,"menu_order":2,"comment_status":"closed","ping_status":"closed","template":"","meta":{"footnotes":""},"class_list":["post-11","page","type-page","status-publish","hentry"],"yoast_head":"<!-- This site is optimized with the Yoast SEO plugin v27.0 - https:\/\/yoast.com\/product\/yoast-seo-wordpress\/ -->\n<title>Appartamenti<\/title>\n<meta name=\"description\" content=\"Gli accoglienti appartamenti vacanze allo Steinzgerhof ad Anterselva di Sopra offrono spazio per il relax tra le montagne dell\u2019Alto Adige. Natura e comfort allo stato puro.\" \/>\n<meta name=\"robots\" content=\"index, follow, max-snippet:-1, max-image-preview:large, max-video-preview:-1\" \/>\n<link rel=\"canonical\" href=\"http:\/\/Appartamenti%20vacanze%20allo%20Steinzgerhof%20Tutti%20gli%20appartamenti%20vacanze%20allo%20Steinzgerhof%20sono%20arredati%20con%20cura%20e%20completamente%20attrezzati,%20affinch\u00e9%20possiate%20sentirvi%20a%20casa%20fin%20dal%20primo%20momento.%20Ogni%20appartamento%20dispone%20di%20una%20cucina%20privata%20con%20tutto%20il%20necessario%20per%20il%20vostro%20soggiorno%20\u2013%20l\u2019ideale%20per%20una%20vacanza%20indipendente%20e%20rilassante%20in%20agriturismo%20in%20Alto%20Adige.%20Gli&hellip;\" \/>\n<meta property=\"og:locale\" content=\"it_IT\" \/>\n<meta property=\"og:type\" content=\"article\" \/>\n<meta property=\"og:title\" content=\"Appartamenti\" \/>\n<meta property=\"og:description\" content=\"Gli accoglienti appartamenti vacanze allo Steinzgerhof ad Anterselva di Sopra offrono spazio per il relax tra le montagne dell\u2019Alto Adige. Natura e comfort allo stato puro.\" \/>\n<meta property=\"og:url\" content=\"https:\/\/steinzgerhof.com\/it\/appartamenti-ad-anterselva-di-sopra-steinzgerhof\/\" \/>\n<meta property=\"og:site_name\" content=\"Steinzgerhof\" \/>\n<meta property=\"article:modified_time\" content=\"2026-02-26T15:14:55+00:00\" \/>\n<meta name=\"twitter:card\" content=\"summary_large_image\" \/>\n<meta name=\"twitter:label1\" content=\"Tempo di lettura stimato\" \/>\n\t<meta name=\"twitter:data1\" content=\"1 minuto\" \/>\n<script type=\"application\/ld+json\" class=\"yoast-schema-graph\">{\"@context\":\"https:\/\/schema.org\",\"@graph\":[{\"@type\":\"WebPage\",\"@id\":\"https:\/\/steinzgerhof.com\/it\/appartamenti-ad-anterselva-di-sopra-steinzgerhof\/\",\"url\":\"https:\/\/steinzgerhof.com\/it\/appartamenti-ad-anterselva-di-sopra-steinzgerhof\/\",\"name\":\"Ferienwohnungen - Steinzgerhof\",\"isPartOf\":{\"@id\":\"https:\/\/steinzgerhof.com\/#website\"},\"datePublished\":\"2026-02-21T10:19:20+00:00\",\"dateModified\":\"2026-02-26T15:14:55+00:00\",\"description\":\"Die gem\u00fctlichen Ferienwohnungen am Steinzgerhof in Antholz bieten Platz f\u00fcr Erholung in den S\u00fcdtiroler Bergen. Natur und Gem\u00fctlichkeit pur.\",\"breadcrumb\":{\"@id\":\"https:\/\/steinzgerhof.com\/it\/appartamenti-ad-anterselva-di-sopra-steinzgerhof\/#breadcrumb\"},\"inLanguage\":\"it-IT\",\"potentialAction\":[{\"@type\":\"ReadAction\",\"target\":[\"https:\/\/steinzgerhof.com\/it\/appartamenti-ad-anterselva-di-sopra-steinzgerhof\/\"]}]},{\"@type\":\"BreadcrumbList\",\"@id\":\"https:\/\/steinzgerhof.com\/it\/appartamenti-ad-anterselva-di-sopra-steinzgerhof\/#breadcrumb\",\"itemListElement\":[{\"@type\":\"ListItem\",\"position\":1,\"name\":\"Benvenuti\",\"item\":\"https:\/\/steinzgerhof.com\/\"},{\"@type\":\"ListItem\",\"position\":2,\"name\":\"Appartamenti\"}]},{\"@type\":\"WebSite\",\"@id\":\"https:\/\/steinzgerhof.com\/it\/#website\",\"url\":\"https:\/\/steinzgerhof.com\/it\/\",\"name\":\"Steinzgerhof\",\"description\":\"\",\"publisher\":{\"@id\":\"https:\/\/steinzgerhof.com\/it\/#organization\"},\"potentialAction\":[{\"@type\":\"SearchAction\",\"target\":{\"@type\":\"EntryPoint\",\"urlTemplate\":\"https:\/\/steinzgerhof.com\/it\/?s={search_term_string}\"},\"query-input\":{\"@type\":\"PropertyValueSpecification\",\"valueRequired\":true,\"valueName\":\"search_term_string\"}}],\"inLanguage\":\"it-IT\"},{\"@type\":\"Organization\",\"@id\":\"https:\/\/steinzgerhof.com\/it\/#organization\",\"name\":\"Steinzgerhof\",\"url\":\"https:\/\/steinzgerhof.com\/it\/\",\"logo\":{\"@type\":\"ImageObject\",\"inLanguage\":\"it-IT\",\"@id\":\"https:\/\/steinzgerhof.com\/it\/#\/schema\/logo\/image\/\",\"url\":\"https:\/\/steinzgerhof.com\/wp-content\/uploads\/2026\/02\/steinzgerhof_logo.png\",\"contentUrl\":\"https:\/\/steinzgerhof.com\/wp-content\/uploads\/2026\/02\/steinzgerhof_logo.png\",\"width\":350,\"height\":69,\"caption\":\"Steinzgerhof\"},\"image\":{\"@id\":\"https:\/\/steinzgerhof.com\/it\/#\/schema\/logo\/image\/\"}}]}<\/script>\n<!-- \/ Yoast SEO plugin. -->","yoast_head_json":{"title":"Appartamenti","description":"Gli accoglienti appartamenti vacanze allo Steinzgerhof ad Anterselva di Sopra offrono spazio per il relax tra le montagne dell\u2019Alto Adige. Natura e comfort allo stato puro.","robots":{"index":"index","follow":"follow","max-snippet":"max-snippet:-1","max-image-preview":"max-image-preview:large","max-video-preview":"max-video-preview:-1"},"canonical":"Appartamenti vacanze allo Steinzgerhof Tutti gli appartamenti vacanze allo Steinzgerhof sono arredati con cura e completamente attrezzati, affinch\u00e9 possiate sentirvi a casa fin dal primo momento. Ogni appartamento dispone di una cucina privata con tutto il necessario per il vostro soggiorno \u2013 l\u2019ideale per una vacanza indipendente e rilassante in agriturismo in Alto Adige. Gli&hellip;","og_locale":"it_IT","og_type":"article","og_title":"Appartamenti","og_description":"Gli accoglienti appartamenti vacanze allo Steinzgerhof ad Anterselva di Sopra offrono spazio per il relax tra le montagne dell\u2019Alto Adige. Natura e comfort allo stato puro.","og_url":"https:\/\/steinzgerhof.com\/it\/appartamenti-ad-anterselva-di-sopra-steinzgerhof\/","og_site_name":"Steinzgerhof","article_modified_time":"2026-02-26T15:14:55+00:00","twitter_card":"summary_large_image","twitter_misc":{"Tempo di lettura stimato":"1 minuto"},"schema":{"@context":"https:\/\/schema.org","@graph":[{"@type":"WebPage","@id":"https:\/\/steinzgerhof.com\/it\/appartamenti-ad-anterselva-di-sopra-steinzgerhof\/","url":"https:\/\/steinzgerhof.com\/it\/appartamenti-ad-anterselva-di-sopra-steinzgerhof\/","name":"Ferienwohnungen - Steinzgerhof","isPartOf":{"@id":"https:\/\/steinzgerhof.com\/#website"},"datePublished":"2026-02-21T10:19:20+00:00","dateModified":"2026-02-26T15:14:55+00:00","description":"Die gem\u00fctlichen Ferienwohnungen am Steinzgerhof in Antholz bieten Platz f\u00fcr Erholung in den S\u00fcdtiroler Bergen. Natur und Gem\u00fctlichkeit pur.","breadcrumb":{"@id":"https:\/\/steinzgerhof.com\/it\/appartamenti-ad-anterselva-di-sopra-steinzgerhof\/#breadcrumb"},"inLanguage":"it-IT","potentialAction":[{"@type":"ReadAction","target":["https:\/\/steinzgerhof.com\/it\/appartamenti-ad-anterselva-di-sopra-steinzgerhof\/"]}]},{"@type":"BreadcrumbList","@id":"https:\/\/steinzgerhof.com\/it\/appartamenti-ad-anterselva-di-sopra-steinzgerhof\/#breadcrumb","itemListElement":[{"@type":"ListItem","position":1,"name":"Benvenuti","item":"https:\/\/steinzgerhof.com\/"},{"@type":"ListItem","position":2,"name":"Appartamenti"}]},{"@type":"WebSite","@id":"https:\/\/steinzgerhof.com\/it\/#website","url":"https:\/\/steinzgerhof.com\/it\/","name":"Steinzgerhof","description":"","publisher":{"@id":"https:\/\/steinzgerhof.com\/it\/#organization"},"potentialAction":[{"@type":"SearchAction","target":{"@type":"EntryPoint","urlTemplate":"https:\/\/steinzgerhof.com\/it\/?s={search_term_string}"},"query-input":{"@type":"PropertyValueSpecification","valueRequired":true,"valueName":"search_term_string"}}],"inLanguage":"it-IT"},{"@type":"Organization","@id":"https:\/\/steinzgerhof.com\/it\/#organization","name":"Steinzgerhof","url":"https:\/\/steinzgerhof.com\/it\/","logo":{"@type":"ImageObject","inLanguage":"it-IT","@id":"https:\/\/steinzgerhof.com\/it\/#\/schema\/logo\/image\/","url":"https:\/\/steinzgerhof.com\/wp-content\/uploads\/2026\/02\/steinzgerhof_logo.png","contentUrl":"https:\/\/steinzgerhof.com\/wp-content\/uploads\/2026\/02\/steinzgerhof_logo.png","width":350,"height":69,"caption":"Steinzgerhof"},"image":{"@id":"https:\/\/steinzgerhof.com\/it\/#\/schema\/logo\/image\/"}}]}},"_links":{"self":[{"href":"https:\/\/steinzgerhof.com\/it\/wp-json\/wp\/v2\/pages\/11","targetHints":{"allow":["GET"]}}],"collection":[{"href":"https:\/\/steinzgerhof.com\/it\/wp-json\/wp\/v2\/pages"}],"about":[{"href":"https:\/\/steinzgerhof.com\/it\/wp-json\/wp\/v2\/types\/page"}],"author":[{"embeddable":true,"href":"https:\/\/steinzgerhof.com\/it\/wp-json\/wp\/v2\/users\/1"}],"replies":[{"embeddable":true,"href":"https:\/\/steinzgerhof.com\/it\/wp-json\/wp\/v2\/comments?post=11"}],"version-history":[{"count":14,"href":"https:\/\/steinzgerhof.com\/it\/wp-json\/wp\/v2\/pages\/11\/revisions"}],"predecessor-version":[{"id":268,"href":"https:\/\/steinzgerhof.com\/it\/wp-json\/wp\/v2\/pages\/11\/revisions\/268"}],"wp:attachment":[{"href":"https:\/\/steinzgerhof.com\/it\/wp-json\/wp\/v2\/media?parent=11"}],"curies":[{"name":"wp","href":"https:\/\/api.w.org\/{rel}","templated":true}]}}