{"id":19,"date":"2026-02-21T11:23:47","date_gmt":"2026-02-21T10:23:47","guid":{"rendered":"https:\/\/steinzgerhof.com\/?page_id=19"},"modified":"2026-02-26T16:32:54","modified_gmt":"2026-02-26T15:32:54","slug":"ferienwohnung-c-in-antholz-suedtirol-erleben","status":"publish","type":"page","link":"https:\/\/steinzgerhof.com\/en\/apartments-antholz-obertal-steinzgerhof\/apartment-c-experience-in-antholz-south-tyrol\/","title":{"rendered":"Apartment C"},"content":{"rendered":"\r\n<h1 class=\"wp-block-heading has-text-color has-link-color wp-elements-5d9dac673d9094c96d6ed3f2df509c05\" style=\"color:#3b4d57\">Apartment C \u2013 Spacious &#038; Flexible Layout<\/h1>\r\n\r\n\r\n\r\n<h4 class=\"wp-block-heading has-text-color has-link-color wp-elements-147b8fa239bbdfd93a277a6a543b424f\" style=\"color:#3b4d57\"><em>H3: 54 m\u00b2 | 2 Bedrooms | 2 Balconies | For Families &#038; Groups<\/em><\/h4>\r\n\r\n\r\n\r\n<p><strong>Apartment C<\/strong> impresses with its thoughtful layout and generous space. It has two bedrooms \u2013 one with a double bed and one with two single beds. The smaller bedroom provides access to a balcony with views of the Obertal\u2019s mountains and meadows.<\/p>\r\n\r\n\r\n\r\n<p>The modern bathroom is equipped with a shower and bidet and is centrally located in the apartment. Right next to it is the large living kitchen with kitchenette and a spacious dining table \u2013 ideal for shared meals and cozy evenings. Additionally, a sofa bed is available, so the living kitchen can be converted into an extra bedroom if needed.<\/p>\r\n\r\n\r\n\r\n<p>Another highlight is the second balcony with breathtaking valley views \u2013 perfect for unwinding at the end of the day.<\/p>\r\n\r\n\r\n\r\n<div style=\"height:30px\" aria-hidden=\"true\" class=\"wp-block-spacer\"><\/div>\r\n\r\n\r\n\r\n<figure class=\"wp-block-gallery has-nested-images columns-default is-cropped wp-block-gallery-1 is-layout-flex wp-block-gallery-is-layout-flex\">\r\n\r\n<figure class=\"wp-block-image size-large\"><img loading=\"lazy\" decoding=\"async\" width=\"1024\" height=\"536\" data-id=\"129\" src=\"https:\/\/steinzgerhof.com\/wp-content\/uploads\/2026\/02\/Wohnung-C-3-1024x536.png\" alt=\"\" class=\"wp-image-129\" srcset=\"https:\/\/steinzgerhof.com\/wp-content\/uploads\/2026\/02\/Wohnung-C-3-1024x536.png 1024w, https:\/\/steinzgerhof.com\/wp-content\/uploads\/2026\/02\/Wohnung-C-3-300x157.png 300w, https:\/\/steinzgerhof.com\/wp-content\/uploads\/2026\/02\/Wohnung-C-3-768x402.png 768w, https:\/\/steinzgerhof.com\/wp-content\/uploads\/2026\/02\/Wohnung-C-3.png 1200w\" sizes=\"auto, (max-width: 1024px) 100vw, 1024px\" \/><figcaption class=\"wp-element-caption\">Room with single beds<\/figcaption><\/figure>\r\n\r\n\r\n\r\n<figure class=\"wp-block-image size-large\"><img loading=\"lazy\" decoding=\"async\" width=\"1024\" height=\"536\" data-id=\"127\" src=\"https:\/\/steinzgerhof.com\/wp-content\/uploads\/2026\/02\/Wohnung-C-1-1024x536.png\" alt=\"\" class=\"wp-image-127\" srcset=\"https:\/\/steinzgerhof.com\/wp-content\/uploads\/2026\/02\/Wohnung-C-1-1024x536.png 1024w, https:\/\/steinzgerhof.com\/wp-content\/uploads\/2026\/02\/Wohnung-C-1-300x157.png 300w, https:\/\/steinzgerhof.com\/wp-content\/uploads\/2026\/02\/Wohnung-C-1-768x402.png 768w, https:\/\/steinzgerhof.com\/wp-content\/uploads\/2026\/02\/Wohnung-C-1.png 1200w\" sizes=\"auto, (max-width: 1024px) 100vw, 1024px\" \/><figcaption class=\"wp-element-caption\">Living kitchen<\/figcaption><\/figure>\r\n\r\n\r\n\r\n<figure class=\"wp-block-image size-large\"><img loading=\"lazy\" decoding=\"async\" width=\"1024\" height=\"536\" data-id=\"126\" src=\"https:\/\/steinzgerhof.com\/wp-content\/uploads\/2026\/02\/Wohnung-C-4-1024x536.png\" alt=\"\" class=\"wp-image-126\" srcset=\"https:\/\/steinzgerhof.com\/wp-content\/uploads\/2026\/02\/Wohnung-C-4-1024x536.png 1024w, https:\/\/steinzgerhof.com\/wp-content\/uploads\/2026\/02\/Wohnung-C-4-300x157.png 300w, https:\/\/steinzgerhof.com\/wp-content\/uploads\/2026\/02\/Wohnung-C-4-768x402.png 768w, https:\/\/steinzgerhof.com\/wp-content\/uploads\/2026\/02\/Wohnung-C-4.png 1200w\" sizes=\"auto, (max-width: 1024px) 100vw, 1024px\" \/><figcaption class=\"wp-element-caption\">Bathroom<\/figcaption><\/figure>\r\n\r\n\r\n\r\n<figure class=\"wp-block-image size-large\"><img loading=\"lazy\" decoding=\"async\" width=\"1024\" height=\"536\" data-id=\"128\" src=\"https:\/\/steinzgerhof.com\/wp-content\/uploads\/2026\/02\/Wohnung-C-2-1024x536.png\" alt=\"\" class=\"wp-image-128\" srcset=\"https:\/\/steinzgerhof.com\/wp-content\/uploads\/2026\/02\/Wohnung-C-2-1024x536.png 1024w, https:\/\/steinzgerhof.com\/wp-content\/uploads\/2026\/02\/Wohnung-C-2-300x157.png 300w, https:\/\/steinzgerhof.com\/wp-content\/uploads\/2026\/02\/Wohnung-C-2-768x402.png 768w, https:\/\/steinzgerhof.com\/wp-content\/uploads\/2026\/02\/Wohnung-C-2.png 1200w\" sizes=\"auto, (max-width: 1024px) 100vw, 1024px\" \/><figcaption class=\"wp-element-caption\">Room with double bed<\/figcaption><\/figure>\r\n\r\n<\/figure>\r\n\r\n\r\n\r\n<div style=\"height:30px\" aria-hidden=\"true\" class=\"wp-block-spacer\"><\/div>\r\n\r\n\r\n\r\n<h4 class=\"wp-block-heading\">Amenities<\/h4>\r\n\r\n\r\n\r\n<p>Fully equipped kitchen with espresso machine, moka pot, kettle, fridge, cookware, dishes, glasses, and cutlery.<\/p>\r\n\r\n\r\n\r\n<h4 class=\"wp-block-heading\">Ideal for:<\/h4>\r\n\r\n\r\n\r\n<p>Families with children or guests who value plenty of space, flexibility, and a nature experience in the Antholz Valley.<\/p>\r\n\r\n\r\n\r\n<div style=\"height:50px\" aria-hidden=\"true\" class=\"wp-block-spacer\"><\/div>\r\n\r\n\r\n\r\n<div class=\"wp-block-buttons is-content-justification-center is-layout-flex wp-container-core-buttons-is-layout-16018d1d wp-block-buttons-is-layout-flex\">\r\n\r\n<div class=\"wp-block-button\"><a class=\"wp-block-button__link has-text-color has-link-color wp-element-button\" href=\"https:\/\/steinzgerhof.com\/en\/prices-apartments-antholz-steinzgerhof\/\" style=\"color:#c0c3e6\">View price list<\/a><\/div>\r\n\r\n<\/div>\r\n\r\n\r\n\r\n<p><\/p>\r\n","protected":false},"excerpt":{"rendered":"<p>Apartment C \u2013 Spacious &#038; Flexible Layout H3: 54 m\u00b2 | 2 Bedrooms | 2 Balconies | For Families &#038; Groups Apartment C impresses with its thoughtful layout and generous space. It has two bedrooms \u2013 one with a double bed and one with two single beds. The smaller bedroom provides access to a balcony [&hellip;]<\/p>\n","protected":false},"author":1,"featured_media":0,"parent":11,"menu_order":3,"comment_status":"closed","ping_status":"closed","template":"","meta":{"footnotes":""},"class_list":["post-19","page","type-page","status-publish","hentry"],"yoast_head":"<!-- This site is optimized with the Yoast SEO plugin v27.0 - https:\/\/yoast.com\/product\/yoast-seo-wordpress\/ -->\n<title>Apartment C<\/title>\n<meta name=\"description\" content=\"Apartment C at Steinzgerhof: Alpine coziness, nature right at your doorstep, and authentic South Tyrolean lifestyle.\" \/>\n<meta name=\"robots\" content=\"index, follow, max-snippet:-1, max-image-preview:large, max-video-preview:-1\" \/>\n<link rel=\"canonical\" href=\"\" \/>\n<meta property=\"og:locale\" content=\"en_US\" \/>\n<meta property=\"og:type\" content=\"article\" \/>\n<meta property=\"og:title\" content=\"Apartment C\" \/>\n<meta property=\"og:description\" content=\"Apartment C at Steinzgerhof: Alpine coziness, nature right at your doorstep, and authentic South Tyrolean lifestyle.\" \/>\n<meta property=\"og:url\" content=\"https:\/\/steinzgerhof.com\/en\/apartments-antholz-obertal-steinzgerhof\/apartment-c-experience-in-antholz-south-tyrol\/\" \/>\n<meta property=\"og:site_name\" content=\"Steinzgerhof\" \/>\n<meta property=\"article:modified_time\" content=\"2026-02-26T15:32:54+00:00\" \/>\n<meta property=\"og:image\" content=\"https:\/\/steinzgerhof.com\/wp-content\/uploads\/2026\/02\/Wohnung-C-3.png\" \/>\n\t<meta property=\"og:image:width\" content=\"1200\" \/>\n\t<meta property=\"og:image:height\" content=\"628\" \/>\n\t<meta property=\"og:image:type\" content=\"image\/png\" \/>\n<meta name=\"twitter:card\" content=\"summary_large_image\" \/>\n<meta name=\"twitter:label1\" content=\"Est. reading time\" \/>\n\t<meta name=\"twitter:data1\" content=\"2 minutes\" \/>\n<script type=\"application\/ld+json\" class=\"yoast-schema-graph\">{\"@context\":\"https:\/\/schema.org\",\"@graph\":[{\"@type\":\"WebPage\",\"@id\":\"https:\/\/steinzgerhof.com\/en\/apartments-antholz-obertal-steinzgerhof\/apartment-c-experience-in-antholz-south-tyrol\/\",\"url\":\"https:\/\/steinzgerhof.com\/en\/apartments-antholz-obertal-steinzgerhof\/apartment-c-experience-in-antholz-south-tyrol\/\",\"name\":\"Wohnung C - Steinzgerhof\",\"isPartOf\":{\"@id\":\"https:\/\/steinzgerhof.com\/#website\"},\"primaryImageOfPage\":{\"@id\":\"https:\/\/steinzgerhof.com\/en\/apartments-antholz-obertal-steinzgerhof\/apartment-c-experience-in-antholz-south-tyrol\/#primaryimage\"},\"image\":{\"@id\":\"https:\/\/steinzgerhof.com\/en\/apartments-antholz-obertal-steinzgerhof\/apartment-c-experience-in-antholz-south-tyrol\/#primaryimage\"},\"thumbnailUrl\":\"https:\/\/steinzgerhof.com\/wp-content\/uploads\/2026\/02\/Wohnung-C-3.png\",\"datePublished\":\"2026-02-21T10:23:47+00:00\",\"dateModified\":\"2026-02-26T15:32:54+00:00\",\"description\":\"Ferienwohnung C am Steinzgerhof: Alpine Gem\u00fctlichkeit, Natur direkt vor der T\u00fcr und echtes S\u00fcdtiroler Lebensgef\u00fchl.\",\"breadcrumb\":{\"@id\":\"https:\/\/steinzgerhof.com\/en\/apartments-antholz-obertal-steinzgerhof\/apartment-c-experience-in-antholz-south-tyrol\/#breadcrumb\"},\"inLanguage\":\"en-US\",\"potentialAction\":[{\"@type\":\"ReadAction\",\"target\":[\"https:\/\/steinzgerhof.com\/en\/apartments-antholz-obertal-steinzgerhof\/apartment-c-experience-in-antholz-south-tyrol\/\"]}]},{\"@type\":\"ImageObject\",\"inLanguage\":\"en-US\",\"@id\":\"https:\/\/steinzgerhof.com\/en\/apartments-antholz-obertal-steinzgerhof\/apartment-c-experience-in-antholz-south-tyrol\/#primaryimage\",\"url\":\"https:\/\/steinzgerhof.com\/wp-content\/uploads\/2026\/02\/Wohnung-C-3.png\",\"contentUrl\":\"https:\/\/steinzgerhof.com\/wp-content\/uploads\/2026\/02\/Wohnung-C-3.png\"},{\"@type\":\"BreadcrumbList\",\"@id\":\"https:\/\/steinzgerhof.com\/en\/apartments-antholz-obertal-steinzgerhof\/apartment-c-experience-in-antholz-south-tyrol\/#breadcrumb\",\"itemListElement\":[{\"@type\":\"ListItem\",\"position\":1,\"name\":\"Welcome\",\"item\":\"https:\/\/steinzgerhof.com\/\"},{\"@type\":\"ListItem\",\"position\":2,\"name\":\"Apartments\",\"item\":\"https:\/\/steinzgerhof.com\/ferienwohnungen-in-antholz-obertal-steinzgerhof\/\"},{\"@type\":\"ListItem\",\"position\":3,\"name\":\"Apartment C\"}]},{\"@type\":\"WebSite\",\"@id\":\"https:\/\/steinzgerhof.com\/en\/#website\",\"url\":\"https:\/\/steinzgerhof.com\/en\/\",\"name\":\"Steinzgerhof\",\"description\":\"\",\"publisher\":{\"@id\":\"https:\/\/steinzgerhof.com\/en\/#organization\"},\"potentialAction\":[{\"@type\":\"SearchAction\",\"target\":{\"@type\":\"EntryPoint\",\"urlTemplate\":\"https:\/\/steinzgerhof.com\/en\/?s={search_term_string}\"},\"query-input\":{\"@type\":\"PropertyValueSpecification\",\"valueRequired\":true,\"valueName\":\"search_term_string\"}}],\"inLanguage\":\"en-US\"},{\"@type\":\"Organization\",\"@id\":\"https:\/\/steinzgerhof.com\/en\/#organization\",\"name\":\"Steinzgerhof\",\"url\":\"https:\/\/steinzgerhof.com\/en\/\",\"logo\":{\"@type\":\"ImageObject\",\"inLanguage\":\"en-US\",\"@id\":\"https:\/\/steinzgerhof.com\/en\/#\/schema\/logo\/image\/\",\"url\":\"https:\/\/steinzgerhof.com\/wp-content\/uploads\/2026\/02\/steinzgerhof_logo.png\",\"contentUrl\":\"https:\/\/steinzgerhof.com\/wp-content\/uploads\/2026\/02\/steinzgerhof_logo.png\",\"width\":350,\"height\":69,\"caption\":\"Steinzgerhof\"},\"image\":{\"@id\":\"https:\/\/steinzgerhof.com\/en\/#\/schema\/logo\/image\/\"}}]}<\/script>\n<!-- \/ Yoast SEO plugin. -->","yoast_head_json":{"title":"Apartment C","description":"Apartment C at Steinzgerhof: Alpine coziness, nature right at your doorstep, and authentic South Tyrolean lifestyle.","robots":{"index":"index","follow":"follow","max-snippet":"max-snippet:-1","max-image-preview":"max-image-preview:large","max-video-preview":"max-video-preview:-1"},"canonical":"Apartment C \u2013 Spacious & Flexible Layout H3: 54 m\u00b2 | 2 Bedrooms | 2 Balconies | For Families & Groups Apartment C impresses with its thoughtful layout and generous space. It has two bedrooms \u2013 one with a double bed and one with two single beds. The smaller bedroom provides access to a balcony&hellip;","og_locale":"en_US","og_type":"article","og_title":"Apartment C","og_description":"Apartment C at Steinzgerhof: Alpine coziness, nature right at your doorstep, and authentic South Tyrolean lifestyle.","og_url":"https:\/\/steinzgerhof.com\/en\/apartments-antholz-obertal-steinzgerhof\/apartment-c-experience-in-antholz-south-tyrol\/","og_site_name":"Steinzgerhof","article_modified_time":"2026-02-26T15:32:54+00:00","og_image":[{"width":1200,"height":628,"url":"https:\/\/steinzgerhof.com\/wp-content\/uploads\/2026\/02\/Wohnung-C-3.png","type":"image\/png"}],"twitter_card":"summary_large_image","twitter_misc":{"Est. reading time":"2 minutes"},"schema":{"@context":"https:\/\/schema.org","@graph":[{"@type":"WebPage","@id":"https:\/\/steinzgerhof.com\/en\/apartments-antholz-obertal-steinzgerhof\/apartment-c-experience-in-antholz-south-tyrol\/","url":"https:\/\/steinzgerhof.com\/en\/apartments-antholz-obertal-steinzgerhof\/apartment-c-experience-in-antholz-south-tyrol\/","name":"Wohnung C - Steinzgerhof","isPartOf":{"@id":"https:\/\/steinzgerhof.com\/#website"},"primaryImageOfPage":{"@id":"https:\/\/steinzgerhof.com\/en\/apartments-antholz-obertal-steinzgerhof\/apartment-c-experience-in-antholz-south-tyrol\/#primaryimage"},"image":{"@id":"https:\/\/steinzgerhof.com\/en\/apartments-antholz-obertal-steinzgerhof\/apartment-c-experience-in-antholz-south-tyrol\/#primaryimage"},"thumbnailUrl":"https:\/\/steinzgerhof.com\/wp-content\/uploads\/2026\/02\/Wohnung-C-3.png","datePublished":"2026-02-21T10:23:47+00:00","dateModified":"2026-02-26T15:32:54+00:00","description":"Ferienwohnung C am Steinzgerhof: Alpine Gem\u00fctlichkeit, Natur direkt vor der T\u00fcr und echtes S\u00fcdtiroler Lebensgef\u00fchl.","breadcrumb":{"@id":"https:\/\/steinzgerhof.com\/en\/apartments-antholz-obertal-steinzgerhof\/apartment-c-experience-in-antholz-south-tyrol\/#breadcrumb"},"inLanguage":"en-US","potentialAction":[{"@type":"ReadAction","target":["https:\/\/steinzgerhof.com\/en\/apartments-antholz-obertal-steinzgerhof\/apartment-c-experience-in-antholz-south-tyrol\/"]}]},{"@type":"ImageObject","inLanguage":"en-US","@id":"https:\/\/steinzgerhof.com\/en\/apartments-antholz-obertal-steinzgerhof\/apartment-c-experience-in-antholz-south-tyrol\/#primaryimage","url":"https:\/\/steinzgerhof.com\/wp-content\/uploads\/2026\/02\/Wohnung-C-3.png","contentUrl":"https:\/\/steinzgerhof.com\/wp-content\/uploads\/2026\/02\/Wohnung-C-3.png"},{"@type":"BreadcrumbList","@id":"https:\/\/steinzgerhof.com\/en\/apartments-antholz-obertal-steinzgerhof\/apartment-c-experience-in-antholz-south-tyrol\/#breadcrumb","itemListElement":[{"@type":"ListItem","position":1,"name":"Welcome","item":"https:\/\/steinzgerhof.com\/"},{"@type":"ListItem","position":2,"name":"Apartments","item":"https:\/\/steinzgerhof.com\/ferienwohnungen-in-antholz-obertal-steinzgerhof\/"},{"@type":"ListItem","position":3,"name":"Apartment C"}]},{"@type":"WebSite","@id":"https:\/\/steinzgerhof.com\/en\/#website","url":"https:\/\/steinzgerhof.com\/en\/","name":"Steinzgerhof","description":"","publisher":{"@id":"https:\/\/steinzgerhof.com\/en\/#organization"},"potentialAction":[{"@type":"SearchAction","target":{"@type":"EntryPoint","urlTemplate":"https:\/\/steinzgerhof.com\/en\/?s={search_term_string}"},"query-input":{"@type":"PropertyValueSpecification","valueRequired":true,"valueName":"search_term_string"}}],"inLanguage":"en-US"},{"@type":"Organization","@id":"https:\/\/steinzgerhof.com\/en\/#organization","name":"Steinzgerhof","url":"https:\/\/steinzgerhof.com\/en\/","logo":{"@type":"ImageObject","inLanguage":"en-US","@id":"https:\/\/steinzgerhof.com\/en\/#\/schema\/logo\/image\/","url":"https:\/\/steinzgerhof.com\/wp-content\/uploads\/2026\/02\/steinzgerhof_logo.png","contentUrl":"https:\/\/steinzgerhof.com\/wp-content\/uploads\/2026\/02\/steinzgerhof_logo.png","width":350,"height":69,"caption":"Steinzgerhof"},"image":{"@id":"https:\/\/steinzgerhof.com\/en\/#\/schema\/logo\/image\/"}}]}},"_links":{"self":[{"href":"https:\/\/steinzgerhof.com\/en\/wp-json\/wp\/v2\/pages\/19","targetHints":{"allow":["GET"]}}],"collection":[{"href":"https:\/\/steinzgerhof.com\/en\/wp-json\/wp\/v2\/pages"}],"about":[{"href":"https:\/\/steinzgerhof.com\/en\/wp-json\/wp\/v2\/types\/page"}],"author":[{"embeddable":true,"href":"https:\/\/steinzgerhof.com\/en\/wp-json\/wp\/v2\/users\/1"}],"replies":[{"embeddable":true,"href":"https:\/\/steinzgerhof.com\/en\/wp-json\/wp\/v2\/comments?post=19"}],"version-history":[{"count":7,"href":"https:\/\/steinzgerhof.com\/en\/wp-json\/wp\/v2\/pages\/19\/revisions"}],"predecessor-version":[{"id":283,"href":"https:\/\/steinzgerhof.com\/en\/wp-json\/wp\/v2\/pages\/19\/revisions\/283"}],"up":[{"embeddable":true,"href":"https:\/\/steinzgerhof.com\/en\/wp-json\/wp\/v2\/pages\/11"}],"wp:attachment":[{"href":"https:\/\/steinzgerhof.com\/en\/wp-json\/wp\/v2\/media?parent=19"}],"curies":[{"name":"wp","href":"https:\/\/api.w.org\/{rel}","templated":true}]}}