{"id":17,"date":"2026-02-21T11:23:34","date_gmt":"2026-02-21T10:23:34","guid":{"rendered":"https:\/\/steinzgerhof.com\/?page_id=17"},"modified":"2026-02-26T16:29:36","modified_gmt":"2026-02-26T15:29:36","slug":"ferienwohnung-b-in-antholz-urlaub-am-bauernhof","status":"publish","type":"page","link":"https:\/\/steinzgerhof.com\/en\/apartments-antholz-obertal-steinzgerhof\/apartment-b-in-antholz-farm-holiday\/","title":{"rendered":"Apartment B"},"content":{"rendered":"\r\n<h1 class=\"wp-block-heading has-text-color has-link-color wp-elements-c01882360d862be0f5a2ce772d7bc7c7\" style=\"color:#3b4d57\">Apartment B \u2013 Small, stylish &#038; perfect for togetherness<\/h1>\r\n\r\n\r\n\r\n<h4 class=\"wp-block-heading has-text-color has-link-color wp-elements-5ab469831b1914d463eafcbd4c258f8a\" style=\"color:#3b4d57\"><em>32 m\u00b2 | 1 bedroom | Balcony | For couples &#038; small families<\/em><\/h4>\r\n\r\n\r\n\r\n<p><strong>Apartment B<\/strong> is the smallest of our holiday apartments \u2013 and that is exactly what makes it especially charming. Ideal for couples looking for a peaceful retreat surrounded by South Tyrolean nature. Thanks to the cozy sofa bed, it can accommodate up to four guests.<\/p>\r\n\r\n\r\n\r\n<p>Upon entering, you step directly into the spacious sleeping and living area with a double bed. This room radiates calm and comfort and is perfect for relaxed mornings and cozy evenings. The adjacent bathroom is equipped with a shower and bidet.<\/p>\r\n\r\n\r\n\r\n<p>From the bedroom, you can step out onto the balcony, which offers a beautiful view over the valley. Right next door is the cozy kitchen with kitchenette and dining table \u2013 perfect for shared meals in warm sunlight.<\/p>\r\n\r\n\r\n\r\n<div style=\"height:30px\" aria-hidden=\"true\" class=\"wp-block-spacer\"><\/div>\r\n\r\n\r\n\r\n<figure class=\"wp-block-gallery has-nested-images columns-default is-cropped wp-block-gallery-1 is-layout-flex wp-block-gallery-is-layout-flex\">\r\n\r\n\r\n<figure class=\"wp-block-image size-large\">\r\n  <img loading=\"lazy\" decoding=\"async\" width=\"1024\" height=\"536\" data-id=\"132\" src=\"https:\/\/steinzgerhof.com\/wp-content\/uploads\/2026\/02\/Wohnung-B-2-1024x536.png\" alt=\"\" class=\"wp-image-132\" srcset=\"https:\/\/steinzgerhof.com\/wp-content\/uploads\/2026\/02\/Wohnung-B-2-1024x536.png 1024w, https:\/\/steinzgerhof.com\/wp-content\/uploads\/2026\/02\/Wohnung-B-2-300x157.png 300w, https:\/\/steinzgerhof.com\/wp-content\/uploads\/2026\/02\/Wohnung-B-2-768x402.png 768w, https:\/\/steinzgerhof.com\/wp-content\/uploads\/2026\/02\/Wohnung-B-2.png 1200w\" sizes=\"auto, (max-width: 1024px) 100vw, 1024px\" \/>\r\n  <figcaption class=\"wp-element-caption\">Sleeping &#038; living area<\/figcaption>\r\n<\/figure>\r\n\r\n\r\n\r\n<figure class=\"wp-block-image size-large\">\r\n  <img loading=\"lazy\" decoding=\"async\" width=\"1024\" height=\"536\" data-id=\"133\" src=\"https:\/\/steinzgerhof.com\/wp-content\/uploads\/2026\/02\/Wohnung-B-3-1024x536.png\" alt=\"\" class=\"wp-image-133\" srcset=\"https:\/\/steinzgerhof.com\/wp-content\/uploads\/2026\/02\/Wohnung-B-3-1024x536.png 1024w, https:\/\/steinzgerhof.com\/wp-content\/uploads\/2026\/02\/Wohnung-B-3-300x157.png 300w, https:\/\/steinzgerhof.com\/wp-content\/uploads\/2026\/02\/Wohnung-B-3-768x402.png 768w, https:\/\/steinzgerhof.com\/wp-content\/uploads\/2026\/02\/Wohnung-B-3.png 1200w\" sizes=\"auto, (max-width: 1024px) 100vw, 1024px\" \/>\r\n  <figcaption class=\"wp-element-caption\">Kitchen<\/figcaption>\r\n<\/figure>\r\n\r\n\r\n\r\n<figure class=\"wp-block-image size-large\">\r\n  <img loading=\"lazy\" decoding=\"async\" width=\"1024\" height=\"536\" data-id=\"130\" src=\"https:\/\/steinzgerhof.com\/wp-content\/uploads\/2026\/02\/Wohnung-B-4-1024x536.png\" alt=\"\" class=\"wp-image-130\" srcset=\"https:\/\/steinzgerhof.com\/wp-content\/uploads\/2026\/02\/Wohnung-B-4-1024x536.png 1024w, https:\/\/steinzgerhof.com\/wp-content\/uploads\/2026\/02\/Wohnung-B-4-300x157.png 300w, https:\/\/steinzgerhof.com\/wp-content\/uploads\/2026\/02\/Wohnung-B-4-768x402.png 768w, https:\/\/steinzgerhof.com\/wp-content\/uploads\/2026\/02\/Wohnung-B-4.png 1200w\" sizes=\"auto, (max-width: 1024px) 100vw, 1024px\" \/>\r\n<\/figure>\r\n\r\n\r\n\r\n<figure class=\"wp-block-image size-large\">\r\n  <img loading=\"lazy\" decoding=\"async\" width=\"1024\" height=\"536\" data-id=\"131\" src=\"https:\/\/steinzgerhof.com\/wp-content\/uploads\/2026\/02\/Wohnung-B-1-1024x536.png\" alt=\"\" class=\"wp-image-131\" srcset=\"https:\/\/steinzgerhof.com\/wp-content\/uploads\/2026\/02\/Wohnung-B-1-1024x536.png 1024w, https:\/\/steinzgerhof.com\/wp-content\/uploads\/2026\/02\/Wohnung-B-1-300x157.png 300w, https:\/\/steinzgerhof.com\/wp-content\/uploads\/2026\/02\/Wohnung-B-1-768x402.png 768w, https:\/\/steinzgerhof.com\/wp-content\/uploads\/2026\/02\/Wohnung-B-1.png 1200w\" sizes=\"auto, (max-width: 1024px) 100vw, 1024px\" \/>\r\n  <figcaption class=\"wp-element-caption\">Balcony view<\/figcaption>\r\n<\/figure>\r\n\r\n\r\n<\/figure>\r\n\r\n\r\n\r\n<div style=\"height:30px\" aria-hidden=\"true\" class=\"wp-block-spacer\"><\/div>\r\n\r\n\r\n\r\n<h4 class=\"wp-block-heading\">Amenities<\/h4>\r\n\r\n\r\n\r\n<p>Kitchen with espresso machine, moka pot, kettle, refrigerator, cookware, dishes, glasses, and cutlery.<\/p>\r\n\r\n\r\n\r\n<h4 class=\"wp-block-heading\">Ideal for:<\/h4>\r\n\r\n\r\n\r\n<p>Couples, those seeking peace and quiet, or small families who value nature, privacy, and cozy comfort.<\/p>\r\n\r\n\r\n\r\n<div style=\"height:50px\" aria-hidden=\"true\" class=\"wp-block-spacer\"><\/div>\r\n\r\n\r\n\r\n<div class=\"wp-block-buttons is-content-justification-center is-layout-flex wp-container-core-buttons-is-layout-16018d1d wp-block-buttons-is-layout-flex\">\r\n\r\n\r\n<div class=\"wp-block-button\">\r\n  <a class=\"wp-block-button__link has-text-color has-link-color wp-element-button\" href=\"https:\/\/steinzgerhof.com\/en\/prices-apartments-antholz-steinzgerhof\/\" style=\"color:#c0c3e6\">\r\n    View price list\r\n  <\/a>\r\n<\/div>\r\n\r\n\r\n<\/div>\r\n","protected":false},"excerpt":{"rendered":"<p>Apartment B \u2013 Small, stylish &#038; perfect for togetherness 32 m\u00b2 | 1 bedroom | Balcony | For couples &#038; small families Apartment B is the smallest of our holiday apartments \u2013 and that is exactly what makes it especially charming. Ideal for couples looking for a peaceful retreat surrounded by South Tyrolean nature. Thanks [&hellip;]<\/p>\n","protected":false},"author":1,"featured_media":0,"parent":11,"menu_order":2,"comment_status":"closed","ping_status":"closed","template":"","meta":{"footnotes":""},"class_list":["post-17","page","type-page","status-publish","hentry"],"yoast_head":"<!-- This site is optimized with the Yoast SEO plugin v27.0 - https:\/\/yoast.com\/product\/yoast-seo-wordpress\/ -->\n<title>Apartment B<\/title>\n<meta name=\"description\" content=\"Apartment B in Antholz Obertal: A quiet and private retreat for those who love cozy comfort.\" \/>\n<meta name=\"robots\" content=\"index, follow, max-snippet:-1, max-image-preview:large, max-video-preview:-1\" \/>\n<link rel=\"canonical\" href=\"http:\/\/Apartment%20B%20\u2013%20Small,%20stylish%20&%20perfect%20for%20togetherness%2032%20m\u00b2%20|%201%20bedroom%20|%20Balcony%20|%20For%20couples%20&%20small%20families%20Apartment%20B%20is%20the%20smallest%20of%20our%20holiday%20apartments%20\u2013%20and%20that%20is%20exactly%20what%20makes%20it%20especially%20charming.%20Ideal%20for%20couples%20looking%20for%20a%20peaceful%20retreat%20surrounded%20by%20South%20Tyrolean%20nature.%20Thanks&hellip;\" \/>\n<meta property=\"og:locale\" content=\"en_US\" \/>\n<meta property=\"og:type\" content=\"article\" \/>\n<meta property=\"og:title\" content=\"Apartment B\" \/>\n<meta property=\"og:description\" content=\"Apartment B in Antholz Obertal: A quiet and private retreat for those who love cozy comfort.\" \/>\n<meta property=\"og:url\" content=\"https:\/\/steinzgerhof.com\/en\/apartments-antholz-obertal-steinzgerhof\/apartment-b-in-antholz-farm-holiday\/\" \/>\n<meta property=\"og:site_name\" content=\"Steinzgerhof\" \/>\n<meta property=\"article:modified_time\" content=\"2026-02-26T15:29:36+00:00\" \/>\n<meta property=\"og:image\" content=\"https:\/\/steinzgerhof.com\/wp-content\/uploads\/2026\/02\/Wohnung-B-2.png\" \/>\n\t<meta property=\"og:image:width\" content=\"1200\" \/>\n\t<meta property=\"og:image:height\" content=\"628\" \/>\n\t<meta property=\"og:image:type\" content=\"image\/png\" \/>\n<meta name=\"twitter:card\" content=\"summary_large_image\" \/>\n<meta name=\"twitter:label1\" content=\"Est. reading time\" \/>\n\t<meta name=\"twitter:data1\" content=\"2 minutes\" \/>\n<script type=\"application\/ld+json\" class=\"yoast-schema-graph\">{\"@context\":\"https:\/\/schema.org\",\"@graph\":[{\"@type\":\"WebPage\",\"@id\":\"https:\/\/steinzgerhof.com\/en\/apartments-antholz-obertal-steinzgerhof\/apartment-b-in-antholz-farm-holiday\/\",\"url\":\"https:\/\/steinzgerhof.com\/en\/apartments-antholz-obertal-steinzgerhof\/apartment-b-in-antholz-farm-holiday\/\",\"name\":\"Wohnung B - Steinzgerhof\",\"isPartOf\":{\"@id\":\"https:\/\/steinzgerhof.com\/#website\"},\"primaryImageOfPage\":{\"@id\":\"https:\/\/steinzgerhof.com\/en\/apartments-antholz-obertal-steinzgerhof\/apartment-b-in-antholz-farm-holiday\/#primaryimage\"},\"image\":{\"@id\":\"https:\/\/steinzgerhof.com\/en\/apartments-antholz-obertal-steinzgerhof\/apartment-b-in-antholz-farm-holiday\/#primaryimage\"},\"thumbnailUrl\":\"https:\/\/steinzgerhof.com\/wp-content\/uploads\/2026\/02\/Wohnung-B-2.png\",\"datePublished\":\"2026-02-21T10:23:34+00:00\",\"dateModified\":\"2026-02-26T15:29:36+00:00\",\"description\":\"Ferienwohnung B in Antholz Obertal: Ruhiger und privater R\u00fcckzugsort f\u00fcr alle, die es gern gem\u00fctlich haben.\",\"breadcrumb\":{\"@id\":\"https:\/\/steinzgerhof.com\/en\/apartments-antholz-obertal-steinzgerhof\/apartment-b-in-antholz-farm-holiday\/#breadcrumb\"},\"inLanguage\":\"en-US\",\"potentialAction\":[{\"@type\":\"ReadAction\",\"target\":[\"https:\/\/steinzgerhof.com\/en\/apartments-antholz-obertal-steinzgerhof\/apartment-b-in-antholz-farm-holiday\/\"]}]},{\"@type\":\"ImageObject\",\"inLanguage\":\"en-US\",\"@id\":\"https:\/\/steinzgerhof.com\/en\/apartments-antholz-obertal-steinzgerhof\/apartment-b-in-antholz-farm-holiday\/#primaryimage\",\"url\":\"https:\/\/steinzgerhof.com\/wp-content\/uploads\/2026\/02\/Wohnung-B-2.png\",\"contentUrl\":\"https:\/\/steinzgerhof.com\/wp-content\/uploads\/2026\/02\/Wohnung-B-2.png\"},{\"@type\":\"BreadcrumbList\",\"@id\":\"https:\/\/steinzgerhof.com\/en\/apartments-antholz-obertal-steinzgerhof\/apartment-b-in-antholz-farm-holiday\/#breadcrumb\",\"itemListElement\":[{\"@type\":\"ListItem\",\"position\":1,\"name\":\"Welcome\",\"item\":\"https:\/\/steinzgerhof.com\/\"},{\"@type\":\"ListItem\",\"position\":2,\"name\":\"Apartments\",\"item\":\"https:\/\/steinzgerhof.com\/ferienwohnungen-in-antholz-obertal-steinzgerhof\/\"},{\"@type\":\"ListItem\",\"position\":3,\"name\":\"Apartment B\"}]},{\"@type\":\"WebSite\",\"@id\":\"https:\/\/steinzgerhof.com\/en\/#website\",\"url\":\"https:\/\/steinzgerhof.com\/en\/\",\"name\":\"Steinzgerhof\",\"description\":\"\",\"publisher\":{\"@id\":\"https:\/\/steinzgerhof.com\/en\/#organization\"},\"potentialAction\":[{\"@type\":\"SearchAction\",\"target\":{\"@type\":\"EntryPoint\",\"urlTemplate\":\"https:\/\/steinzgerhof.com\/en\/?s={search_term_string}\"},\"query-input\":{\"@type\":\"PropertyValueSpecification\",\"valueRequired\":true,\"valueName\":\"search_term_string\"}}],\"inLanguage\":\"en-US\"},{\"@type\":\"Organization\",\"@id\":\"https:\/\/steinzgerhof.com\/en\/#organization\",\"name\":\"Steinzgerhof\",\"url\":\"https:\/\/steinzgerhof.com\/en\/\",\"logo\":{\"@type\":\"ImageObject\",\"inLanguage\":\"en-US\",\"@id\":\"https:\/\/steinzgerhof.com\/en\/#\/schema\/logo\/image\/\",\"url\":\"https:\/\/steinzgerhof.com\/wp-content\/uploads\/2026\/02\/steinzgerhof_logo.png\",\"contentUrl\":\"https:\/\/steinzgerhof.com\/wp-content\/uploads\/2026\/02\/steinzgerhof_logo.png\",\"width\":350,\"height\":69,\"caption\":\"Steinzgerhof\"},\"image\":{\"@id\":\"https:\/\/steinzgerhof.com\/en\/#\/schema\/logo\/image\/\"}}]}<\/script>\n<!-- \/ Yoast SEO plugin. -->","yoast_head_json":{"title":"Apartment B","description":"Apartment B in Antholz Obertal: A quiet and private retreat for those who love cozy comfort.","robots":{"index":"index","follow":"follow","max-snippet":"max-snippet:-1","max-image-preview":"max-image-preview:large","max-video-preview":"max-video-preview:-1"},"canonical":"Apartment B \u2013 Small, stylish & perfect for togetherness 32 m\u00b2 | 1 bedroom | Balcony | For couples & small families Apartment B is the smallest of our holiday apartments \u2013 and that is exactly what makes it especially charming. Ideal for couples looking for a peaceful retreat surrounded by South Tyrolean nature. Thanks&hellip;","og_locale":"en_US","og_type":"article","og_title":"Apartment B","og_description":"Apartment B in Antholz Obertal: A quiet and private retreat for those who love cozy comfort.","og_url":"https:\/\/steinzgerhof.com\/en\/apartments-antholz-obertal-steinzgerhof\/apartment-b-in-antholz-farm-holiday\/","og_site_name":"Steinzgerhof","article_modified_time":"2026-02-26T15:29:36+00:00","og_image":[{"width":1200,"height":628,"url":"https:\/\/steinzgerhof.com\/wp-content\/uploads\/2026\/02\/Wohnung-B-2.png","type":"image\/png"}],"twitter_card":"summary_large_image","twitter_misc":{"Est. reading time":"2 minutes"},"schema":{"@context":"https:\/\/schema.org","@graph":[{"@type":"WebPage","@id":"https:\/\/steinzgerhof.com\/en\/apartments-antholz-obertal-steinzgerhof\/apartment-b-in-antholz-farm-holiday\/","url":"https:\/\/steinzgerhof.com\/en\/apartments-antholz-obertal-steinzgerhof\/apartment-b-in-antholz-farm-holiday\/","name":"Wohnung B - Steinzgerhof","isPartOf":{"@id":"https:\/\/steinzgerhof.com\/#website"},"primaryImageOfPage":{"@id":"https:\/\/steinzgerhof.com\/en\/apartments-antholz-obertal-steinzgerhof\/apartment-b-in-antholz-farm-holiday\/#primaryimage"},"image":{"@id":"https:\/\/steinzgerhof.com\/en\/apartments-antholz-obertal-steinzgerhof\/apartment-b-in-antholz-farm-holiday\/#primaryimage"},"thumbnailUrl":"https:\/\/steinzgerhof.com\/wp-content\/uploads\/2026\/02\/Wohnung-B-2.png","datePublished":"2026-02-21T10:23:34+00:00","dateModified":"2026-02-26T15:29:36+00:00","description":"Ferienwohnung B in Antholz Obertal: Ruhiger und privater R\u00fcckzugsort f\u00fcr alle, die es gern gem\u00fctlich haben.","breadcrumb":{"@id":"https:\/\/steinzgerhof.com\/en\/apartments-antholz-obertal-steinzgerhof\/apartment-b-in-antholz-farm-holiday\/#breadcrumb"},"inLanguage":"en-US","potentialAction":[{"@type":"ReadAction","target":["https:\/\/steinzgerhof.com\/en\/apartments-antholz-obertal-steinzgerhof\/apartment-b-in-antholz-farm-holiday\/"]}]},{"@type":"ImageObject","inLanguage":"en-US","@id":"https:\/\/steinzgerhof.com\/en\/apartments-antholz-obertal-steinzgerhof\/apartment-b-in-antholz-farm-holiday\/#primaryimage","url":"https:\/\/steinzgerhof.com\/wp-content\/uploads\/2026\/02\/Wohnung-B-2.png","contentUrl":"https:\/\/steinzgerhof.com\/wp-content\/uploads\/2026\/02\/Wohnung-B-2.png"},{"@type":"BreadcrumbList","@id":"https:\/\/steinzgerhof.com\/en\/apartments-antholz-obertal-steinzgerhof\/apartment-b-in-antholz-farm-holiday\/#breadcrumb","itemListElement":[{"@type":"ListItem","position":1,"name":"Welcome","item":"https:\/\/steinzgerhof.com\/"},{"@type":"ListItem","position":2,"name":"Apartments","item":"https:\/\/steinzgerhof.com\/ferienwohnungen-in-antholz-obertal-steinzgerhof\/"},{"@type":"ListItem","position":3,"name":"Apartment B"}]},{"@type":"WebSite","@id":"https:\/\/steinzgerhof.com\/en\/#website","url":"https:\/\/steinzgerhof.com\/en\/","name":"Steinzgerhof","description":"","publisher":{"@id":"https:\/\/steinzgerhof.com\/en\/#organization"},"potentialAction":[{"@type":"SearchAction","target":{"@type":"EntryPoint","urlTemplate":"https:\/\/steinzgerhof.com\/en\/?s={search_term_string}"},"query-input":{"@type":"PropertyValueSpecification","valueRequired":true,"valueName":"search_term_string"}}],"inLanguage":"en-US"},{"@type":"Organization","@id":"https:\/\/steinzgerhof.com\/en\/#organization","name":"Steinzgerhof","url":"https:\/\/steinzgerhof.com\/en\/","logo":{"@type":"ImageObject","inLanguage":"en-US","@id":"https:\/\/steinzgerhof.com\/en\/#\/schema\/logo\/image\/","url":"https:\/\/steinzgerhof.com\/wp-content\/uploads\/2026\/02\/steinzgerhof_logo.png","contentUrl":"https:\/\/steinzgerhof.com\/wp-content\/uploads\/2026\/02\/steinzgerhof_logo.png","width":350,"height":69,"caption":"Steinzgerhof"},"image":{"@id":"https:\/\/steinzgerhof.com\/en\/#\/schema\/logo\/image\/"}}]}},"_links":{"self":[{"href":"https:\/\/steinzgerhof.com\/en\/wp-json\/wp\/v2\/pages\/17","targetHints":{"allow":["GET"]}}],"collection":[{"href":"https:\/\/steinzgerhof.com\/en\/wp-json\/wp\/v2\/pages"}],"about":[{"href":"https:\/\/steinzgerhof.com\/en\/wp-json\/wp\/v2\/types\/page"}],"author":[{"embeddable":true,"href":"https:\/\/steinzgerhof.com\/en\/wp-json\/wp\/v2\/users\/1"}],"replies":[{"embeddable":true,"href":"https:\/\/steinzgerhof.com\/en\/wp-json\/wp\/v2\/comments?post=17"}],"version-history":[{"count":7,"href":"https:\/\/steinzgerhof.com\/en\/wp-json\/wp\/v2\/pages\/17\/revisions"}],"predecessor-version":[{"id":282,"href":"https:\/\/steinzgerhof.com\/en\/wp-json\/wp\/v2\/pages\/17\/revisions\/282"}],"up":[{"embeddable":true,"href":"https:\/\/steinzgerhof.com\/en\/wp-json\/wp\/v2\/pages\/11"}],"wp:attachment":[{"href":"https:\/\/steinzgerhof.com\/en\/wp-json\/wp\/v2\/media?parent=17"}],"curies":[{"name":"wp","href":"https:\/\/api.w.org\/{rel}","templated":true}]}}