{"id":11,"date":"2026-02-21T11:19:20","date_gmt":"2026-02-21T10:19:20","guid":{"rendered":"https:\/\/steinzgerhof.com\/?page_id=11"},"modified":"2026-02-26T16:14:55","modified_gmt":"2026-02-26T15:14:55","slug":"ferienwohnungen-in-antholz-obertal-steinzgerhof","status":"publish","type":"page","link":"https:\/\/steinzgerhof.com\/en\/apartments-antholz-obertal-steinzgerhof\/","title":{"rendered":"Apartments"},"content":{"rendered":"\r\n<h1 class=\"wp-block-heading\">Holiday Apartments at Steinzgerhof<\/h1>\r\n\r\n\r\n\r\n<p>All holiday apartments at Steinzgerhof are lovingly furnished and fully equipped, so you can feel at home from the very first moment. Each apartment has its own kitchen with everything you need for your stay \u2013 ideal for an independent and relaxed farm holiday in South Tyrol.<\/p>\r\n\r\n\r\n\t<section class=\"section section--apartments\" id=\"ferienwohnungen\">\n\t\t<div class=\"container\">\n\t\t\t<h2 class=\"section__title\">Selection<\/h2>\n\t\t\t\t\t\t<div class=\"apartments__slider\">\n\t\t\t\t<button type=\"button\" class=\"apartments__nav apartments__nav--prev\" aria-label=\"Vorherige\">&larr;<\/button>\n\t\t\t\t<div class=\"apartments__grid apartments__grid--slider\">\n\t\t\t\t\t\t\t\t\t\t<article class=\"apartment-card\" id=\"apartment-a\">\n\t\t\t\t\t\t<div class=\"apartment-card__image\">\n\t\t\t\t\t\t\t\t\t\t\t\t\t\t\t<img decoding=\"async\" src=\"https:\/\/steinzgerhof.com\/wp-content\/uploads\/2026\/02\/Wohnung-A-768x768.png\" alt=\"Apartment A\" loading=\"lazy\">\n\t\t\t\t\t\t\t\t\t\t\t\t\t<\/div>\n\t\t\t\t\t\t<div class=\"apartment-card__body\">\n\t\t\t\t\t\t\t<h3 class=\"apartment-card__title\">Apartment A<\/h3>\n\t\t\t\t\t\t\t\t\t\t\t\t\t\t\t<p class=\"apartment-card__meta\">\n\t\t\t\t\t\t\t\t\tup to 4 persons \u00b7 approx. 52 m\u00b2\t\t\t\t\t\t\t\t<\/p>\n\t\t\t\t\t\t\t\t\t\t\t\t\t\t\t\t\t\t\t\t\t\t<p class=\"apartment-card__desc\">2 bedrooms | For couples &amp; families<\/p>\n\t\t\t\t\t\t\t\t\t\t\t\t\t\t\t\t\t\t\t\t\t\t<a href=\"https:\/\/steinzgerhof.com\/en\/apartments-antholz-obertal-steinzgerhof\/apartment-with-mountain-view\/\" class=\"apartment-card__link\">Details &amp; Fotos<\/a>\n\t\t\t\t\t\t\t\t\t\t\t\t\t<\/div>\n\t\t\t\t\t<\/article>\n\t\t\t\t\t\t\t\t\t<article class=\"apartment-card\" id=\"apartment-b\">\n\t\t\t\t\t\t<div class=\"apartment-card__image\">\n\t\t\t\t\t\t\t\t\t\t\t\t\t\t\t<img decoding=\"async\" src=\"https:\/\/steinzgerhof.com\/wp-content\/uploads\/2026\/02\/Wohnung-B-768x768.png\" alt=\"Apartment B\" loading=\"lazy\">\n\t\t\t\t\t\t\t\t\t\t\t\t\t<\/div>\n\t\t\t\t\t\t<div class=\"apartment-card__body\">\n\t\t\t\t\t\t\t<h3 class=\"apartment-card__title\">Apartment B<\/h3>\n\t\t\t\t\t\t\t\t\t\t\t\t\t\t\t<p class=\"apartment-card__meta\">\n\t\t\t\t\t\t\t\t\tup to 4 persons \u00b7 approx. 32 m\u00b2\t\t\t\t\t\t\t\t<\/p>\n\t\t\t\t\t\t\t\t\t\t\t\t\t\t\t\t\t\t\t\t\t\t<p class=\"apartment-card__desc\">1 bedroom | Balcony | For couples &amp; small families<\/p>\n\t\t\t\t\t\t\t\t\t\t\t\t\t\t\t\t\t\t\t\t\t\t<a href=\"https:\/\/steinzgerhof.com\/en\/apartments-antholz-obertal-steinzgerhof\/apartment-b-in-antholz-farm-holiday\/\" class=\"apartment-card__link\">Details &amp; Fotos<\/a>\n\t\t\t\t\t\t\t\t\t\t\t\t\t<\/div>\n\t\t\t\t\t<\/article>\n\t\t\t\t\t\t\t\t\t<article class=\"apartment-card\" id=\"apartment-c\">\n\t\t\t\t\t\t<div class=\"apartment-card__image\">\n\t\t\t\t\t\t\t\t\t\t\t\t\t\t\t<img decoding=\"async\" src=\"https:\/\/steinzgerhof.com\/wp-content\/uploads\/2026\/02\/Wohnung-C-768x768.png\" alt=\"Apartment C\" loading=\"lazy\">\n\t\t\t\t\t\t\t\t\t\t\t\t\t<\/div>\n\t\t\t\t\t\t<div class=\"apartment-card__body\">\n\t\t\t\t\t\t\t<h3 class=\"apartment-card__title\">Apartment C<\/h3>\n\t\t\t\t\t\t\t\t\t\t\t\t\t\t\t<p class=\"apartment-card__meta\">\n\t\t\t\t\t\t\t\t\tup to 6 persons \u00b7 approx. 54 m\u00b2\t\t\t\t\t\t\t\t<\/p>\n\t\t\t\t\t\t\t\t\t\t\t\t\t\t\t\t\t\t\t\t\t\t<p class=\"apartment-card__desc\">2 bedrooms | 2 balconies | For families &amp; small groups<\/p>\n\t\t\t\t\t\t\t\t\t\t\t\t\t\t\t\t\t\t\t\t\t\t<a href=\"https:\/\/steinzgerhof.com\/en\/apartments-antholz-obertal-steinzgerhof\/apartment-c-experience-in-antholz-south-tyrol\/\" class=\"apartment-card__link\">Details &amp; Fotos<\/a>\n\t\t\t\t\t\t\t\t\t\t\t\t\t<\/div>\n\t\t\t\t\t<\/article>\n\t\t\t\t\t\t\t\t\t<article class=\"apartment-card\" id=\"apartment-d\">\n\t\t\t\t\t\t<div class=\"apartment-card__image\">\n\t\t\t\t\t\t\t\t\t\t\t\t\t\t\t<img decoding=\"async\" src=\"https:\/\/steinzgerhof.com\/wp-content\/uploads\/2026\/02\/Wohnung-D-768x768.png\" alt=\"Apartment D\" loading=\"lazy\">\n\t\t\t\t\t\t\t\t\t\t\t\t\t<\/div>\n\t\t\t\t\t\t<div class=\"apartment-card__body\">\n\t\t\t\t\t\t\t<h3 class=\"apartment-card__title\">Apartment D<\/h3>\n\t\t\t\t\t\t\t\t\t\t\t\t\t\t\t<p class=\"apartment-card__meta\">\n\t\t\t\t\t\t\t\t\tup to 4 persons \u00b7 approx. 52 m\u00b2\t\t\t\t\t\t\t\t<\/p>\n\t\t\t\t\t\t\t\t\t\t\t\t\t\t\t\t\t\t\t\t\t\t<p class=\"apartment-card__desc\">2 bedrooms | 2 balconies | For couples &amp; families<\/p>\n\t\t\t\t\t\t\t\t\t\t\t\t\t\t\t\t\t\t\t\t\t\t<a href=\"https:\/\/steinzgerhof.com\/en\/apartments-antholz-obertal-steinzgerhof\/apartment-d-in-antholz-peace-nature\/\" class=\"apartment-card__link\">Details &amp; Fotos<\/a>\n\t\t\t\t\t\t\t\t\t\t\t\t\t<\/div>\n\t\t\t\t\t<\/article>\n\t\t\t\t\t\t\t\t<\/div>\n\t\t\t\t<button type=\"button\" class=\"apartments__nav apartments__nav--next\" aria-label=\"N\u00e4chste\">&rarr;<\/button>\n\t\t\t<\/div>\n\t\t<\/div>\n\t<\/section>\n\t\r\n\r\n\r\n<p>The apartments are accessible via the shared staircase. <strong>Apartments A, B, and C are on the second floor<\/strong>, while <strong>Apartment D is on the first floor<\/strong>. Please note that the house is only accessible by stairs and there is <strong>no elevator<\/strong>.<\/p>\r\n\r\n\r\n\r\n<p>Directly in front of the house, <strong>parking spaces<\/strong> are available. During the winter months, we also offer storage for skis and equipment in our garage, and in the summer, of course, for bicycles and sports gear \u2013 ideal for active guests and nature lovers.<\/p>\r\n\r\n\r\n\r\n<p>A very special highlight of our farm: upon request, you can enjoy fresh milk from our cows every morning. Just ask us \u2013 we are happy to share this piece of farm life with you.<\/p>\r\n\r\n\r\n\r\n<div class=\"wp-block-group is-nowrap is-layout-flex wp-container-core-group-is-layout-ad2f72ca wp-block-group-is-layout-flex\">\r\n  \r\n  <div class=\"wp-block-buttons is-layout-flex wp-block-buttons-is-layout-flex\">\r\n    \r\n    <div class=\"wp-block-button\">\r\n      <a class=\"wp-block-button__link has-text-color has-link-color wp-element-button\" href=\"https:\/\/steinzgerhof.com\/en\/contact-request-apartment-antholz\/\" style=\"color:#c0c3e6\">Plan Your Holiday at Steinzgerhof<\/a>\r\n    <\/div>\r\n    \r\n  <\/div>\r\n  \r\n\r\n  \r\n  <div style=\"height:100px;width:0px\" aria-hidden=\"true\" class=\"wp-block-spacer wp-container-content-6388d5dc\"><\/div>\r\n  \r\n<\/div>\r\n\r\n\r\n\r\n<p><\/p>\r\n","protected":false},"excerpt":{"rendered":"<p>Holiday Apartments at Steinzgerhof All holiday apartments at Steinzgerhof are lovingly furnished and fully equipped, so you can feel at home from the very first moment. Each apartment has its own kitchen with everything you need for your stay \u2013 ideal for an independent and relaxed farm holiday in South Tyrol. The apartments are accessible [&hellip;]<\/p>\n","protected":false},"author":1,"featured_media":0,"parent":0,"menu_order":2,"comment_status":"closed","ping_status":"closed","template":"","meta":{"footnotes":""},"class_list":["post-11","page","type-page","status-publish","hentry"],"yoast_head":"<!-- This site is optimized with the Yoast SEO plugin v27.0 - https:\/\/yoast.com\/product\/yoast-seo-wordpress\/ -->\n<title>Apartments<\/title>\n<meta name=\"description\" content=\"The cozy apartments at Steinzgerhof in Antholz offer a perfect retreat in the South Tyrolean mountains. Pure nature and comfort.\" \/>\n<meta name=\"robots\" content=\"index, follow, max-snippet:-1, max-image-preview:large, max-video-preview:-1\" \/>\n<link rel=\"canonical\" href=\"http:\/\/Holiday%20Apartments%20at%20Steinzgerhof%20All%20holiday%20apartments%20at%20Steinzgerhof%20are%20lovingly%20furnished%20and%20fully%20equipped,%20so%20you%20can%20feel%20at%20home%20from%20the%20very%20first%20moment.%20Each%20apartment%20has%20its%20own%20kitchen%20with%20everything%20you%20need%20for%20your%20stay%20\u2013%20ideal%20for%20an%20independent%20and%20relaxed%20farm%20holiday%20in%20South%20Tyrol.%20The%20apartments%20are%20accessible&hellip;\" \/>\n<meta property=\"og:locale\" content=\"en_US\" \/>\n<meta property=\"og:type\" content=\"article\" \/>\n<meta property=\"og:title\" content=\"Apartments\" \/>\n<meta property=\"og:description\" content=\"The cozy apartments at Steinzgerhof in Antholz offer a perfect retreat in the South Tyrolean mountains. Pure nature and comfort.\" \/>\n<meta property=\"og:url\" content=\"https:\/\/steinzgerhof.com\/en\/apartments-antholz-obertal-steinzgerhof\/\" \/>\n<meta property=\"og:site_name\" content=\"Steinzgerhof\" \/>\n<meta property=\"article:modified_time\" content=\"2026-02-26T15:14:55+00:00\" \/>\n<meta name=\"twitter:card\" content=\"summary_large_image\" \/>\n<meta name=\"twitter:label1\" content=\"Est. reading time\" \/>\n\t<meta name=\"twitter:data1\" content=\"1 minute\" \/>\n<script type=\"application\/ld+json\" class=\"yoast-schema-graph\">{\"@context\":\"https:\/\/schema.org\",\"@graph\":[{\"@type\":\"WebPage\",\"@id\":\"https:\/\/steinzgerhof.com\/en\/apartments-antholz-obertal-steinzgerhof\/\",\"url\":\"https:\/\/steinzgerhof.com\/en\/apartments-antholz-obertal-steinzgerhof\/\",\"name\":\"Ferienwohnungen - Steinzgerhof\",\"isPartOf\":{\"@id\":\"https:\/\/steinzgerhof.com\/#website\"},\"datePublished\":\"2026-02-21T10:19:20+00:00\",\"dateModified\":\"2026-02-26T15:14:55+00:00\",\"description\":\"Die gem\u00fctlichen Ferienwohnungen am Steinzgerhof in Antholz bieten Platz f\u00fcr Erholung in den S\u00fcdtiroler Bergen. Natur und Gem\u00fctlichkeit pur.\",\"breadcrumb\":{\"@id\":\"https:\/\/steinzgerhof.com\/en\/apartments-antholz-obertal-steinzgerhof\/#breadcrumb\"},\"inLanguage\":\"en-US\",\"potentialAction\":[{\"@type\":\"ReadAction\",\"target\":[\"https:\/\/steinzgerhof.com\/en\/apartments-antholz-obertal-steinzgerhof\/\"]}]},{\"@type\":\"BreadcrumbList\",\"@id\":\"https:\/\/steinzgerhof.com\/en\/apartments-antholz-obertal-steinzgerhof\/#breadcrumb\",\"itemListElement\":[{\"@type\":\"ListItem\",\"position\":1,\"name\":\"Welcome\",\"item\":\"https:\/\/steinzgerhof.com\/\"},{\"@type\":\"ListItem\",\"position\":2,\"name\":\"Apartments\"}]},{\"@type\":\"WebSite\",\"@id\":\"https:\/\/steinzgerhof.com\/en\/#website\",\"url\":\"https:\/\/steinzgerhof.com\/en\/\",\"name\":\"Steinzgerhof\",\"description\":\"\",\"publisher\":{\"@id\":\"https:\/\/steinzgerhof.com\/en\/#organization\"},\"potentialAction\":[{\"@type\":\"SearchAction\",\"target\":{\"@type\":\"EntryPoint\",\"urlTemplate\":\"https:\/\/steinzgerhof.com\/en\/?s={search_term_string}\"},\"query-input\":{\"@type\":\"PropertyValueSpecification\",\"valueRequired\":true,\"valueName\":\"search_term_string\"}}],\"inLanguage\":\"en-US\"},{\"@type\":\"Organization\",\"@id\":\"https:\/\/steinzgerhof.com\/en\/#organization\",\"name\":\"Steinzgerhof\",\"url\":\"https:\/\/steinzgerhof.com\/en\/\",\"logo\":{\"@type\":\"ImageObject\",\"inLanguage\":\"en-US\",\"@id\":\"https:\/\/steinzgerhof.com\/en\/#\/schema\/logo\/image\/\",\"url\":\"https:\/\/steinzgerhof.com\/wp-content\/uploads\/2026\/02\/steinzgerhof_logo.png\",\"contentUrl\":\"https:\/\/steinzgerhof.com\/wp-content\/uploads\/2026\/02\/steinzgerhof_logo.png\",\"width\":350,\"height\":69,\"caption\":\"Steinzgerhof\"},\"image\":{\"@id\":\"https:\/\/steinzgerhof.com\/en\/#\/schema\/logo\/image\/\"}}]}<\/script>\n<!-- \/ Yoast SEO plugin. -->","yoast_head_json":{"title":"Apartments","description":"The cozy apartments at Steinzgerhof in Antholz offer a perfect retreat in the South Tyrolean mountains. Pure nature and comfort.","robots":{"index":"index","follow":"follow","max-snippet":"max-snippet:-1","max-image-preview":"max-image-preview:large","max-video-preview":"max-video-preview:-1"},"canonical":"Holiday Apartments at Steinzgerhof All holiday apartments at Steinzgerhof are lovingly furnished and fully equipped, so you can feel at home from the very first moment. Each apartment has its own kitchen with everything you need for your stay \u2013 ideal for an independent and relaxed farm holiday in South Tyrol. The apartments are accessible&hellip;","og_locale":"en_US","og_type":"article","og_title":"Apartments","og_description":"The cozy apartments at Steinzgerhof in Antholz offer a perfect retreat in the South Tyrolean mountains. Pure nature and comfort.","og_url":"https:\/\/steinzgerhof.com\/en\/apartments-antholz-obertal-steinzgerhof\/","og_site_name":"Steinzgerhof","article_modified_time":"2026-02-26T15:14:55+00:00","twitter_card":"summary_large_image","twitter_misc":{"Est. reading time":"1 minute"},"schema":{"@context":"https:\/\/schema.org","@graph":[{"@type":"WebPage","@id":"https:\/\/steinzgerhof.com\/en\/apartments-antholz-obertal-steinzgerhof\/","url":"https:\/\/steinzgerhof.com\/en\/apartments-antholz-obertal-steinzgerhof\/","name":"Ferienwohnungen - Steinzgerhof","isPartOf":{"@id":"https:\/\/steinzgerhof.com\/#website"},"datePublished":"2026-02-21T10:19:20+00:00","dateModified":"2026-02-26T15:14:55+00:00","description":"Die gem\u00fctlichen Ferienwohnungen am Steinzgerhof in Antholz bieten Platz f\u00fcr Erholung in den S\u00fcdtiroler Bergen. Natur und Gem\u00fctlichkeit pur.","breadcrumb":{"@id":"https:\/\/steinzgerhof.com\/en\/apartments-antholz-obertal-steinzgerhof\/#breadcrumb"},"inLanguage":"en-US","potentialAction":[{"@type":"ReadAction","target":["https:\/\/steinzgerhof.com\/en\/apartments-antholz-obertal-steinzgerhof\/"]}]},{"@type":"BreadcrumbList","@id":"https:\/\/steinzgerhof.com\/en\/apartments-antholz-obertal-steinzgerhof\/#breadcrumb","itemListElement":[{"@type":"ListItem","position":1,"name":"Welcome","item":"https:\/\/steinzgerhof.com\/"},{"@type":"ListItem","position":2,"name":"Apartments"}]},{"@type":"WebSite","@id":"https:\/\/steinzgerhof.com\/en\/#website","url":"https:\/\/steinzgerhof.com\/en\/","name":"Steinzgerhof","description":"","publisher":{"@id":"https:\/\/steinzgerhof.com\/en\/#organization"},"potentialAction":[{"@type":"SearchAction","target":{"@type":"EntryPoint","urlTemplate":"https:\/\/steinzgerhof.com\/en\/?s={search_term_string}"},"query-input":{"@type":"PropertyValueSpecification","valueRequired":true,"valueName":"search_term_string"}}],"inLanguage":"en-US"},{"@type":"Organization","@id":"https:\/\/steinzgerhof.com\/en\/#organization","name":"Steinzgerhof","url":"https:\/\/steinzgerhof.com\/en\/","logo":{"@type":"ImageObject","inLanguage":"en-US","@id":"https:\/\/steinzgerhof.com\/en\/#\/schema\/logo\/image\/","url":"https:\/\/steinzgerhof.com\/wp-content\/uploads\/2026\/02\/steinzgerhof_logo.png","contentUrl":"https:\/\/steinzgerhof.com\/wp-content\/uploads\/2026\/02\/steinzgerhof_logo.png","width":350,"height":69,"caption":"Steinzgerhof"},"image":{"@id":"https:\/\/steinzgerhof.com\/en\/#\/schema\/logo\/image\/"}}]}},"_links":{"self":[{"href":"https:\/\/steinzgerhof.com\/en\/wp-json\/wp\/v2\/pages\/11","targetHints":{"allow":["GET"]}}],"collection":[{"href":"https:\/\/steinzgerhof.com\/en\/wp-json\/wp\/v2\/pages"}],"about":[{"href":"https:\/\/steinzgerhof.com\/en\/wp-json\/wp\/v2\/types\/page"}],"author":[{"embeddable":true,"href":"https:\/\/steinzgerhof.com\/en\/wp-json\/wp\/v2\/users\/1"}],"replies":[{"embeddable":true,"href":"https:\/\/steinzgerhof.com\/en\/wp-json\/wp\/v2\/comments?post=11"}],"version-history":[{"count":14,"href":"https:\/\/steinzgerhof.com\/en\/wp-json\/wp\/v2\/pages\/11\/revisions"}],"predecessor-version":[{"id":268,"href":"https:\/\/steinzgerhof.com\/en\/wp-json\/wp\/v2\/pages\/11\/revisions\/268"}],"wp:attachment":[{"href":"https:\/\/steinzgerhof.com\/en\/wp-json\/wp\/v2\/media?parent=11"}],"curies":[{"name":"wp","href":"https:\/\/api.w.org\/{rel}","templated":true}]}}